{"id":5277,"date":"2026-05-08T14:35:15","date_gmt":"2026-05-08T12:35:15","guid":{"rendered":"https:\/\/shop.kappavu.it\/KV\/?post_type=product&#038;p=5277"},"modified":"2026-05-08T16:19:26","modified_gmt":"2026-05-08T14:19:26","slug":"il-mio-nome-e-checo","status":"publish","type":"product","link":"https:\/\/shop.kappavu.it\/KV\/prodotto\/il-mio-nome-e-checo\/","title":{"rendered":"IL MIO NOME \u00c8 CHECO"},"content":{"rendered":"<h4><\/h4>\n<h4>Attraverso la storia personale di Giancarlo Franceschinis (1925-2019), dall\u2019adolescenza udinese, a San Daniele, alla Carnia, al campo di concentramento di Rimini, e poi a Milano, si dipana la storia della Resistenza friulana, e poi quella del dopoguerra in Friuli e in Italia, un dopoguerra difficile proprio per i partigiani garibaldini, che pi\u00f9 avevano lottato e sofferto per la liberazione dal nazifascismo.<br \/>\nI ricordi di Franceschinis ci rendono un racconto di formazione all\u2019antifascismo di un ragazzo nella Udine del ventennio fascista, la fame di libri e di conoscenza, l\u2019insegnamento accorto e nascosto di professori che attraverso la poesia e la letteratura portavano ai giovani studenti valori non allineati con il regime, la frequentazione di ambienti di un\u2019opposizione sotterranea spontanea ma vivace fatta di serate a discutere e a leggere con persone pi\u00f9 grandi, professori, artisti, operai, e la decisione, dopo l\u20198 settembre del \u201943, di aderire alla Resistenza, prima in citt\u00e0 e poi in montagna.<br \/>\nCheco ricorda le difficolt\u00e0 per un ragazzo cittadino di una vita tra i monti, le notti all\u2019aperto, il cibo scarso, i primi contatti con le armi, la paura delle spie e il coraggio delle scelte, i lunghi tragitti a piedi per sfuggire ai rastrellamenti, in quella Carnia che vide, nell\u2019estate del \u201944, la nascita della Repubblica partigiana. E descrive i suoi compagni pi\u00f9 grandi e quelli giovani come lui. E poi i giorni della liberazione e l\u2019entusiasmo per la vittoria sul fascismo e la cacciata dei tedeschi. E le prime difficolt\u00e0, il risveglio dal sogno, gli Alleati e la realt\u00e0 del nuovo potere dei partigiani \u201cbianchi\u201d, embrione della futura Gladio che arresta e processa i garibaldini. Lui \u00e8 uno di questi, e finisce in un campo di prigionia a Rimini. \u00c8 la parte pi\u00f9 drammatica del racconto, che ci introduce nella sofferenza e nelle delusioni di chi aveva immaginato un futuro di pace e giustizia, ma che di questa generazione ci racconta la capacit\u00e0 di resistenza e di resilienza. Neologismo semantico, questo, forse abusato negli ultimi anni, ma pi\u00f9 che mai adatto, in questo caso, a descrivere la forza morale che gli ideali comunisti diedero ai partigiani perseguitati per affrontare la persecuzione e ricostruirsi una vita, continuando a credere in quei valori.<\/h4>\n<p>&nbsp;<\/p>\n","protected":false},"excerpt":{"rendered":"<h4><em><span style=\"color: #800000;\">MEMORIE GARIBALDINE DI UN PARTIGIANO FRIULANO 1943-1954<\/span><\/em><\/h4>\n<h4>di <span style=\"color: #ff0000;\"><strong>GIANCARLO FRANCESCHINIS<\/strong><\/span><\/h4>\n<p><span style=\"color: #ff0000;\">In pre-ordine fino al 25 maggio! Pre-acquista la tua copia ora e riceverai il libro in anteprima!<\/span><\/p>\n<div class=\"\">\n<p><strong>Una storia, quella di Checo, istruttiva per tutti noi, per comprendere la Resistenza nella sua complessit\u00e0 <\/strong><strong>umana e politica, e valutarne proprio per questo la grandezza, e per capire l&#8217;Italia del dopoguerra.<\/strong><br \/>\n<strong>Giovane studente friulano antifascista, poi partigiano in Carnia, l\u2019autobiografia di Giancarlo Franceschinis <\/strong><strong>ci restituisce il ricordo di una lotta di liberazione con tutti i suoi ideali e speranze, con tutte le sue difficolt\u00e0 <\/strong><strong>e i suoi problemi, e ci consegna la memoria di eroici partigiani e di una partecipazione di popolo che <\/strong><strong>vide nella Repubblica libera della Carnia uno dei momenti pi\u00f9 alti della Resistenza. Ma ci racconta anche <\/strong><strong>i particolari della persecuzione subita da lui e da tanti suoi compagni, nel dopoguerra, dagli alleati <\/strong><strong>anglo-americani, da formazioni pre-Gladio che imperversarono in Friuli e da una Repubblica antifascista <\/strong><strong>nella Costituzione ma non epurata nell\u2019apparato statale e poliziesco, in un contesto da guerra fredda in <\/strong><strong>cui i comunisti dovevano di nuovo essere imprigionati ed emarginati. \u00c8 l\u2019odissea di un partigiano che non <\/strong><strong>si \u00e8 lasciato vincere e che \u00e8 rimasto fedele ai suoi ideali per tutta la vita.<\/strong><\/p>\n<p>&nbsp;<\/p>\n<\/div>\n","protected":false},"featured_media":5290,"comment_status":"open","ping_status":"closed","template":"","meta":[],"product_brand":[],"product_cat":[23,2968,19],"product_tag":[227,2967,280,1737,281,1245,1305,606,437,608,282,2717,609,286,331,610,288,446,447,611,612,449,2716,2715],"class_list":{"0":"post-5277","1":"product","2":"type-product","3":"status-publish","4":"has-post-thumbnail","6":"product_cat-biografie","7":"product_cat-giancarlo-franceschinis","8":"product_cat-storia","9":"product_tag-fascismo","10":"product_tag-giancarlo-franceschinis","11":"product_tag-guerra-antifascista-in-europa","12":"product_tag-liberazione","13":"product_tag-lotta-antifascista","14":"product_tag-lotta-di-liberazione","15":"product_tag-lotta-di-liberazione-in-friuli","16":"product_tag-lotta-partigiana","17":"product_tag-nazismo","18":"product_tag-partigiani-carnici","19":"product_tag-partigiani-friulani","20":"product_tag-partigiani-russi","21":"product_tag-partigiano-carnico","22":"product_tag-resistenza-friulana","23":"product_tag-resistenza-in-carnia","24":"product_tag-resistenza-in-friuli","25":"product_tag-seconda-guerra-mondiale","26":"product_tag-seconda-guerra-mondiale-in-friuli","27":"product_tag-seconda-guerra-mondiale-in-italia","28":"product_tag-storia-della-resistenza","29":"product_tag-storia-della-resistenza-in-friuli","30":"product_tag-terzo-reich","31":"product_tag-val-darzino","32":"product_tag-valle-del-lago","34":"first","35":"instock","36":"shipping-taxable","37":"purchasable","38":"product-type-simple","39":"customify-col","40":"product-has-gallery"},"_links":{"self":[{"href":"https:\/\/shop.kappavu.it\/KV\/wp-json\/wp\/v2\/product\/5277","targetHints":{"allow":["GET"]}}],"collection":[{"href":"https:\/\/shop.kappavu.it\/KV\/wp-json\/wp\/v2\/product"}],"about":[{"href":"https:\/\/shop.kappavu.it\/KV\/wp-json\/wp\/v2\/types\/product"}],"replies":[{"embeddable":true,"href":"https:\/\/shop.kappavu.it\/KV\/wp-json\/wp\/v2\/comments?post=5277"}],"wp:featuredmedia":[{"embeddable":true,"href":"https:\/\/shop.kappavu.it\/KV\/wp-json\/wp\/v2\/media\/5290"}],"wp:attachment":[{"href":"https:\/\/shop.kappavu.it\/KV\/wp-json\/wp\/v2\/media?parent=5277"}],"wp:term":[{"taxonomy":"product_brand","embeddable":true,"href":"https:\/\/shop.kappavu.it\/KV\/wp-json\/wp\/v2\/product_brand?post=5277"},{"taxonomy":"product_cat","embeddable":true,"href":"https:\/\/shop.kappavu.it\/KV\/wp-json\/wp\/v2\/product_cat?post=5277"},{"taxonomy":"product_tag","embeddable":true,"href":"https:\/\/shop.kappavu.it\/KV\/wp-json\/wp\/v2\/product_tag?post=5277"}],"curies":[{"name":"wp","href":"https:\/\/api.w.org\/{rel}","templated":true}]}}