{"id":4560,"date":"2025-05-26T16:24:06","date_gmt":"2025-05-26T14:24:06","guid":{"rendered":"https:\/\/shop.kappavu.it\/KV\/?post_type=product&#038;p=4560"},"modified":"2025-10-06T19:35:33","modified_gmt":"2025-10-06T17:35:33","slug":"sguardi","status":"publish","type":"product","link":"https:\/\/shop.kappavu.it\/KV\/prodotto\/sguardi\/","title":{"rendered":"SGUARDI"},"content":{"rendered":"<h4><\/h4>\n<h4>Che cosa attiveranno dentro il lettore questi camei del quotidiano sgualcito, uniti ai tratti delicati e stilizzati delle immagini che li accompagnano? Memorie, riflessioni, desideri, perfino propositi&#8230; Il multiforme potere di attivazione della parola va in scena pagina dopo pagina, racconto dopo racconto, e provoca ciascuno a scendere pi\u00f9 in profondit\u00e0, a mettere in questione il proprio sguardo sul mondo. E, forse, a elaborare una filosofia della storia pi\u00f9 sensibile al bello, pi\u00f9 ospitale per il fragile, pi\u00f9 riconoscente per il bene.<br \/>\n<em>Giovanni Grandi<\/em><\/h4>\n<p>&nbsp;<\/p>\n","protected":false},"excerpt":{"rendered":"<h4><span style=\"color: #800000;\"><em>STORIE BREVI SCRITTE SULLA PELLE<\/em><\/span><\/h4>\n<h4>di <strong><a href=\"http:\/\/shop.kappavu.it\/KV\/autori-al\/#carmen-gasparotto\">CARMEN GASPAROTTO<\/a><\/strong><\/h4>\n<p><strong>\u201cNei miei Sguardi non c&#8217;\u00e8 quasi nulla di inventato. Tutto \u00e8 colto d&#8217;improvviso nella rivelazione che la realt\u00e0 mette di colpo davanti agli occhi. Lampi di immagini, eventi colti in modo inatteso, attimi in cui l\u2019esistenza rivela il suo volto \u2013 tragico, comico, struggente, incantevole, cinico, candido. Molte delle storie raccolte in questo libro sono pezzetti di mondo dai quali mi sono sentita chiamata. Scintille che ho visto passare, sguardi che illuminano il prisma dell\u2019esistenza. [&#8230;] Le riunisco qui con gratitudine, la stessa che<\/strong><br \/>\n<strong>devo ai protagonisti di ogni storia.\u201d<\/strong><\/p>\n<h4><span style=\"color: #800080;\">ILLUSTRAZIONI<\/span> di <strong><a href=\"http:\/\/shop.kappavu.it\/KV\/autori-al\/#lisa-palleva\">LISA PALLEVA<\/a><\/strong><\/h4>\n<p>&nbsp;<\/p>\n","protected":false},"featured_media":4561,"comment_status":"open","ping_status":"closed","template":"","meta":[],"product_brand":[],"product_cat":[105,2882,18],"product_tag":[535,456,2884,536,459,260,2886,2885],"class_list":{"0":"post-4560","1":"product","2":"type-product","3":"status-publish","4":"has-post-thumbnail","6":"product_cat-carmen-gasparotto","7":"product_cat-lisa-palleva","8":"product_cat-narrativa","9":"product_tag-autrice-friulana","10":"product_tag-carmen-gasparotto","11":"product_tag-lisa-palleva","12":"product_tag-narrativa-di-autori-friulani","13":"product_tag-narrativa-friulana","14":"product_tag-racconti-brevi","15":"product_tag-tatuaggi","16":"product_tag-tatuatrice","18":"first","19":"instock","20":"shipping-taxable","21":"purchasable","22":"product-type-simple","23":"customify-col","24":"product-has-gallery"},"_links":{"self":[{"href":"https:\/\/shop.kappavu.it\/KV\/wp-json\/wp\/v2\/product\/4560","targetHints":{"allow":["GET"]}}],"collection":[{"href":"https:\/\/shop.kappavu.it\/KV\/wp-json\/wp\/v2\/product"}],"about":[{"href":"https:\/\/shop.kappavu.it\/KV\/wp-json\/wp\/v2\/types\/product"}],"replies":[{"embeddable":true,"href":"https:\/\/shop.kappavu.it\/KV\/wp-json\/wp\/v2\/comments?post=4560"}],"wp:featuredmedia":[{"embeddable":true,"href":"https:\/\/shop.kappavu.it\/KV\/wp-json\/wp\/v2\/media\/4561"}],"wp:attachment":[{"href":"https:\/\/shop.kappavu.it\/KV\/wp-json\/wp\/v2\/media?parent=4560"}],"wp:term":[{"taxonomy":"product_brand","embeddable":true,"href":"https:\/\/shop.kappavu.it\/KV\/wp-json\/wp\/v2\/product_brand?post=4560"},{"taxonomy":"product_cat","embeddable":true,"href":"https:\/\/shop.kappavu.it\/KV\/wp-json\/wp\/v2\/product_cat?post=4560"},{"taxonomy":"product_tag","embeddable":true,"href":"https:\/\/shop.kappavu.it\/KV\/wp-json\/wp\/v2\/product_tag?post=4560"}],"curies":[{"name":"wp","href":"https:\/\/api.w.org\/{rel}","templated":true}]}}