{"id":4305,"date":"2024-12-10T16:43:59","date_gmt":"2024-12-10T15:43:59","guid":{"rendered":"https:\/\/shop.kappavu.it\/KV\/?post_type=product&#038;p=4305"},"modified":"2025-04-24T15:24:02","modified_gmt":"2025-04-24T13:24:02","slug":"crossroads-hotel","status":"publish","type":"product","link":"https:\/\/shop.kappavu.it\/KV\/prodotto\/crossroads-hotel\/","title":{"rendered":"CROSSROADS HOTEL"},"content":{"rendered":"<h4><\/h4>\n<h4>La citt\u00e0 di Darsenna \u00e8 cambiata. Se ne rende conto padre Rafael, parroco dalla moralit\u00e0 ambigua, lo comprende Giulio, poliziotto dalla carriera in caduta libera, e il suo mentore in pensione, Giovanni, ancora ossessionato da un vecchio caso irrisolto. Lo intuisce anche Michele, giovane barista al suo ultimo giorno di lavoro. Attorno al faro della citt\u00e0, tra abuso di Nomadex e senzatetto privi di memoria, si intersecano eventi che i protagonisti scopriranno essere ben al di sopra del loro controllo. E chi sono Wanda, Vera, Luca, Ernesto? Chi Sirio? Chi Massimo Cerato? E cos\u2019\u00e8 Aracne?<br \/>\nUn thriller fantascientifico dove ogni evento allude ad altro, dove ogni risposta apre le porte a una nuova domanda. Cos\u2019\u00e8 davvero il Crossroads Hotel?<\/h4>\n<h4>\u201c<em>&#8230; Ma siamo sicuri che tutto non sia collegato? Che siano state le nostre scelte, quelle della mia generazione, le vere radici del male odierno? O che in realt\u00e0 ci fosse gi\u00e0 qualcuno che lavorava a un piano affinch\u00e9 avvenisse tutto, magari dal secolo ancora precedente? Se tutto fosse partito da molto pi\u00f9 lontano? Di chi \u00e8, davvero, la responsabilit\u00e0?<\/em>\u201d &#8211; Arturo Malignani rivolto a Ettore Majorana.<\/h4>\n<h4><\/h4>\n","protected":false},"excerpt":{"rendered":"<p>&nbsp;<\/p>\n<h4>di <strong><a href=\"http:\/\/shop.kappavu.it\/KV\/autori-al\/#davide-borgobello\">DAVIDE BORGOBELLO<\/a><\/strong><\/h4>\n<p><strong>Perch\u00e9 sono ancora qui? Qui dove? Ancora, ma da quando? Quelle che sembrano domande banali o assurde, diventano il fulcro di un thriller sci-fi avvincente e a tratti sconvolgente, che si dipana in un turbine di eventi e personaggi, tra la scomparsa del grande fisico Ettore Majorana, i suoi enigmatici piani concepiti insieme all\u2019inventore Arturo Malignani, uno scrittore e influencer nell\u2019ambito del paranormale, l\u2019indecifrabile parroco di Chiusaforte. E la misteriosa citt\u00e0 di Darsenna, le sue origini e connessioni con il resto del mondo. Tutto si collega addentrandosi nelle pieghe della storia, dove il tempo sembra perdere di significato e incastrarsi in un grande puzzle dai contorni sorprendenti. Nel Crossroads Hotel il tempo non basta mai.<\/strong><\/p>\n<h4><a href=\"https:\/\/store.streetlib.com\/biografie\/crossroads-hotel-860664\/\"><strong>DISPONIBILE ANCHE IN <span style=\"color: #008080;\">E-BOOK<\/span> a questo LINK!<\/strong><\/a><\/h4>\n<p>&nbsp;<\/p>\n","protected":false},"featured_media":4306,"comment_status":"open","ping_status":"closed","template":"","meta":[],"product_brand":[],"product_cat":[2761,18],"product_tag":[2863,551,2757,2864,2752,2755,2862,2865,2866,2867,2760,2758,657],"class_list":{"0":"post-4305","1":"product","2":"type-product","3":"status-publish","4":"has-post-thumbnail","6":"product_cat-davide-borgobello","7":"product_cat-narrativa","8":"product_tag-arturo-malignani","9":"product_tag-autore-friulano","10":"product_tag-crime","11":"product_tag-darsenna","12":"product_tag-davide-borgobello","13":"product_tag-distopia","14":"product_tag-ettore-majorana","15":"product_tag-futuro","16":"product_tag-futuro-distopico","17":"product_tag-massimo-cerato","18":"product_tag-mistery","19":"product_tag-noir","20":"product_tag-romanzo-poliziesco","22":"first","23":"instock","24":"shipping-taxable","25":"purchasable","26":"product-type-simple","27":"customify-col"},"_links":{"self":[{"href":"https:\/\/shop.kappavu.it\/KV\/wp-json\/wp\/v2\/product\/4305","targetHints":{"allow":["GET"]}}],"collection":[{"href":"https:\/\/shop.kappavu.it\/KV\/wp-json\/wp\/v2\/product"}],"about":[{"href":"https:\/\/shop.kappavu.it\/KV\/wp-json\/wp\/v2\/types\/product"}],"replies":[{"embeddable":true,"href":"https:\/\/shop.kappavu.it\/KV\/wp-json\/wp\/v2\/comments?post=4305"}],"wp:featuredmedia":[{"embeddable":true,"href":"https:\/\/shop.kappavu.it\/KV\/wp-json\/wp\/v2\/media\/4306"}],"wp:attachment":[{"href":"https:\/\/shop.kappavu.it\/KV\/wp-json\/wp\/v2\/media?parent=4305"}],"wp:term":[{"taxonomy":"product_brand","embeddable":true,"href":"https:\/\/shop.kappavu.it\/KV\/wp-json\/wp\/v2\/product_brand?post=4305"},{"taxonomy":"product_cat","embeddable":true,"href":"https:\/\/shop.kappavu.it\/KV\/wp-json\/wp\/v2\/product_cat?post=4305"},{"taxonomy":"product_tag","embeddable":true,"href":"https:\/\/shop.kappavu.it\/KV\/wp-json\/wp\/v2\/product_tag?post=4305"}],"curies":[{"name":"wp","href":"https:\/\/api.w.org\/{rel}","templated":true}]}}