{"id":4292,"date":"2024-11-28T16:21:08","date_gmt":"2024-11-28T15:21:08","guid":{"rendered":"https:\/\/shop.kappavu.it\/KV\/?post_type=product&#038;p=4292"},"modified":"2025-02-04T09:26:22","modified_gmt":"2025-02-04T08:26:22","slug":"femminista-a-chi","status":"publish","type":"product","link":"https:\/\/shop.kappavu.it\/KV\/prodotto\/femminista-a-chi\/","title":{"rendered":"FEMMINISTA A CHI"},"content":{"rendered":"<h4><\/h4>\n<h4>Nel 2007, in previsione dell\u2019anniversario del \u201968, pubblicammo, sempre a cura di Marina Giovannelli, Niente come prima. Il passaggio del \u201968 tra storia e memoria, con interventi di venti donne che avevano partecipato alle lotte femministe degli anni Sessanta e Settanta.<br \/>\nA distanza di 17 anni questo nuovo libro, Femminista a chi, indica gi\u00e0 attraverso il titolo \u2013 a met\u00e0 tra domanda ironica e orgogliosa affermazione \u2013, l\u2019intenzione di offrire spunti per una riflessione tra il femminismo \u201cstorico\u201d e la situazione del pensiero e delle pratiche attuali di un femminismo che ora si declina al plurale.<br \/>\nFemminismi: perch\u00e9 i cambiamenti politici ed economici in atto \u2013 enormi nella loro valenza macro e micro economica, politica e culturale \u2013, hanno moltiplicato e approfondito le differenze di pensiero, di ispirazione, di condizione sociale e culturale. Le ventuno autrici di questo libro rappresentano dei \u201cframmenti\u201d della collettiva esperienza delle donne. Ma tant* altr* potrebbero scrivere la loro storia estendendo lo spettro delle tematiche e degli approcci.<\/h4>\n<p>&nbsp;<\/p>\n","protected":false},"excerpt":{"rendered":"<h4><span style=\"color: #800000;\"><em>PERCORSI PRATICHE LINGUAGGI VISIONI<\/em><\/span><\/h4>\n<p>&nbsp;<\/p>\n<h4>a cura di <strong><a class=\"url fn n\" href=\"https:\/\/shop.kappavu.it\/KV\/autori-mz\/#marina-giovannelli\">MARINA GIOVANNELLI<\/a><\/strong><\/h4>\n<p><strong>Le lotte femministe degli anni 70, vissute attraverso percorsi e pratiche collettive, hanno compiuto una rivoluzione nella vita familiare, lavorativa, sessuale delle donne. Ma quanto delle parole \u201cguida\u201d di quegli anni: parit\u00e0, autocoscienza, autodeterminazione, liberazione, ordine simbolico della madre, viene ritenuto ancora attuale? Perch\u00e9 oggi il femminismo si declina al plurale, e come rapportarsi alle nuove soggettivit\u00e0 che avanzano le loro istanze? In che modo interpretare le radici profonde della violenza di genere, e come affrontarla? Di fronte ai cambiamenti epocali che stiamo vivendo, e tragicamente impotenti per guerre che frantumano il tradizionale pacifismo delle donne, quali posizioni assumere?<\/strong><br \/>\n<strong>Questi i grandi temi affrontati dalle 21 autrici di questo libro, di et\u00e0 ed esperienze di vita differenti, a formare un quadro che affronta i nodi storici e attuali della condizione delle donne.<\/strong><\/p>\n<p><strong>Le autrici:<\/strong><br \/>\n<span style=\"color: #3366ff;\"><strong>Francesca Agostinelli, Barbara Bruno, Annalisa Comuzzi, Sara Comuzzo, Carlotta Del Bianco, Luisa Delle Vedove, Martina Delpiccolo, Anna Di Gianantonio, Daniela Dose, Arianna Facchini, Valeria Fil\u00ec, Carmen Gasparotto, Marina Giovannelli, Anna Manfredi, Gabriella Musetti, Roberta Nunin, Anna Paola Peratoner, Lucia Pinat, Giulia Rinaldi, Sara Rosso, Barbara Vuano.<\/strong><\/span><\/p>\n<p>&nbsp;<\/p>\n","protected":false},"featured_media":4293,"comment_status":"open","ping_status":"closed","template":"","meta":[],"product_brand":[],"product_cat":[77,190,105,1024,174,48,180,30],"product_tag":[529,271,2851,2854,2844,2849,2843,640,2846,456,2848,2137,2839,397,2841,2842,2852,2855,2812,2847,394,1249,2853,2845,2856,2840,760,1657,761,2850],"class_list":{"0":"post-4292","1":"product","2":"type-product","3":"status-publish","4":"has-post-thumbnail","6":"product_cat-aa-vv","7":"product_cat-anna-di-gianantonio","8":"product_cat-carmen-gasparotto","9":"product_cat-lavoro-e-societa","10":"product_cat-lussia-di-uanis","11":"product_cat-marina-giovannelli","12":"product_cat-martina-delpiccolo","13":"product_cat-saggistica","14":"product_tag-alessandra-kersevan","15":"product_tag-anna-di-gianantonio","16":"product_tag-anna-manfredi","17":"product_tag-anna-paola-peratoner","18":"product_tag-annalisa-comuzzi","19":"product_tag-arianna-facchini","20":"product_tag-barbara-bruno","21":"product_tag-barbara-vuano","22":"product_tag-carlotta-del-bianco","23":"product_tag-carmen-gasparotto","24":"product_tag-daniela-dose","25":"product_tag-differenza-di-genere","26":"product_tag-femminismi","27":"product_tag-femminismo","28":"product_tag-femminismo-in-friuli","29":"product_tag-francesca-agostinelli","30":"product_tag-gabriella-musetti","31":"product_tag-giulia-rinaldi","32":"product_tag-lucia-pinat","33":"product_tag-luisa-delle-vedove","34":"product_tag-marina-giovannelli","35":"product_tag-martina-delpiccolo","36":"product_tag-roberta-nunin","37":"product_tag-sara-comuzzo","38":"product_tag-sara-rosso","39":"product_tag-storia-del-femminismo","40":"product_tag-storia-del-friuli","41":"product_tag-storia-del-novecento","42":"product_tag-storia-di-udine","43":"product_tag-valeria-fili","45":"first","46":"instock","47":"shipping-taxable","48":"purchasable","49":"product-type-simple","50":"customify-col"},"_links":{"self":[{"href":"https:\/\/shop.kappavu.it\/KV\/wp-json\/wp\/v2\/product\/4292","targetHints":{"allow":["GET"]}}],"collection":[{"href":"https:\/\/shop.kappavu.it\/KV\/wp-json\/wp\/v2\/product"}],"about":[{"href":"https:\/\/shop.kappavu.it\/KV\/wp-json\/wp\/v2\/types\/product"}],"replies":[{"embeddable":true,"href":"https:\/\/shop.kappavu.it\/KV\/wp-json\/wp\/v2\/comments?post=4292"}],"wp:featuredmedia":[{"embeddable":true,"href":"https:\/\/shop.kappavu.it\/KV\/wp-json\/wp\/v2\/media\/4293"}],"wp:attachment":[{"href":"https:\/\/shop.kappavu.it\/KV\/wp-json\/wp\/v2\/media?parent=4292"}],"wp:term":[{"taxonomy":"product_brand","embeddable":true,"href":"https:\/\/shop.kappavu.it\/KV\/wp-json\/wp\/v2\/product_brand?post=4292"},{"taxonomy":"product_cat","embeddable":true,"href":"https:\/\/shop.kappavu.it\/KV\/wp-json\/wp\/v2\/product_cat?post=4292"},{"taxonomy":"product_tag","embeddable":true,"href":"https:\/\/shop.kappavu.it\/KV\/wp-json\/wp\/v2\/product_tag?post=4292"}],"curies":[{"name":"wp","href":"https:\/\/api.w.org\/{rel}","templated":true}]}}