{"id":4129,"date":"2024-06-23T12:41:14","date_gmt":"2024-06-23T10:41:14","guid":{"rendered":"https:\/\/shop.kappavu.it\/KV\/?post_type=product&#038;p=4129"},"modified":"2024-06-23T13:02:16","modified_gmt":"2024-06-23T11:02:16","slug":"di-tiara-e-aga","status":"publish","type":"product","link":"https:\/\/shop.kappavu.it\/KV\/prodotto\/di-tiara-e-aga\/","title":{"rendered":"DI TIARA E AGA \/ Di terra e acqua"},"content":{"rendered":"<h4><\/h4>\n<h4>Le acque di cui parla sono quelle del Friuli, dal Tagliamento all\u2019Isonzo, dall\u2019Aussa al Cormor, e soprattutto quelle della Laguna, che Lussia percorre in solitaria con il suo kayak, immergendosi nel liquido e nel cielo con il corpo e con la mente. Figlia della Bassa e artista a tutto campo, l\u2019autrice si dedica anche alle arti visive, alla pittura, alla fotografia, ai video. Sue sono l\u2019immagine di copertina e le foto che percorrono i testi, come un racconto parallelo.<\/h4>\n<p>&nbsp;<\/p>\n<p><strong><span style=\"color: #0000ff;\">Lussia di Uanis \/ Lucia Pinat<\/span> \u00e8 originaria di Aiello del Friuli e in particolare della frazione di Joannis \/ Uanis, da cui prende il suo \u201cnome di battaglia\u201d. Ha fatto parte del gruppo poetico \u201cTrastolons\u201d e del movimento artistico \u201cUsmis\u201d. Ha scritto per il teatro e realizzato spettacoli per bambini e scritto i testi per diversi gruppi musicali friulani, come \u201cZuf de Zur\u201d, \u201cBande Tzingare\u201d, \u201cUlisse e i Ciclopi\u201d. Dal 2000 ha lavorato come animatrice in scuole e biblioteche con progetti narrativi volti alla creativit\u00e0. Ha pubblicato i libri: <em>Intal sac da fantasia<\/em>, <em>L\u2019arbul <\/em><em>Feli\u00e7<\/em> per Serling Soc Coop, <em>Benriv\u00e2ts tal marimont<\/em>, <em>Il gjalut postin<\/em>, <em>La gnot dai muarts<\/em>, <em>Pierin Pieron e la strie <\/em><em>Bistrie<\/em>, per Futura Edizioni e <em>Gno von Bepopalon<\/em> per Kappa Vu. Inoltre il quaderno di lavoro di educazione ai sentimenti <em>Mai pi\u00f9 Barbabl\u00f9 &#8211; Il lieto fine incomincia dall\u2019inizio <\/em>con la collaborazione di Linda Battiston e Francesca Benvenuto per Futura Edizioni 2019. Negli ultimi tre anni ha tenuto incontri con i ragazzi delle scuole medie inferiori e superiori della regione sul tema della violenza sulle donne. Ha realizzato il video bilingue \u201cIl bon acet \/ L\u2019accoglienza\u201d per la casa editrice Kappa Vu.<\/strong><\/p>\n<p>&nbsp;<\/p>\n","protected":false},"excerpt":{"rendered":"<p>&nbsp;<\/p>\n<p><span style=\"color: #993300;\"><strong><em>POESIE 1996-2022<\/em><\/strong><\/span><\/p>\n<h4><\/h4>\n<h4>di <strong><a href=\"http:\/\/shop.kappavu.it\/KV\/autori-al\/#lussia-di-uanis\">LUSSIA DI UANIS<\/a><\/strong><\/h4>\n<div class=\"xdj266r x11i5rnm xat24cr x1mh8g0r x1vvkbs x126k92a\">\n<p dir=\"auto\"><strong>A \u2018nd \u00e0i fat chista racuelta pensant al m\u00ea fuart leam cu l\u2019aga e la tiara, cui elements. \u00c0i cap\u00eet una d\u00ec che la m\u00ea glesia a je sot dal s\u00eel, l\u00ec a pr\u00eai, a ridi, a vai. \/ Ho scritto queste poesie pensando al mio legame con l\u2019acqua e la terra, con gli elementi. Un giorno ho capito che la mia chiesa \u00e8 sotto il cielo, l\u00ec prego, rido, piango.<\/strong><\/p>\n<p><strong>Cos\u00ec presenta la sua raccolta di poesie Lussia di Uanis (Lucia Pinat), scrittrice bilingue, friulano e italiano.<\/strong><\/p>\n<\/div>\n<div dir=\"auto\"><\/div>\n","protected":false},"featured_media":4130,"comment_status":"open","ping_status":"closed","template":"","meta":[],"product_brand":[],"product_cat":[21,174,27],"product_tag":[2813,1746,2814,2815,2816,2812,873,380,379,560,2809,2808,1535,596,1541,389,303,304,1474],"class_list":{"0":"post-4129","1":"product","2":"type-product","3":"status-publish","4":"has-post-thumbnail","6":"product_cat-friulano","7":"product_cat-lussia-di-uanis","8":"product_cat-poesia","9":"product_tag-aussa","10":"product_tag-cormor","11":"product_tag-isonzo","12":"product_tag-laguna-di-grado","13":"product_tag-laguna-di-marano","14":"product_tag-lucia-pinat","15":"product_tag-lussia-di-uanis","16":"product_tag-poesie-di-autori-friulani","17":"product_tag-poesie-friulane","18":"product_tag-poesie-in-friulano","19":"product_tag-poesie-sul-friuli","20":"product_tag-poesiis","21":"product_tag-poesiis-par-furlan","22":"product_tag-poeta-friulano","23":"product_tag-poetessa-friulana","24":"product_tag-poetesse-friulane","25":"product_tag-raccolta-di-poesie","26":"product_tag-raccolta-di-poesie-friulane","27":"product_tag-tagliamento","29":"first","30":"instock","31":"shipping-taxable","32":"purchasable","33":"product-type-simple","34":"customify-col"},"_links":{"self":[{"href":"https:\/\/shop.kappavu.it\/KV\/wp-json\/wp\/v2\/product\/4129","targetHints":{"allow":["GET"]}}],"collection":[{"href":"https:\/\/shop.kappavu.it\/KV\/wp-json\/wp\/v2\/product"}],"about":[{"href":"https:\/\/shop.kappavu.it\/KV\/wp-json\/wp\/v2\/types\/product"}],"replies":[{"embeddable":true,"href":"https:\/\/shop.kappavu.it\/KV\/wp-json\/wp\/v2\/comments?post=4129"}],"wp:featuredmedia":[{"embeddable":true,"href":"https:\/\/shop.kappavu.it\/KV\/wp-json\/wp\/v2\/media\/4130"}],"wp:attachment":[{"href":"https:\/\/shop.kappavu.it\/KV\/wp-json\/wp\/v2\/media?parent=4129"}],"wp:term":[{"taxonomy":"product_brand","embeddable":true,"href":"https:\/\/shop.kappavu.it\/KV\/wp-json\/wp\/v2\/product_brand?post=4129"},{"taxonomy":"product_cat","embeddable":true,"href":"https:\/\/shop.kappavu.it\/KV\/wp-json\/wp\/v2\/product_cat?post=4129"},{"taxonomy":"product_tag","embeddable":true,"href":"https:\/\/shop.kappavu.it\/KV\/wp-json\/wp\/v2\/product_tag?post=4129"}],"curies":[{"name":"wp","href":"https:\/\/api.w.org\/{rel}","templated":true}]}}