{"id":4016,"date":"2024-05-02T12:45:40","date_gmt":"2024-05-02T10:45:40","guid":{"rendered":"https:\/\/shop.kappavu.it\/KV\/?post_type=product&#038;p=4016"},"modified":"2026-04-30T17:04:40","modified_gmt":"2026-04-30T15:04:40","slug":"il-timp-de-meditazion","status":"publish","type":"product","link":"https:\/\/shop.kappavu.it\/KV\/prodotto\/il-timp-de-meditazion\/","title":{"rendered":"IL TIMP DE MEDITAZION"},"content":{"rendered":"<h4><\/h4>\n<h4>A esistin tancj m\u00fbts par cjal\u00e2si dentri e par cir\u00ee di ecuilibr\u00e2 i nestris sintiments, ma une des stradis plui siguris e je ch\u00ea de meditazion di consapevulece. In chest libri, pe prime volte, si presentin ai furlans lis lidriis storichis des pratichis meditativis, cem\u00fbt che a son rivadis fin in Fri\u00fbl e i studis neurosientifics e psicologjics che a \u00e0n cir\u00fbt di mostr\u00e2 la l\u00f4r utilit\u00e2t intai osped\u00e2i, intes scuelis e par dutis lis personis, di ogni et\u00e2t, che a tentin di vivi mi\u00f4r.<\/h4>\n<h4><em>Esistono tanti modi di guardarsi dentro e per cercare di equilibrare i nostri sentimenti, ma una delle strade pi\u00f9 sicure \u00e8 la meditazione di consapevolezza. In questo libro, per la prima volta, si presentano ai friulani in lingua friulana le radici storiche delle pratiche meditative, come sono arrivate fin qui e gli studi neuroscientifici e psicologici che hanno cercato di mostrare la loro utilit\u00e0 negli ospedali, nelle scuole e per tutte le persone, di ogni et\u00e0, che tentano di vivere meglio.<\/em><\/h4>\n<p>&nbsp;<\/p>\n","protected":false},"excerpt":{"rendered":"<h4><span style=\"color: #800000;\"><em>NEUROPSICOLOGJIE, FILOSOFIE E SPIRITUALIT\u00c2T<\/em><\/span><\/h4>\n<p>&nbsp;<\/p>\n<h4>di <strong><a href=\"http:\/\/shop.kappavu.it\/KV\/autori-al\/#franc-fari\">FRANC FARI<\/a><\/strong><\/h4>\n<p><strong>La ete contemporanie nus \u00e0 puart\u00e2t une vore di problemis a nivel soci\u00e2l, lavorat\u00eef, ecologjic, politic. Insiemi o vin di cir\u00ee di cambi\u00e2 il mont, e se al \u00e8 pussibil in mi\u00f4r. Ma nol \u00e8 dome un lav\u00f4r soci\u00e2l, ognidun al \u00e0 ancje di cir\u00ee di mior\u00e2si. Di cjal\u00e2si dentri e di ecuilibr\u00e2si, parc\u00e8 che ce che al \u00e8 dentri di n\u00f4, prime o dasp\u00f2, si spant ancje dif\u00fbr.<\/strong><\/p>\n<p><em><strong>L&#8217;et\u00e0 contemporanea ci ha portato molti problemi a livello sociale, lavorativo, ecologico, politico. Insieme dobbiamo cercare di cambiare il mondo, possibilmente in meglio. Ma non \u00e8 solo un impegno sociale, ogni persona deve anche cercare di migliorarsi. Di guardarsi dentro ed equilibrarsi, perch\u00e9 ci\u00f2 che \u00e8 dentro di noi, prima o dopo, esce fuori e tocca gli altri.<\/strong><\/em><\/p>\n<h5><span style=\"color: #993300;\"><strong>Progjet editori\u00e2l, cure e editing di <a style=\"color: #993300;\" href=\"http:\/\/shop.kappavu.it\/KV\/autori-mz\/#paolo-cantarutti\">PAULI CANTARUT<\/a><\/strong><\/span><\/h5>\n<h5><strong><span style=\"color: #993300;\">Traduzion di ADRIANA PADOVANI e ALESSIO MATIZ<\/span><\/strong><\/h5>\n<p>&nbsp;<\/p>\n","protected":false},"featured_media":4017,"comment_status":"open","ping_status":"closed","template":"","meta":[],"product_brand":[],"product_cat":[134,21,22,70],"product_tag":[2799,2798,2619,767,2804,2615,2616,2620,2621,2800,2617,2618,2802,2803,2381,2382,2622,2623,2625,2801],"class_list":{"0":"post-4016","1":"product","2":"type-product","3":"status-publish","4":"has-post-thumbnail","6":"product_cat-franc-fari","7":"product_cat-friulano","8":"product_cat-la_comugne","9":"product_cat-paolo-cantarutti","10":"product_tag-adriana-padovani","11":"product_tag-alessio-matiz","12":"product_tag-cervello-dei-friulani","13":"product_tag-filosofia","14":"product_tag-filosofie","15":"product_tag-franc-fari","16":"product_tag-franco-fabbro","17":"product_tag-libri-sientific-par-furlan","18":"product_tag-libro-scientifico-in-friulano","19":"product_tag-mindfulness","20":"product_tag-neurolinguistica","21":"product_tag-neurolinguistiche","22":"product_tag-neuropsicologia","23":"product_tag-neuropsicologjie","24":"product_tag-paolo-cantarutti","25":"product_tag-pauli-cantarut","26":"product_tag-scienza-in-friulano","27":"product_tag-sience-par-furlan","28":"product_tag-siencis-cognitivis","29":"product_tag-spiritualita","31":"first","32":"instock","33":"shipping-taxable","34":"purchasable","35":"product-type-simple","36":"customify-col"},"_links":{"self":[{"href":"https:\/\/shop.kappavu.it\/KV\/wp-json\/wp\/v2\/product\/4016","targetHints":{"allow":["GET"]}}],"collection":[{"href":"https:\/\/shop.kappavu.it\/KV\/wp-json\/wp\/v2\/product"}],"about":[{"href":"https:\/\/shop.kappavu.it\/KV\/wp-json\/wp\/v2\/types\/product"}],"replies":[{"embeddable":true,"href":"https:\/\/shop.kappavu.it\/KV\/wp-json\/wp\/v2\/comments?post=4016"}],"wp:featuredmedia":[{"embeddable":true,"href":"https:\/\/shop.kappavu.it\/KV\/wp-json\/wp\/v2\/media\/4017"}],"wp:attachment":[{"href":"https:\/\/shop.kappavu.it\/KV\/wp-json\/wp\/v2\/media?parent=4016"}],"wp:term":[{"taxonomy":"product_brand","embeddable":true,"href":"https:\/\/shop.kappavu.it\/KV\/wp-json\/wp\/v2\/product_brand?post=4016"},{"taxonomy":"product_cat","embeddable":true,"href":"https:\/\/shop.kappavu.it\/KV\/wp-json\/wp\/v2\/product_cat?post=4016"},{"taxonomy":"product_tag","embeddable":true,"href":"https:\/\/shop.kappavu.it\/KV\/wp-json\/wp\/v2\/product_tag?post=4016"}],"curies":[{"name":"wp","href":"https:\/\/api.w.org\/{rel}","templated":true}]}}