{"id":3971,"date":"2024-04-15T10:00:53","date_gmt":"2024-04-15T08:00:53","guid":{"rendered":"https:\/\/shop.kappavu.it\/KV\/?post_type=product&#038;p=3971"},"modified":"2026-03-22T11:32:56","modified_gmt":"2026-03-22T10:32:56","slug":"tutto-nuovo-5","status":"publish","type":"product","link":"https:\/\/shop.kappavu.it\/KV\/prodotto\/tutto-nuovo-5\/","title":{"rendered":"TUTTO NUOVO 5 &#8211; Claudia Caia Grimaz"},"content":{"rendered":"<h4><\/h4>\n<h4><strong><span style=\"color: #ff0000;\">Il libro<\/span><\/strong>. Un singolare racconto biografico corale composto dalle testimonianze di tante colleghe e colleghi, insegnanti, allievi, amiche ed amici, compagni d\u2019arte e di vita. Un testo fatto di ricordi vividi che ricostruiscono le tappe salienti della carriera di una grande artista, ci concedono di conoscere momenti intimi, svelano dettagli e ci offrono istantanee preziose di una vita sul palcoscenico e dietro le quinte. Un puzzle di frammenti buffi e struggenti, a volte molto meditati, a volte solo sentimentali, che disegnano la personalit\u00e0 e la cifra poetica di Claudia Grimaz.<\/h4>\n<h4><strong><span style=\"color: #ff0000;\">I due CD<\/span><\/strong>. Una raccolta di brani del vasto repertorio musicale interpretato da Claudia Grimaz nel corso dei suoi trent\u2019anni di carriera. Un\u2019antologia di generi e stili diversi: un breve esperimento elettro-pop, alcuni brani jazz, villotte friulane e canti popolari di tradizione, musica colta, arie d\u2019opera, canzoni teatrali, operette, musica sacra antica ed alcuni brani inediti, composti da Claudia stessa, su poesie di Pierluigi Cappello.<\/h4>\n<p>&nbsp;<\/p>\n<h4><span style=\"color: #ff6600;\">\u201c<em>Si \u00e8 trovata in un mondo in cui i suoi valori non erano del tutto condivisi, quindi lei stessa non poteva essere fortemente riconosciuta.<\/em><\/span><br \/>\n<span style=\"color: #ff6600;\"><em>Ma noi non dovevamo chiedere a Claudia di essere com\u2019era il mondo che la circondava. Piuttosto dovevamo chiedere agli altri di essere pi\u00f9 simili a Claudia. Lo possiamo fare oggi: possiamo chiedere al mondo di riconoscere la bellezza e i valori che lei \u00e8 riuscita a diffondere perch\u00e9 diventino la bellezza e i valori di tutti.<\/em>\u201d<\/span><\/h4>\n<p>&nbsp;<\/p>\n","protected":false},"excerpt":{"rendered":"<p>&nbsp;<\/p>\n<h4>Raccolta musicale a cura di <strong><a href=\"http:\/\/shop.kappavu.it\/KV\/autori-mz\/#trinita-germano\">TRINIT\u00c0 GERMANO<\/a><\/strong><\/h4>\n<h4>Testi a cura di<strong> <a href=\"http:\/\/shop.kappavu.it\/KV\/autori-al\/#giuliana-musso\">GIULIANA MUSSO<\/a><\/strong><\/h4>\n<p><strong>Tutto Nuovo 5 \u00e8 un omaggio a Claudia Grimaz, importante artista friulana di raffinato talento, prematuramente scomparsa nel 2021, all\u2019et\u00e0 di 51 anni. Soprano e attrice, interprete di musica colta e popolare, studiosa, compositrice, docente di canto e direttrice di cori, laureata in canto al conservatorio \u201cJacopo Tomadini\u201d di Udine, ha esplorato repertori diversi partecipando a decine di produzioni in Italia e all\u2019estero. Una donna e un\u2019artista luminosa, tenace, generosa nell\u2019incontro, profonda nelle scelte poetiche ed etiche, ancora oggi capace di emozionarci con la sua voce e di indicarci una strada felice nell\u2019arte, quella dell\u2019amore per la vita.<\/strong><\/p>\n<p>&nbsp;<\/p>\n<p><span style=\"color: #3366ff;\"><strong>\u201c<em>Riusciva a rendere facile da ascoltare qualsiasi cosa perch\u00e9 la rendeva accessibile, vicina, umana. Credo che fosse proprio quello che andava cercando.<\/em>\u201d<\/strong><\/span><\/p>\n","protected":false},"featured_media":3973,"comment_status":"open","ping_status":"closed","template":"","meta":[],"product_brand":[],"product_cat":[23,2796,31,2795],"product_tag":[2790,1641,1076,753,2788,2792,2791,2787,843,2785,847,848,849,2789,2793,2574,857,2794,2786],"class_list":{"0":"post-3971","1":"product","2":"type-product","3":"status-publish","4":"has-post-thumbnail","6":"product_cat-biografie","7":"product_cat-giuliana-musso","8":"product_cat-teatro_e_musica","9":"product_cat-trinita-germano","10":"product_tag-antonella-ruggiero","11":"product_tag-artista-friulana","12":"product_tag-artisti-jazz","13":"product_tag-biografia","14":"product_tag-caia-grimaz","15":"product_tag-cantante","16":"product_tag-cantante-friulana","17":"product_tag-claudia-grimaz","18":"product_tag-festival-musica","19":"product_tag-giuliana-musso","20":"product_tag-interviste-a-musicisti","21":"product_tag-interviste-jazz","22":"product_tag-interviste-musica","23":"product_tag-massimo-somaglino","24":"product_tag-musica-in-friulano","25":"product_tag-musica-in-friuli","26":"product_tag-musica-jazz","27":"product_tag-teatro-in-friuli","28":"product_tag-trinita-germano","30":"first","31":"instock","32":"shipping-taxable","33":"purchasable","34":"product-type-simple","35":"customify-col","36":"product-has-gallery"},"_links":{"self":[{"href":"https:\/\/shop.kappavu.it\/KV\/wp-json\/wp\/v2\/product\/3971","targetHints":{"allow":["GET"]}}],"collection":[{"href":"https:\/\/shop.kappavu.it\/KV\/wp-json\/wp\/v2\/product"}],"about":[{"href":"https:\/\/shop.kappavu.it\/KV\/wp-json\/wp\/v2\/types\/product"}],"replies":[{"embeddable":true,"href":"https:\/\/shop.kappavu.it\/KV\/wp-json\/wp\/v2\/comments?post=3971"}],"wp:featuredmedia":[{"embeddable":true,"href":"https:\/\/shop.kappavu.it\/KV\/wp-json\/wp\/v2\/media\/3973"}],"wp:attachment":[{"href":"https:\/\/shop.kappavu.it\/KV\/wp-json\/wp\/v2\/media?parent=3971"}],"wp:term":[{"taxonomy":"product_brand","embeddable":true,"href":"https:\/\/shop.kappavu.it\/KV\/wp-json\/wp\/v2\/product_brand?post=3971"},{"taxonomy":"product_cat","embeddable":true,"href":"https:\/\/shop.kappavu.it\/KV\/wp-json\/wp\/v2\/product_cat?post=3971"},{"taxonomy":"product_tag","embeddable":true,"href":"https:\/\/shop.kappavu.it\/KV\/wp-json\/wp\/v2\/product_tag?post=3971"}],"curies":[{"name":"wp","href":"https:\/\/api.w.org\/{rel}","templated":true}]}}