{"id":3614,"date":"2023-11-13T19:12:34","date_gmt":"2023-11-13T18:12:34","guid":{"rendered":"https:\/\/shop.kappavu.it\/KV\/?post_type=product&#038;p=3614"},"modified":"2026-04-03T15:54:42","modified_gmt":"2026-04-03T13:54:42","slug":"nel-carcere-dei-matti-delinquenti","status":"publish","type":"product","link":"https:\/\/shop.kappavu.it\/KV\/prodotto\/nel-carcere-dei-matti-delinquenti\/","title":{"rendered":"NEL CARCERE DEI MATTI DELINQUENTI. Storia di Fabrizio Maiello"},"content":{"rendered":"<h4><\/h4>\n<h4><\/h4>\n<h4>\u00ab<em>Sto facendo l\u2019impossibile per garantire che Giovanni quando se ne andr\u00e0 via da qui non venga lasciato solo come un cane, gli voglio un bene enorme e sto soffrendo da Dio ormai per lui. In questi giorni ho pianto davanti a tutti, speriamo sia servito a qualcosa. Intanto stasera \u00e8 venuto al campo con me, si \u00e8 divertito a guardarmi giocare, io non sono in forma ma i 6 GOAL che ho fatto sono per lui.<\/em>\u00bb (Fabrizio Maiello)<\/h4>\n<p>&nbsp;<\/p>\n<p><strong><span style=\"color: #ff9900;\">Franca Garreffa<\/span> \u00e8 docente di Sociologia giuridica, della devianza e mutamento sociale presso il Dipartimento di Scienze Politiche e Sociali dell\u2019Universit\u00e0 della Calabria e Responsabile alla didattica degli studenti detenuti del Polo Universitario Penitenziario. Svolge attivit\u00e0 di osservatore dell&#8217;Associazione Antigone negli istituti di pena per adulti della Calabria e nell\u2019Istituto penale minorile. Tra le sue pubblicazioni: <em>Il carcere invisibile tra realt\u00e0 e immaginario<\/em>, Libellula Edizioni, 2022; <em>In\/sicure da morire. Per una critica di genere all\u2019idea di sicurezza<\/em>, Carocci, 2010.<\/strong><\/p>\n<p><strong><span style=\"color: #ff9900;\">Fabrizio Maiello<\/span> \u00e8 testimonial in tutta Italia nell\u2019ambito di eventi per il contrasto alla violenza di genere e al bullismo; ha battuto tantissimi record in varie manifestazioni sportive palleggiando con il pallone; lavora all\u2019interno della Cooperativa sociale \u201cLo Stradello\u201d di Reggio Emilia, occupandosi della cura del verde pubblico. La cooperativa si occupa di promozione umana e integrazione sociale dei cittadini, offrendo servizi a persone disabili adulte e persone in situazione di fragilit\u00e0, operando in stretta collaborazione con i Servizi sociali, le Aziende sanitarie e i Comuni del territorio.<\/strong><\/p>\n<h5><\/h5>\n<p>&nbsp;<\/p>\n","protected":false},"excerpt":{"rendered":"<h4><span style=\"color: #800000;\"><em>UN TALENTO DEL CALCIO, UN SOGNO INFRANTO, L&#8217;INTERNAMENTO IN OPG, LA RINASCITA<\/em><\/span><\/h4>\n<p>&nbsp;<\/p>\n<h4>di <strong><a href=\"http:\/\/shop.kappavu.it\/KV\/autori-al\/#fabrizio-maiello\">FABRIZIO MAIELLO<\/a><\/strong>\u00a0e <strong><a href=\"http:\/\/shop.kappavu.it\/KV\/autori-al\/#franca-garreffa\">FRANCA GARREFFA<\/a><\/strong><\/h4>\n<h5><strong>CON UN CONTRIBUTO DI <a href=\"http:\/\/shop.kappavu.it\/KV\/autori-al\/#carmen-gasparotto\">CARMEN GASPAROTTO<\/a><\/strong><\/h5>\n<p>Prefazione di <strong>Donatella Barazzetti<\/strong> &#8211; Postfazione di <strong>Luca Muglia<\/strong><\/p>\n<p>&nbsp;<\/p>\n<p><strong>Il libro ricostruisce, attraverso la narrazione autobiografica e stralci di diari, i quattordici anni di reclusione di Fabrizio Maiello in Ospedale Psichiatrico Giudiziario, ma anche la sua storia straordinaria di successi, riscatto e impegno sociale.<\/strong><br \/>\n<strong>Fabrizio, nato negli anni \u201960 nell\u2019hinterland milanese, \u00e8 una promessa del calcio e la sua passione sfrenata per il pallone lo tiene lontano dalla criminalit\u00e0. Ai suoi amici invece rimane solo un sogno: \u00abTi verremo a vedere un giorno allo stadio\u00bb. Ma lui, per uno di quei casi che improvvisamente cambiano la vita, diventer\u00e0 peggiore di loro.<\/strong><br \/>\n<strong>L\u2019esperienza detentiva percorrer\u00e0 la biografia di Fabrizio, in un ripetersi di episodi di rabbia, ribellione, punizioni e trasferimenti che lo condurranno all\u2019Opg, estrema istituzione totale, intrisa di violenza e sopraffazione. Fino a quando una \u201csfera di cuoio\u201d, trovata nel cortile chiuso da mura, ritorna nella sua vita con una straordinaria forza salvifica. Fabrizio riscopre in s\u00e9 nuova energia e sensibilit\u00e0, che si traducono in amicizia e assistenza verso Giovanni, il pi\u00f9 complicato compagno di cella e il pi\u00f9 bisognoso di aiuto. Il rapporto di cura riuscir\u00e0 a dare un senso alle loro esistenze nell\u2019annichilente quotidianit\u00e0 dell\u2019Opg.<\/strong><br \/>\n<strong>Maiello oggi ha vinto la partita pi\u00f9 complicata della vita, interpretando e reinterpretando in continuazione, da cittadino libero, nell\u2019eterno teatro dell\u2019esistenza, la sua umanit\u00e0.<\/strong><\/p>\n<p>&nbsp;<\/p>\n","protected":false},"featured_media":3615,"comment_status":"open","ping_status":"closed","template":"","meta":[],"product_brand":[],"product_cat":[23,25,2762,2763,1024,30],"product_tag":[753,2775,2774,456,2773,2772,2767,2768,2779,2778,2769,2771,2770,2777,1695,1255,1696,1637,1698,2776,1699,1700,2780],"class_list":{"0":"post-3614","1":"product","2":"type-product","3":"status-publish","4":"has-post-thumbnail","6":"product_cat-biografie","7":"product_cat-discanto","8":"product_cat-fabrizio-maiello","9":"product_cat-franca-garreffa","10":"product_cat-lavoro-e-societa","11":"product_cat-saggistica","12":"product_tag-biografia","13":"product_tag-calcio","14":"product_tag-carcere","15":"product_tag-carmen-gasparotto","16":"product_tag-centro-salute-mentale","17":"product_tag-csm","18":"product_tag-fabrizio-maiello","19":"product_tag-franca-garreffa","20":"product_tag-mala-del-brenta","21":"product_tag-milano","22":"product_tag-opg","23":"product_tag-ospedale-psichiatrico","24":"product_tag-ospedale-psichiatrico-giudiziario","25":"product_tag-record","26":"product_tag-riflessione-filosofica","27":"product_tag-riflessione-politica","28":"product_tag-scritti-sociali","29":"product_tag-scrittori-in-carcere","30":"product_tag-societa-moderna","31":"product_tag-talento-del-calcio","32":"product_tag-tematiche-sociali","33":"product_tag-teorie-sociali","34":"product_tag-vita-nel-carcere","36":"first","37":"instock","38":"shipping-taxable","39":"purchasable","40":"product-type-simple","41":"customify-col"},"_links":{"self":[{"href":"https:\/\/shop.kappavu.it\/KV\/wp-json\/wp\/v2\/product\/3614","targetHints":{"allow":["GET"]}}],"collection":[{"href":"https:\/\/shop.kappavu.it\/KV\/wp-json\/wp\/v2\/product"}],"about":[{"href":"https:\/\/shop.kappavu.it\/KV\/wp-json\/wp\/v2\/types\/product"}],"replies":[{"embeddable":true,"href":"https:\/\/shop.kappavu.it\/KV\/wp-json\/wp\/v2\/comments?post=3614"}],"wp:featuredmedia":[{"embeddable":true,"href":"https:\/\/shop.kappavu.it\/KV\/wp-json\/wp\/v2\/media\/3615"}],"wp:attachment":[{"href":"https:\/\/shop.kappavu.it\/KV\/wp-json\/wp\/v2\/media?parent=3614"}],"wp:term":[{"taxonomy":"product_brand","embeddable":true,"href":"https:\/\/shop.kappavu.it\/KV\/wp-json\/wp\/v2\/product_brand?post=3614"},{"taxonomy":"product_cat","embeddable":true,"href":"https:\/\/shop.kappavu.it\/KV\/wp-json\/wp\/v2\/product_cat?post=3614"},{"taxonomy":"product_tag","embeddable":true,"href":"https:\/\/shop.kappavu.it\/KV\/wp-json\/wp\/v2\/product_tag?post=3614"}],"curies":[{"name":"wp","href":"https:\/\/api.w.org\/{rel}","templated":true}]}}