{"id":3519,"date":"2023-10-05T12:42:37","date_gmt":"2023-10-05T10:42:37","guid":{"rendered":"https:\/\/shop.kappavu.it\/KV\/?post_type=product&#038;p=3519"},"modified":"2023-11-10T18:42:51","modified_gmt":"2023-11-10T17:42:51","slug":"dove-tutto-rimane","status":"publish","type":"product","link":"https:\/\/shop.kappavu.it\/KV\/prodotto\/dove-tutto-rimane\/","title":{"rendered":"DOVE TUTTO RIMANE"},"content":{"rendered":"<h4><\/h4>\n<h4>\u00abOra che sono qua, in realt\u00e0, non sono sicuro di sapere cosa io debba fare, ma d\u2019altro canto chi lo sa per davvero? Attorno a me c\u2019\u00e8 solo ghiaccio e persone che, come me, aspettano. Qualcuno verr\u00e0 davvero a prenderci?\u00bb (da \u201cL\u2019ultimo migrante\u201d)<\/h4>\n<h4>\u00abRiaccese il film e si accomod\u00f2 quanto pi\u00f9 possibile sulla poltrona. Ci\u00f2 che avrebbe fatto era spegnere il cervello e restare con quel visore fino a quando il richiamo dello smaterializzatore fosse diventato talmente ammaliante, da scegliere di essere anche lui incamerato.\u00bb (da \u201cDove tutto rimane\u201d)<\/h4>\n<p><strong>Nella raccolta sono compresi i seguenti racconti: <span style=\"color: #800080;\">Solo una donna<\/span>: vincitore del Memorial Nika Turbina; <span style=\"color: #800080;\">Una <\/span><\/strong><strong><span style=\"color: #800080;\">donna al comando<\/span>: secondo classificato al premio \u201cLa parola alle donne\u201d, Citt\u00e0 Metropolitana di Venezia; <span style=\"color: #800080;\">Storia <\/span><\/strong><strong><span style=\"color: #800080;\">di montagna<\/span>: terzo classificato al Trofeo Gatticese delle Arti; <span style=\"color: #800080;\">Una cena<\/span>: vincitore 38\u00b0 Festival di Leonforte \u2013 <\/strong><strong>Sezione narrativa; <span style=\"color: #800080;\">La giusta opportunit\u00e0<\/span>: finalista Premio Letterario \u201cCitt\u00e0 di Ravenna\u201d (pubblicato in antologia <\/strong><strong>dedicata); <span style=\"color: #800080;\">Dove tutto rimane<\/span>: terzo classificato Premio \u201cUmberto Beggi\u201d di Milano; <span style=\"color: #800080;\">L\u2019ultima notte<\/span>: terzo <\/strong><strong>classificato al \u201cMemorial Grazia Deledda\u201d; <span style=\"color: #800080;\">Domani nel vicolo<\/span>: vincitore della selezione per \u201cScriptor \u2013 Autori <\/strong><strong>sulla Graticola\u201d.<\/strong><\/p>\n<h4><\/h4>\n","protected":false},"excerpt":{"rendered":"<h4><span style=\"color: #993300;\"><em>RACCONTI DI UN FUTURO GI\u00c0 PASSATO<\/em><\/span><\/h4>\n<p>&nbsp;<\/p>\n<h4>di <strong><a href=\"http:\/\/shop.kappavu.it\/KV\/autori-al\/#davide-borgobello\">DAVIDE BORGOBELLO<\/a><\/strong><\/h4>\n<p><strong>Una raccolta di ventuno racconti, tra fantascienza distopica, mistery, commedie grottesche, punte di crime e persino tratti di romanticismo, dove c\u2019\u00e8 sempre un filo conduttore sottile, che con disincanto e ironia vuole unirci tutti, anche se distanti e diversi, in un mondo simile a un teatro dell\u2019assurdo. Dove tutto rimane racchiude tanto, racchiude riflessioni, domande, risate e speranze sui cambiamenti della societ\u00e0, su un mondo che corre pi\u00f9 veloce dell\u2019arte che lo vuole raccontare.<\/strong><\/p>\n<p>&nbsp;<\/p>\n","protected":false},"featured_media":3520,"comment_status":"open","ping_status":"closed","template":"","meta":[],"product_brand":[],"product_cat":[2761,18],"product_tag":[2757,2752,2755,2760,2758,261,475,260,2756,2754,2759,2229,2753],"class_list":{"0":"post-3519","1":"product","2":"type-product","3":"status-publish","4":"has-post-thumbnail","6":"product_cat-davide-borgobello","7":"product_cat-narrativa","8":"product_tag-crime","9":"product_tag-davide-borgobello","10":"product_tag-distopia","11":"product_tag-mistery","12":"product_tag-noir","13":"product_tag-raccolta-di-racconti","14":"product_tag-raccolta-di-racconti-brevi","15":"product_tag-racconti-brevi","16":"product_tag-racconti-crime","17":"product_tag-racconti-distopici","18":"product_tag-racconti-mistery","19":"product_tag-racconti-noir","20":"product_tag-racconti-sul-futuro","22":"first","23":"instock","24":"shipping-taxable","25":"purchasable","26":"product-type-simple","27":"customify-col"},"_links":{"self":[{"href":"https:\/\/shop.kappavu.it\/KV\/wp-json\/wp\/v2\/product\/3519","targetHints":{"allow":["GET"]}}],"collection":[{"href":"https:\/\/shop.kappavu.it\/KV\/wp-json\/wp\/v2\/product"}],"about":[{"href":"https:\/\/shop.kappavu.it\/KV\/wp-json\/wp\/v2\/types\/product"}],"replies":[{"embeddable":true,"href":"https:\/\/shop.kappavu.it\/KV\/wp-json\/wp\/v2\/comments?post=3519"}],"wp:featuredmedia":[{"embeddable":true,"href":"https:\/\/shop.kappavu.it\/KV\/wp-json\/wp\/v2\/media\/3520"}],"wp:attachment":[{"href":"https:\/\/shop.kappavu.it\/KV\/wp-json\/wp\/v2\/media?parent=3519"}],"wp:term":[{"taxonomy":"product_brand","embeddable":true,"href":"https:\/\/shop.kappavu.it\/KV\/wp-json\/wp\/v2\/product_brand?post=3519"},{"taxonomy":"product_cat","embeddable":true,"href":"https:\/\/shop.kappavu.it\/KV\/wp-json\/wp\/v2\/product_cat?post=3519"},{"taxonomy":"product_tag","embeddable":true,"href":"https:\/\/shop.kappavu.it\/KV\/wp-json\/wp\/v2\/product_tag?post=3519"}],"curies":[{"name":"wp","href":"https:\/\/api.w.org\/{rel}","templated":true}]}}