{"id":3051,"date":"2023-04-26T12:34:19","date_gmt":"2023-04-26T10:34:19","guid":{"rendered":"https:\/\/shop.kappavu.it\/KV\/?post_type=product&#038;p=3051"},"modified":"2023-09-10T17:56:44","modified_gmt":"2023-09-10T15:56:44","slug":"romanzo-bipolare","status":"publish","type":"product","link":"https:\/\/shop.kappavu.it\/KV\/prodotto\/romanzo-bipolare\/","title":{"rendered":"ROMANZO BIPOLARE"},"content":{"rendered":"<h4><\/h4>\n<h4><\/h4>\n<h4>Buond\u00ec, mi chiamo Alessandro Sgarbi, bipolare. Da sempre interessato all\u2019arte, ho cominciato presto a suonare la chitarra e a cantare, fino all\u2019utilizzo di strumentazione per produrre musica elettronica e non. Ho studiato all\u2019Accademia di Belle Arti di Venezia, esperienza che mi ha aperto la mente sul concetto di cosa sia l\u2019arte e della sua rigorosit\u00e0. Ho sempre scritto, in piccole agende sparse per casa: poesie, pensieri, concetti, fino alla decisione di scrivere questo libro, al quale tengo molto perch\u00e9, attraverso le tante crisi che ho passato, ho cercato la verit\u00e0, o meglio l\u2019identit\u00e0 di me stesso. L\u2019avr\u00f2 trovata? Fatemi gli auguri.<br \/>\nBuona lettura.<\/h4>\n<p>&nbsp;<\/p>\n","protected":false},"excerpt":{"rendered":"<p>&nbsp;<\/p>\n<h4>di <strong><a href=\"http:\/\/shop.kappavu.it\/KV\/autori-al\/#alessandro-sgarbi\">ALESSANDRO SGARBI<\/a><\/strong><\/h4>\n<p><strong>&#8230; Chi ha varcato quella soglia, chi l\u2019ha superata sa che sperimentare l\u2019oltre significa essere soli, disperatamente soli, toccare vertiginosi abissi di dolore, ma in quel solipsismo vedere e sentire con esasperata lucidit\u00e0, toccare verit\u00e0 intangibili, assolute. Che queste verit\u00e0 siano allucinatorie non toglie loro potenza, anzi gliene aggiunge. Che al fondo di quelle allucinazioni risieda una verit\u00e0 inconscia e oscura pu\u00f2 essere fonte di tormento e paura oppure di improvvisa e folgorante illuminazione&#8230;<\/strong><br \/>\n<strong>Chi ha provato la vertigine del distacco dalla realt\u00e0, non pu\u00f2 tornare indietro, ma solo andare avanti. La speranza sta nel percorso compiuto e nella scrittura che lo rappresenta: la vita si trasforma mentre viene scritta, diventa un\u2019altra vita.<\/strong><\/p>\n<p><em><strong>dalla postfazione di Barbara Vuano<\/strong><\/em><\/p>\n<p>&nbsp;<\/p>\n<p>&nbsp;<\/p>\n","protected":false},"featured_media":3052,"comment_status":"open","ping_status":"closed","template":"","meta":[],"product_brand":[],"product_cat":[2728,18],"product_tag":[2722,640,2724,2723,2725,2726,618,619,2727],"class_list":{"0":"post-3051","1":"product","2":"type-product","3":"status-publish","4":"has-post-thumbnail","6":"product_cat-alessandro-sgarbi","7":"product_cat-narrativa","8":"product_tag-alessandro-sgarbi","9":"product_tag-barbara-vuano","10":"product_tag-bipolare","11":"product_tag-bipolarismo","12":"product_tag-bipolarita","13":"product_tag-centri-di-salute-mentale","14":"product_tag-panico","15":"product_tag-romanzo","16":"product_tag-solipsismo","18":"first","19":"instock","20":"shipping-taxable","21":"purchasable","22":"product-type-simple","23":"customify-col"},"_links":{"self":[{"href":"https:\/\/shop.kappavu.it\/KV\/wp-json\/wp\/v2\/product\/3051","targetHints":{"allow":["GET"]}}],"collection":[{"href":"https:\/\/shop.kappavu.it\/KV\/wp-json\/wp\/v2\/product"}],"about":[{"href":"https:\/\/shop.kappavu.it\/KV\/wp-json\/wp\/v2\/types\/product"}],"replies":[{"embeddable":true,"href":"https:\/\/shop.kappavu.it\/KV\/wp-json\/wp\/v2\/comments?post=3051"}],"wp:featuredmedia":[{"embeddable":true,"href":"https:\/\/shop.kappavu.it\/KV\/wp-json\/wp\/v2\/media\/3052"}],"wp:attachment":[{"href":"https:\/\/shop.kappavu.it\/KV\/wp-json\/wp\/v2\/media?parent=3051"}],"wp:term":[{"taxonomy":"product_brand","embeddable":true,"href":"https:\/\/shop.kappavu.it\/KV\/wp-json\/wp\/v2\/product_brand?post=3051"},{"taxonomy":"product_cat","embeddable":true,"href":"https:\/\/shop.kappavu.it\/KV\/wp-json\/wp\/v2\/product_cat?post=3051"},{"taxonomy":"product_tag","embeddable":true,"href":"https:\/\/shop.kappavu.it\/KV\/wp-json\/wp\/v2\/product_tag?post=3051"}],"curies":[{"name":"wp","href":"https:\/\/api.w.org\/{rel}","templated":true}]}}