{"id":2971,"date":"2023-04-03T15:44:11","date_gmt":"2023-04-03T13:44:11","guid":{"rendered":"https:\/\/shop.kappavu.it\/KV\/?post_type=product&#038;p=2971"},"modified":"2023-12-08T23:06:19","modified_gmt":"2023-12-08T22:06:19","slug":"ci-sara-ancora-domani-questo-cielo","status":"publish","type":"product","link":"https:\/\/shop.kappavu.it\/KV\/prodotto\/ci-sara-ancora-domani-questo-cielo\/","title":{"rendered":"CI SAR\u00c0 ANCORA DOMANI QUESTO CIELO?"},"content":{"rendered":"<h4><\/h4>\n<h4>Dieci storie vere che hanno come protagonisti bambini ebrei, tra Italia, Cecoslovacchia, Francia e Gran Bretagna, tra le leggi razziali, le deportazioni e i campi di sterminio. In qualche caso la salvezza. In un\u2019Europa devastata dal nazifascismo e dalla guerra i semi dell\u2019umanit\u00e0 non sono del tutto perduti, e individui e associazioni si mobilitano per salvare almeno i bambini. Storie conosciute come la razzia dell\u2019ex ghetto di Roma del 16 ottobre del 1943 o la tragica fine dei bambini di Bullenhuser Damm nel 1945. Storie inedite come quella dei bambini salvati da P\u0159emysl Pitter e dai suoi collaboratori a Praga e nella zona dei castelli boemi. Storie di bambini e adolescenti che vengono ospitati in Inghilterra, a Windermere e a Lingfield, dove ritroveranno la gioia di vivere e il sostegno di figure amorevoli che li aiuteranno a superare o a ridimensionare il trauma vissuto. E storie di bambini che scampati all\u2019orrore sono stati ospitati in una colonia, a Selvino, che diventa luogo di rinascita e apertura verso un futuro. E poi l\u2019intervista ad una bambina, oggi novantenne, che ha sperimentato cosa significa fuggire, nascondersi, avere paura e poi poter riemergere e continuare a sentire il sapore autentico dell\u2019esistenza.<\/h4>\n<p>&nbsp;<\/p>\n<p><em><strong>Fiammetta Bonsignore<\/strong>, nata a Palermo nel 1959 ma friulana d\u2019adozione, laureata in lettere e filosofia all\u2019Universit\u00e0 di Palermo, ha insegnato storia e filosofia nei licei e si \u00e8 sempre dedicata alla ricerca sulla Shoah e le sue connotazioni. Ha tenuto conferenze su tale tematica e scritto articoli. Questa \u00e8 la sua prima esperienza da autrice.<\/em><\/p>\n<p><em><strong>Tiziana Menotti<\/strong> (Udine, 1954), ha studiato medicina all\u2019Universit\u00e0 di Padova e Mediazione culturale e Traduzione delle lingue dell\u2019Europa centro-orientale presso l\u2019Universit\u00e0 di Udine. Ha tradotto numerosi testi biografici di personaggi della cultura, della storia, dell\u2019arte e della religione delle terre ceche. Si occupa soprattutto della storia della Cecoslovacchia del Novecento.<\/em><\/p>\n<p>&nbsp;<\/p>\n","protected":false},"excerpt":{"rendered":"<h4><em><span style=\"color: #800000;\">INFANZIE PERDUTE, INFANZIE RITROVATE AI TEMPI DELLA SHOAH<\/span><\/em><\/h4>\n<h4><\/h4>\n<p>&nbsp;<\/p>\n<h4>di <strong><a href=\"http:\/\/shop.kappavu.it\/KV\/autori-al\/#fiammetta-bonsignore\">FIAMMETTA BONSIGNORE<\/a><\/strong> e <strong><a href=\"http:\/\/shop.kappavu.it\/KV\/autori-mz\/#tiziana-menotti\">TIZIANA MENOTTI<\/a><\/strong><\/h4>\n<div class=\"\">\n<p><strong>\u00abCi sar\u00e0 ancora domani questo cielo?\u00bb \u00e8 la domanda che una tra le bambine e i bambini di cui qui si narra la storia si pone, dopo aver sperimentato l\u2019assenza di cielo, la fame, la sete, la mancanza delle figure parentali, la privazione del gioco, quando si rende conto che qualcosa \u00e8 cambiato. Adesso c\u2019\u00e8 un cielo, c\u2019\u00e8 un letto, c\u2019\u00e8 latte e pane, c\u2019\u00e8 un azzurro da poter guardare.<\/strong><\/p>\n<p><strong>Ci sar\u00e0 ancora domani questo cielo? \u00e8 il titolo pi\u00f9 adatto per questo libro che tratta, attraverso racconti di storie individuali e collettive, dentro spazi italiani ed europei, in un contesto storico che va dal 1938 alla fine della Seconda guerra mondiale, l\u2019infanzia e le sue connotazioni di dolore e sofferenza ma anche di resistenza e speranza.<\/strong><\/p>\n<p>&nbsp;<\/p>\n<\/div>\n","protected":false},"featured_media":2984,"comment_status":"open","ping_status":"closed","template":"","meta":[],"product_brand":[],"product_cat":[2708,19,2709],"product_tag":[1030,1031,2702,1585,2700,2706,2705,2704,227,2698,2703,827,2701,1033,828,437,2699,1036,443,1345,2697,620,2707],"class_list":{"0":"post-2971","1":"product","2":"type-product","3":"status-publish","4":"has-post-thumbnail","6":"product_cat-fiammetta-bonsignore","7":"product_cat-storia","8":"product_cat-tiziana-menotti","9":"product_tag-18-settembre-1938","10":"product_tag-adunata-oceanica","11":"product_tag-auschwitz","12":"product_tag-campi-di-concentramento","13":"product_tag-campi-di-sterminio","14":"product_tag-comunita-ebraica","15":"product_tag-ebrei-a-roma","16":"product_tag-ebrei-romani","17":"product_tag-fascismo","18":"product_tag-fiammetta-bonsignore","19":"product_tag-ghetto-di-roma","20":"product_tag-italia-fascista","21":"product_tag-lager","22":"product_tag-leggi-razziali","23":"product_tag-lotta-al-fascismo","24":"product_tag-nazismo","25":"product_tag-persecuzione-degli-ebrei","26":"product_tag-razzismo","27":"product_tag-razzismo-fascista","28":"product_tag-shoah","29":"product_tag-tiziana-menotti","30":"product_tag-trieste","31":"product_tag-umbertina-gentilli","33":"first","34":"instock","35":"shipping-taxable","36":"purchasable","37":"product-type-simple","38":"customify-col"},"_links":{"self":[{"href":"https:\/\/shop.kappavu.it\/KV\/wp-json\/wp\/v2\/product\/2971","targetHints":{"allow":["GET"]}}],"collection":[{"href":"https:\/\/shop.kappavu.it\/KV\/wp-json\/wp\/v2\/product"}],"about":[{"href":"https:\/\/shop.kappavu.it\/KV\/wp-json\/wp\/v2\/types\/product"}],"replies":[{"embeddable":true,"href":"https:\/\/shop.kappavu.it\/KV\/wp-json\/wp\/v2\/comments?post=2971"}],"wp:featuredmedia":[{"embeddable":true,"href":"https:\/\/shop.kappavu.it\/KV\/wp-json\/wp\/v2\/media\/2984"}],"wp:attachment":[{"href":"https:\/\/shop.kappavu.it\/KV\/wp-json\/wp\/v2\/media?parent=2971"}],"wp:term":[{"taxonomy":"product_brand","embeddable":true,"href":"https:\/\/shop.kappavu.it\/KV\/wp-json\/wp\/v2\/product_brand?post=2971"},{"taxonomy":"product_cat","embeddable":true,"href":"https:\/\/shop.kappavu.it\/KV\/wp-json\/wp\/v2\/product_cat?post=2971"},{"taxonomy":"product_tag","embeddable":true,"href":"https:\/\/shop.kappavu.it\/KV\/wp-json\/wp\/v2\/product_tag?post=2971"}],"curies":[{"name":"wp","href":"https:\/\/api.w.org\/{rel}","templated":true}]}}