{"id":2934,"date":"2023-03-22T21:19:02","date_gmt":"2023-03-22T20:19:02","guid":{"rendered":"https:\/\/shop.kappavu.it\/KV\/?post_type=product&#038;p=2934"},"modified":"2023-03-25T12:24:16","modified_gmt":"2023-03-25T11:24:16","slug":"zaraton","status":"publish","type":"product","link":"https:\/\/shop.kappavu.it\/KV\/prodotto\/zaraton\/","title":{"rendered":"ZARATON"},"content":{"rendered":"<h4><\/h4>\n<h4><strong><span style=\"color: #003366;\">Il nem\u00e2l nol p\u00e2r v\u00ea sanc, ni fr\u00eat, ni cjalt, budiei, vues, o une cualsisei struture interne. Lis scais a son di piere, lis sgrifis ancje, e compagn il bec, dret e forop\u00e2t a sofl\u00e2 f\u00fbr te aghe pissandis ledrosis altis tant che pala\u00e7s di cinc plans. E p\u00fbr, dentri chel d\u00fbr, da\u00fbr di chel scus di clap, lui al respire. Nissun al podar\u00e8s dine\u00e2lu, a l\u00e2i dongje. A l\u00e2i dongje e\u2026 scolt\u00e2.<\/span><\/strong><br \/>\n<strong><span style=\"color: #003366;\">E se lis vicendis dal Fri\u00fbl no jerin mai interessadis a di nissun, cum\u00f2 lis vicendis di Fri\u00fbl a interessin a ducj. Fri\u00fbl si \u00e8 sve\u00e2t, scjassantsi vie insiemi al articul determinat\u00eef la plui part dai furlans e dal mont come che si lu cognosseve prime di lui.<\/span><\/strong><\/h4>\n<h4><em>L\u2019animale non sembra aver sangue, n\u00e9 freddo, n\u00e9 caldo, budella, ossa o qualsiasi altra struttura interna. Le squame sono di pietra, cos\u00ec gli artigli e il becco, dritto e foracchiato per soffiare nell\u2019acqua e rovesciare sul mondo cascate alte come palazzi di cinque piani. Eppure, dentro quel guscio di sassi, lui respira. Nessuno potrebbe negarlo, andandogli vicino. Andandogli vicino e&#8230; ascoltando.<\/em><br \/>\n<em>E se le vicende del Friuli non avevano mai interessato nessuno, ora le vicende di Fri\u00fbl interessano tutti. Fri\u00fbl si \u00e8 svegliato, scrollandosi via insieme all\u2019articolo determinativo la gran parte dei friulani e del mondo come lo si conosceva prima di lui.<\/em><\/h4>\n<p>&nbsp;<\/p>\n","protected":false},"excerpt":{"rendered":"<p>&nbsp;<\/p>\n<h4>di <strong><a href=\"http:\/\/shop.kappavu.it\/KV\/autori-mz\/#raffaele-serafini\">RAFFAELE SERAFINI<\/a><\/strong><\/h4>\n<p><span style=\"color: #003366;\"><strong>3 di Avr\u00eel dal 2023. Une sere che e segne une cesure inte storie dal mont, un \u00e7oncj\u00e2 definit\u00eef che al ven da\u00fbr de pandemie e de vuere europeane. Une bestie e \u00e0 paron\u00e2t dut. Ogni voli, ogni pins\u00eer, ogni discors, ogni cj\u00e2f, ogni vivent\u2026 ogni event de Tiere. Nol \u00e8 rest\u00e2t spazi par altri, di nissune bande.<\/strong><\/span><\/p>\n<p><em><strong>3 aprile 2023. Una sera che costituisce una cesura nella storia del mondo, un taglio definitivo dopo la pandemia e la guerra in Europa. Una bestia si \u00e8 impossessata di tutto. Ogni occhio, ogni pensiero, ogni discorso, ogni mente, ogni vivente, ogni evento della Terra. Non resta spazio per altro, da nessuna parte.<\/strong><\/em><\/p>\n<p>&nbsp;<\/p>\n<p><span style=\"color: #008000;\"><strong>LIBRO CHE UTILIZZA <span style=\"color: #ff0000;\">EASYREADING FONT &#8211; DISLEXIA FRIENDLY<\/span> per una lettura pi\u00f9 facile!<\/strong><\/span><\/p>\n<p>&nbsp;<\/p>\n","protected":false},"featured_media":2936,"comment_status":"open","ping_status":"closed","template":"","meta":[],"product_brand":[],"product_cat":[21,22,196],"product_tag":[254,255,256,2692,554,258,257,259,633,2689,1092,1089,262,263,2690,2691],"class_list":{"0":"post-2934","1":"product","2":"type-product","3":"status-publish","4":"has-post-thumbnail","6":"product_cat-friulano","7":"product_cat-la_comugne","8":"product_cat-raffaele-serafini","9":"product_tag-contis","10":"product_tag-contis-curtis","11":"product_tag-famee","12":"product_tag-friul","13":"product_tag-friuli","14":"product_tag-la-comugne","15":"product_tag-lestizza","16":"product_tag-racconti","17":"product_tag-raffaele-serafini","18":"product_tag-romanc","19":"product_tag-romanc-par-furlan","20":"product_tag-romanzo-in-friulano","21":"product_tag-sclaunicco","22":"product_tag-serafini","23":"product_tag-zaratan","24":"product_tag-zaraton","26":"first","27":"instock","28":"shipping-taxable","29":"purchasable","30":"product-type-simple","31":"customify-col","32":"product-has-gallery"},"_links":{"self":[{"href":"https:\/\/shop.kappavu.it\/KV\/wp-json\/wp\/v2\/product\/2934","targetHints":{"allow":["GET"]}}],"collection":[{"href":"https:\/\/shop.kappavu.it\/KV\/wp-json\/wp\/v2\/product"}],"about":[{"href":"https:\/\/shop.kappavu.it\/KV\/wp-json\/wp\/v2\/types\/product"}],"replies":[{"embeddable":true,"href":"https:\/\/shop.kappavu.it\/KV\/wp-json\/wp\/v2\/comments?post=2934"}],"wp:featuredmedia":[{"embeddable":true,"href":"https:\/\/shop.kappavu.it\/KV\/wp-json\/wp\/v2\/media\/2936"}],"wp:attachment":[{"href":"https:\/\/shop.kappavu.it\/KV\/wp-json\/wp\/v2\/media?parent=2934"}],"wp:term":[{"taxonomy":"product_brand","embeddable":true,"href":"https:\/\/shop.kappavu.it\/KV\/wp-json\/wp\/v2\/product_brand?post=2934"},{"taxonomy":"product_cat","embeddable":true,"href":"https:\/\/shop.kappavu.it\/KV\/wp-json\/wp\/v2\/product_cat?post=2934"},{"taxonomy":"product_tag","embeddable":true,"href":"https:\/\/shop.kappavu.it\/KV\/wp-json\/wp\/v2\/product_tag?post=2934"}],"curies":[{"name":"wp","href":"https:\/\/api.w.org\/{rel}","templated":true}]}}