{"id":2614,"date":"2020-10-21T19:46:34","date_gmt":"2020-10-21T17:46:34","guid":{"rendered":"https:\/\/shop.kappavu.it\/KV\/?post_type=product&#038;p=2614"},"modified":"2022-10-21T20:04:17","modified_gmt":"2022-10-21T18:04:17","slug":"canzone-del-disordine","status":"publish","type":"product","link":"https:\/\/shop.kappavu.it\/KV\/prodotto\/canzone-del-disordine\/","title":{"rendered":"CANZONE DEL DISORDINE + CD"},"content":{"rendered":"<h4><\/h4>\n<h4>Inauguriamo la nuova collana di narrativa con un giallo psicologico ambientato in Friuli. Non \u00e8 facile il genere. Non era facile ambientarlo in Friuli. Ma la trama \u00e8 ben costruita e il narrare serrato. \u00c8 una Udine inedita, una Udine &#8220;altra&#8221;, ribelle e visionaria, quella che emerge da questo racconto, eppure vera, perch\u00e9 l&#8217;invenzione narrativa si inserisce in un contesto reale che qui \u00e8 rappresentato nelle bellissime foto di Piermario Ciani. In quegli anni Settanta ad Udine c&#8217;era un circolo anarchico, un centro sociale (marginale? emarginato dai mass media, piuttosto; ma anche orgogliosamente autoemarginantesi rispetto alla cultura ufficiale) in cui musica, cultura e storia locale si intrecciavano con quelle del mondo.<\/h4>\n<h4>Al libro, come \u00e8 giusto che accada per la prova di un musicista, si accompagna un cd. Registrazioni live estremamente interessanti come testimonianza dell&#8217;epoca. Ma anche della personalit\u00e0 vulcanica di Rocco Burtone.<\/h4>\n<h4><em>Alessandra Kersevan<\/em><\/h4>\n<p>&nbsp;<\/p>\n","protected":false},"excerpt":{"rendered":"<p>&nbsp;<\/p>\n<h4>di <strong><a href=\"http:\/\/shop.kappavu.it\/KV\/autori-mz\/#rocco-burtone\">ROCCO BURTONE<\/a><\/strong><\/h4>\n<p><span style=\"color: #800000;\"><strong><em>Lontano, profano, pacchiano: io m&#8217;esprimo in modo strano, umano.<\/em><\/strong><\/span><\/p>\n<p><span style=\"color: #800000;\"><strong><em>Ma tutto quello che racconto, sono balle che ho inventato.<\/em><\/strong><\/span><\/p>\n<p><strong>Inauguriamo la nuova collana di narrativa con un giallo psicologico ambientato in Friuli. Non \u00e8 facile il genere. Non era facile ambientarlo in Friuli. Ma la trama \u00e8 ben costruita e il narrare serrato. \u00c8 una Udine inedita, una Udine &#8220;altra&#8221;, ribelle e visionaria, quella che emerge da questo racconto, eppure vera, perch\u00e9 l&#8217;invenzione narrativa si inserisce in un contesto reale che qui \u00e8 rappresentato nelle bellissime foto di Piermario Ciani. In quegli anni Settanta ad Udine c&#8217;era un circolo anarchico, un centro sociale (marginale? emarginato dai mass media, piuttosto; ma anche orgogliosamente autoemarginantesi rispetto alla cultura ufficiale) in cui musica, cultura e storia locale si intrecciavano con quelle del mondo.<\/strong><\/p>\n<p><strong>Al libro, come \u00e8 giusto che accada per la prova di un musicista, si accompagna un cd. Registrazioni live estremamente interessanti come testimonianza dell&#8217;epoca. Ma anche della personalit\u00e0 vulcanica di Rocco Burtone.<\/strong><\/p>\n<p><strong><em>Alessandra Kersevan<\/em><\/strong><\/p>\n<p>&nbsp;<\/p>\n","protected":false},"featured_media":2615,"comment_status":"open","ping_status":"closed","template":"","meta":[],"product_brand":[],"product_cat":[18,241],"product_tag":[1853,2640,459,2639,2638,538,550,1159,762],"class_list":{"0":"post-2614","1":"product","2":"type-product","3":"status-publish","4":"has-post-thumbnail","6":"product_cat-narrativa","7":"product_cat-rocco-burtone","8":"product_tag-anni-settanta","9":"product_tag-centro-sociale","10":"product_tag-narrativa-friulana","11":"product_tag-rocco-burtone","12":"product_tag-romanzo-ambientato-a-udine","13":"product_tag-romanzo-ambientato-in-friuli","14":"product_tag-romanzo-friulano","15":"product_tag-romanzo-thriller","16":"product_tag-udine","18":"first","19":"instock","20":"sale","21":"shipping-taxable","22":"purchasable","23":"product-type-simple","24":"customify-col","25":"product-has-gallery"},"_links":{"self":[{"href":"https:\/\/shop.kappavu.it\/KV\/wp-json\/wp\/v2\/product\/2614","targetHints":{"allow":["GET"]}}],"collection":[{"href":"https:\/\/shop.kappavu.it\/KV\/wp-json\/wp\/v2\/product"}],"about":[{"href":"https:\/\/shop.kappavu.it\/KV\/wp-json\/wp\/v2\/types\/product"}],"replies":[{"embeddable":true,"href":"https:\/\/shop.kappavu.it\/KV\/wp-json\/wp\/v2\/comments?post=2614"}],"wp:featuredmedia":[{"embeddable":true,"href":"https:\/\/shop.kappavu.it\/KV\/wp-json\/wp\/v2\/media\/2615"}],"wp:attachment":[{"href":"https:\/\/shop.kappavu.it\/KV\/wp-json\/wp\/v2\/media?parent=2614"}],"wp:term":[{"taxonomy":"product_brand","embeddable":true,"href":"https:\/\/shop.kappavu.it\/KV\/wp-json\/wp\/v2\/product_brand?post=2614"},{"taxonomy":"product_cat","embeddable":true,"href":"https:\/\/shop.kappavu.it\/KV\/wp-json\/wp\/v2\/product_cat?post=2614"},{"taxonomy":"product_tag","embeddable":true,"href":"https:\/\/shop.kappavu.it\/KV\/wp-json\/wp\/v2\/product_tag?post=2614"}],"curies":[{"name":"wp","href":"https:\/\/api.w.org\/{rel}","templated":true}]}}