{"id":2462,"date":"2022-07-19T13:07:41","date_gmt":"2022-07-19T11:07:41","guid":{"rendered":"https:\/\/shop.kappavu.it\/KV\/?post_type=product&#038;p=2462"},"modified":"2022-07-19T13:23:44","modified_gmt":"2022-07-19T11:23:44","slug":"fiori-rossi-dal-treno","status":"publish","type":"product","link":"https:\/\/shop.kappavu.it\/KV\/prodotto\/fiori-rossi-dal-treno\/","title":{"rendered":"FIORI ROSSI DAL TRENO"},"content":{"rendered":"<h4><\/h4>\n<h4>La poesia di Benedetti \u00e8 quasi sempre un turbin\u00eco dal quale \u00e8 difficile, forse impossibile non lasciarsi trasportare. I piani di lettura sono tanti, le situazioni le pi\u00f9 varie, i confini non si vedono e probabilmente non ci sono: cos\u00ec seguiamo (o cerchiamo di farlo) i salti temporali e spaziali (\u00abPassa un camion nella pioggia a Udine, \/ profumo di cemento \/ di Boston, sono l\u00ec\u00bb), le contorsioni arabesche della memoria, l&#8217;ironia ma soprattutto l&#8217;autoironia (\u00abSar\u00f2 ricco e finalmente \/ lascer\u00f2 la poesia.\u00bb), ma anche le descrizioni minimaliste, a una prima lettura delicate, come quelle di primule, margherite e crochi che certo, sono i fiori che conosciamo, ma che nel racconto del poeta diventano solo particolare o sfondo di un paesaggio che ha necessit\u00e0 di emergere, di essere parola viva. E poi, aspetto da non tralasciare, un&#8217;attenzione per chi non ha e non pu\u00f2, per quella miseria che \u00abti fa essere amico di tutti.\u00bb<\/h4>\n<h4>(<em>Dalla prefazione di Michele Obit<\/em>)<\/h4>\n<p>&nbsp;<\/p>\n","protected":false},"excerpt":{"rendered":"<p>&nbsp;<\/p>\n<h4>di <strong><a href=\"http:\/\/shop.kappavu.it\/KV\/autori-mz\/#maurizio-benedetti\">MAURIZIO BENEDETTI<\/a><\/strong><\/h4>\n<p>&nbsp;<\/p>\n<p><b>La prima cosa che mi viene naturale scrivere, quasi di getto, pensando alla poesia di Maurizio Benedetti, \u00e8 quanta forza ci sia nelle sue parole. La forza che le parole hanno da sole, senza bisogno di altro. Senza bisogno nemmeno della sua voce. Che pure \u00e8 presente, partecipe in chi come me ha la fortuna di averlo ascoltato tante volte declamare, spesso a memoria, i suoi versi. Ma \u00e8 necessario, qui, mettere da parte la voce, il corpo di Maurizio, e farsi invece trasportare solo dalla forza della sua poesia. Una forza presente anche in questa sua quinta opera (in un percorso iniziato nel 2006, con una raccolta breve, e poi consolidato nel tempo), dove (ri)emergono temi cari e situazioni di vita quotidiana che l&#8217;autore riesce a raccontare poeticamente con il tocco che contraddistingue la sua poesia: lo scarto, il rovescio del banale, la sorpresa, a volte anche la carezza lirica che si trasforma in pugno.<\/b><\/p>\n<p><strong>(<em>Dalla prefazione di Michele Obit<\/em>)<\/strong><\/p>\n<p>&nbsp;<\/p>\n","protected":false},"featured_media":2463,"comment_status":"open","ping_status":"closed","template":"","meta":[],"product_brand":[],"product_cat":[25,184,27],"product_tag":[375,551,376,378,377,2636,380,379,560,303,304,381],"class_list":{"0":"post-2462","1":"product","2":"type-product","3":"status-publish","4":"has-post-thumbnail","6":"product_cat-discanto","7":"product_cat-maurizio-benedetti","8":"product_cat-poesia","9":"product_tag-ara-di-tricesimo","10":"product_tag-autore-friulano","11":"product_tag-autori-friulani","12":"product_tag-giovanni-fierro","13":"product_tag-maurizio-benedetti","14":"product_tag-michele-obit","15":"product_tag-poesie-di-autori-friulani","16":"product_tag-poesie-friulane","17":"product_tag-poesie-in-friulano","18":"product_tag-raccolta-di-poesie","19":"product_tag-raccolta-di-poesie-friulane","20":"product_tag-tricesimo","22":"first","23":"instock","24":"shipping-taxable","25":"purchasable","26":"product-type-simple","27":"customify-col","28":"product-has-gallery"},"_links":{"self":[{"href":"https:\/\/shop.kappavu.it\/KV\/wp-json\/wp\/v2\/product\/2462","targetHints":{"allow":["GET"]}}],"collection":[{"href":"https:\/\/shop.kappavu.it\/KV\/wp-json\/wp\/v2\/product"}],"about":[{"href":"https:\/\/shop.kappavu.it\/KV\/wp-json\/wp\/v2\/types\/product"}],"replies":[{"embeddable":true,"href":"https:\/\/shop.kappavu.it\/KV\/wp-json\/wp\/v2\/comments?post=2462"}],"wp:featuredmedia":[{"embeddable":true,"href":"https:\/\/shop.kappavu.it\/KV\/wp-json\/wp\/v2\/media\/2463"}],"wp:attachment":[{"href":"https:\/\/shop.kappavu.it\/KV\/wp-json\/wp\/v2\/media?parent=2462"}],"wp:term":[{"taxonomy":"product_brand","embeddable":true,"href":"https:\/\/shop.kappavu.it\/KV\/wp-json\/wp\/v2\/product_brand?post=2462"},{"taxonomy":"product_cat","embeddable":true,"href":"https:\/\/shop.kappavu.it\/KV\/wp-json\/wp\/v2\/product_cat?post=2462"},{"taxonomy":"product_tag","embeddable":true,"href":"https:\/\/shop.kappavu.it\/KV\/wp-json\/wp\/v2\/product_tag?post=2462"}],"curies":[{"name":"wp","href":"https:\/\/api.w.org\/{rel}","templated":true}]}}