{"id":2392,"date":"2022-06-14T15:39:25","date_gmt":"2022-06-14T13:39:25","guid":{"rendered":"https:\/\/shop.kappavu.it\/KV\/?post_type=product&#038;p=2392"},"modified":"2022-06-15T21:02:17","modified_gmt":"2022-06-15T19:02:17","slug":"itinerari-tra-due-stagioni","status":"publish","type":"product","link":"https:\/\/shop.kappavu.it\/KV\/prodotto\/itinerari-tra-due-stagioni\/","title":{"rendered":"ITINERARI TRA DUE STAGIONI"},"content":{"rendered":"<h4><\/h4>\n<h4><\/h4>\n<h4>Nel costante interscambio tra natura e pensiero, balzano alla ribalta argomenti non semplici, come la parit\u00e0 di genere,<br \/>\nl\u2019uguaglianza, l\u2019ambiente, l\u2019uso scorretto e manipolatore delle parole, il pericolo di una sanit\u00e0 privata che discrimini<br \/>\nulteriormente i pi\u00f9 deboli\u2026<br \/>\nMaria Angela Bertoni si chiede: \u00abCui prodest sostenere la necessit\u00e0 di un superamento della Legge 180, nella Regione<br \/>\ndove \u00e8 stata in buona misura applicata, ed \u00e8 ancora vivo l\u2019impegno di chi opera sul campo per concretizzare il<br \/>\nmandato legislativo?\u00bb (dalla prefazione di Gianpaolo Carbonetto)<\/h4>\n<h4>Se certi poteri resistono la responsabilit\u00e0 \u00e8 anche nostra: \u00e8 il nostro eccesso di obbedienza che permette loro di durare.<br \/>\nPer questo siamo grati all\u2019autrice, perch\u00e9 si \u00e8 interrogata e ha risposto, e raccontandoci la strada percorsa ci ha indicato<br \/>\nuna strada, che si nutre di tempo, di attenzione, di bellezza: una bellezza semplice, a portata di mano, dietro casa<br \/>\nnostra. Una bellezza contagiosa che ci spinge ad andare, a partire, a lasciare le nostre sicurezze per orizzonti pi\u00f9 ampi.<br \/>\nPerch\u00e9 ognuno possa trovare il suo Matajur. (dalla postfazione di Fabiana Martini)<\/h4>\n<p>&nbsp;<\/p>\n","protected":false},"excerpt":{"rendered":"<h4><span style=\"color: #800000;\"><em>DIALOGO CON I LUOGHI IN TEMPI DI PANDEMIA E CRISI<\/em><\/span><\/h4>\n<p>&nbsp;<\/p>\n<h4>di <strong><a href=\"http:\/\/shop.kappavu.it\/KV\/autori-mz\/#maria-angela-bertoni\">MARIA ANGELA BERTONI<\/a><\/strong><\/h4>\n<p><strong>Camminare ricordando aiuta a rendere attuale il presente, a vivere una progettualit\u00e0 possibile e a tenere lo sguardo verso il cielo. Come nel paesaggio boschivo quando entra la luce tra gli alberi e si intravedono nuove fioriture e inaspettati sentieri, cos\u00ec camminando affiorano immagini, ricordi, emozioni, la sensibilit\u00e0 interiore pu\u00f2 farsi voce e dialogo con il mondo esterno, si consolida un metodo per cercare il senso di ci\u00f2 che accade, si aprono nuove possibilit\u00e0 di respiro per i pensieri.<\/strong><br \/>\n<strong>In una fase ancora aspra della pandemia, nei primi mesi del 2021, in un tempo di mezzo fra l\u2019inverno che ancora si faceva sentire e la primavera che cominciava a manifestarsi, avevo scelto di percorrere brevi itinerari tra quelli possibili per le contenute modalit\u00e0 di incontri e di spostamenti vincolate dai decreti di prevenzione.<\/strong><br \/>\n<strong>Il ricordare e narrare scrivendo e disegnando sono nati da un ascolto interiore dell\u2019esperienza vissuta, verit\u00e0 soggettiva, e dell\u2019attesa di ci\u00f2 che \u00e8 ancora da vivere.<\/strong><\/p>\n<p>&nbsp;<\/p>\n","protected":false},"featured_media":2393,"comment_status":"open","ping_status":"closed","template":"","meta":[],"product_brand":[],"product_cat":[25,1024,2632,30],"product_tag":[1687,1688,1689,1690,1691,434,1692,1693,1694,1695,1255,772,1696,1697,1698,1699,1700],"class_list":{"0":"post-2392","1":"product","2":"type-product","3":"status-publish","4":"has-post-thumbnail","6":"product_cat-discanto","7":"product_cat-lavoro-e-societa","8":"product_cat-maria-angela-bertoni","9":"product_cat-saggistica","10":"product_tag-coronavirus","11":"product_tag-covid-19","12":"product_tag-covid19","13":"product_tag-epidemia","14":"product_tag-gianpaolo-carbonetto","15":"product_tag-maria-angela-bertoni","16":"product_tag-pandemia","17":"product_tag-pandemia-da-coronavirus","18":"product_tag-profezie","19":"product_tag-riflessione-filosofica","20":"product_tag-riflessione-politica","21":"product_tag-riflessioni-filosofiche","22":"product_tag-scritti-sociali","23":"product_tag-scritti-sulla-pandemia","24":"product_tag-societa-moderna","25":"product_tag-tematiche-sociali","26":"product_tag-teorie-sociali","28":"first","29":"instock","30":"shipping-taxable","31":"purchasable","32":"product-type-simple","33":"customify-col"},"_links":{"self":[{"href":"https:\/\/shop.kappavu.it\/KV\/wp-json\/wp\/v2\/product\/2392","targetHints":{"allow":["GET"]}}],"collection":[{"href":"https:\/\/shop.kappavu.it\/KV\/wp-json\/wp\/v2\/product"}],"about":[{"href":"https:\/\/shop.kappavu.it\/KV\/wp-json\/wp\/v2\/types\/product"}],"replies":[{"embeddable":true,"href":"https:\/\/shop.kappavu.it\/KV\/wp-json\/wp\/v2\/comments?post=2392"}],"wp:featuredmedia":[{"embeddable":true,"href":"https:\/\/shop.kappavu.it\/KV\/wp-json\/wp\/v2\/media\/2393"}],"wp:attachment":[{"href":"https:\/\/shop.kappavu.it\/KV\/wp-json\/wp\/v2\/media?parent=2392"}],"wp:term":[{"taxonomy":"product_brand","embeddable":true,"href":"https:\/\/shop.kappavu.it\/KV\/wp-json\/wp\/v2\/product_brand?post=2392"},{"taxonomy":"product_cat","embeddable":true,"href":"https:\/\/shop.kappavu.it\/KV\/wp-json\/wp\/v2\/product_cat?post=2392"},{"taxonomy":"product_tag","embeddable":true,"href":"https:\/\/shop.kappavu.it\/KV\/wp-json\/wp\/v2\/product_tag?post=2392"}],"curies":[{"name":"wp","href":"https:\/\/api.w.org\/{rel}","templated":true}]}}