{"id":2111,"date":"2022-04-30T15:24:35","date_gmt":"2022-04-30T13:24:35","guid":{"rendered":"https:\/\/shop.kappavu.it\/KV\/?post_type=product&#038;p=2111"},"modified":"2022-10-21T14:43:36","modified_gmt":"2022-10-21T12:43:36","slug":"piero-pezze","status":"publish","type":"product","link":"https:\/\/shop.kappavu.it\/KV\/prodotto\/piero-pezze\/","title":{"rendered":"PIERO PEZZ\u00c8"},"content":{"rendered":"<h4><\/h4>\n<h4>La figura artistica di Piero Pezz\u00e8 viene delineata nei tratti salienti di una vita intensa e faticosa, in un pi\u00f9 ampio quadro rievocativo attinente alle emergenti caratteristiche di una terra di forti potenzialit\u00e0 civili e sociali, quale \u00e8 il Friuli. La sua \u00e8 un\u2019opera composita di vaste proporzioni, in un incessante alternarsi di generi, riflettenti l\u2019inquietudine, la problematicit\u00e0 della musica del nostro tempo.<\/h4>\n<p>&nbsp;<\/p>\n","protected":false},"excerpt":{"rendered":"<h4><span style=\"color: #800000;\"><em>MUSICISTA EUROPEO NEL FRIULI DEL NOVECENTO<\/em><\/span><\/h4>\n<p>&nbsp;<\/p>\n<h4>di <strong><a href=\"http:\/\/shop.kappavu.it\/KV\/autori-mz\/#pierluigi-visintin\">PIERLUIGI VISINTIN<\/a><\/strong><\/h4>\n<div class=\"\">\n<p><strong>Analisi estetico-musicale di\u00a0<a href=\"http:\/\/shop.kappavu.it\/KV\/autori-al\/#claudio-cojaniz\">CLAUDIO COJANIZ<\/a><\/strong><\/p>\n<p><strong>Analisi della produzione corale a cura di\u00a0<span style=\"color: #800000;\">Gilberto Pressacco<\/span><\/strong><\/p>\n<p><strong>La figura artistica di Piero Pezz\u00e8 viene delineata nei tratti salienti di una vita intensa e faticosa, in un pi\u00f9 ampio quadro rievocativo attinente alle emergenti caratteristiche di una terra di forti potenzialit\u00e0 civili e sociali, quale \u00e8 il Friuli. La sua \u00e8 un\u2019opera composita di vaste proporzioni, in un incessante alternarsi di generi, riflettenti l\u2019inquietudine, la problematicit\u00e0 della musica del nostro tempo.<\/strong><\/p>\n<p>&nbsp;<\/p>\n<\/div>\n","protected":false},"featured_media":2112,"comment_status":"open","ping_status":"closed","template":"","meta":[],"product_brand":[],"product_cat":[23,53,28,30,31],"product_tag":[838,1758,2567,2568,2569,2566,2570,2571,2572,2573,2574,1775,1065,2565],"class_list":{"0":"post-2111","1":"product","2":"type-product","3":"status-publish","4":"has-post-thumbnail","6":"product_cat-biografie","7":"product_cat-pierluigi-visintin","8":"product_cat-quaderni_del_picchio","9":"product_cat-saggistica","10":"product_cat-teatro_e_musica","11":"product_tag-claudio-cojaniz","12":"product_tag-cojaniz","13":"product_tag-compositore-friulano","14":"product_tag-compositori-friulani","15":"product_tag-conservatorio-di-udine","16":"product_tag-gilberto-pressacco","17":"product_tag-musica-classica-friulana","18":"product_tag-musica-classica-in-friuli","19":"product_tag-musica-friulana","20":"product_tag-musica-friulana-del-novecento","21":"product_tag-musica-in-friuli","22":"product_tag-picchio-visintin","23":"product_tag-pierluigi-visintin","24":"product_tag-piero-pezze","26":"first","27":"instock","28":"sale","29":"shipping-taxable","30":"purchasable","31":"product-type-simple","32":"customify-col"},"_links":{"self":[{"href":"https:\/\/shop.kappavu.it\/KV\/wp-json\/wp\/v2\/product\/2111","targetHints":{"allow":["GET"]}}],"collection":[{"href":"https:\/\/shop.kappavu.it\/KV\/wp-json\/wp\/v2\/product"}],"about":[{"href":"https:\/\/shop.kappavu.it\/KV\/wp-json\/wp\/v2\/types\/product"}],"replies":[{"embeddable":true,"href":"https:\/\/shop.kappavu.it\/KV\/wp-json\/wp\/v2\/comments?post=2111"}],"wp:featuredmedia":[{"embeddable":true,"href":"https:\/\/shop.kappavu.it\/KV\/wp-json\/wp\/v2\/media\/2112"}],"wp:attachment":[{"href":"https:\/\/shop.kappavu.it\/KV\/wp-json\/wp\/v2\/media?parent=2111"}],"wp:term":[{"taxonomy":"product_brand","embeddable":true,"href":"https:\/\/shop.kappavu.it\/KV\/wp-json\/wp\/v2\/product_brand?post=2111"},{"taxonomy":"product_cat","embeddable":true,"href":"https:\/\/shop.kappavu.it\/KV\/wp-json\/wp\/v2\/product_cat?post=2111"},{"taxonomy":"product_tag","embeddable":true,"href":"https:\/\/shop.kappavu.it\/KV\/wp-json\/wp\/v2\/product_tag?post=2111"}],"curies":[{"name":"wp","href":"https:\/\/api.w.org\/{rel}","templated":true}]}}