{"id":2109,"date":"2022-04-30T15:06:17","date_gmt":"2022-04-30T13:06:17","guid":{"rendered":"https:\/\/shop.kappavu.it\/KV\/?post_type=product&#038;p=2109"},"modified":"2022-10-21T14:42:45","modified_gmt":"2022-10-21T12:42:45","slug":"peraulis-crosadis-3","status":"publish","type":"product","link":"https:\/\/shop.kappavu.it\/KV\/prodotto\/peraulis-crosadis-3\/","title":{"rendered":"PERAULIS CROSADIS 3"},"content":{"rendered":"<h4><\/h4>\n<h4>Sal\u00fbt de Aministrazion Comun\u00e2l di Tavagn\u00e0<\/h4>\n<h4>Il progjet di cheste publicazion, tac\u00e2t cu la edizion pai fruts des scuelis primariis e po dopo des mediis, si siere cun chest librut indre\u00e7\u00e2t ai grancj, che al met adun simpri la lenghe furlane e il z\u00fbc.<br \/>\nIl zui\u00e2 di fat al \u00e8 une ativit\u00e2t che e impegne soredut i fruts, ma une vore preseade ancje dai grancj sedi pal divertiment che par impar\u00e2.<br \/>\nE je une ativit\u00e2t che nus compagne par dute la vite e che e \u00e0, ta chest c\u00e2s, une funzion di esercizi pe memorie, un inv\u00eet al resonament, une ocasion par impar\u00e2 simpri alc. E in m\u00fbt particol\u00e2r, impegn\u00e2si in cheste ativit\u00e2t par furlan al devente un mie\u00e7 par svicin\u00e2si ae marilenghe par chei che za le cognossin e par chei che a \u00e0n gust di impar\u00e2le, par chei che le fevelin ma no le san scrivi, par chei che le vivin tant che<br \/>\npart de l\u00f4r identit\u00e2t, inte cuotidianit\u00e2t, ma no van tal profont di cheste nestre risorse.<br \/>\nAl \u00e8 alore cun plas\u00ea che us auguri a ducj di pass\u00e2 dai biei moments di divertiment cun chescj doj struments, la marilenghe e il z\u00fbc.<\/h4>\n<h4>Un Mandi di c\u00fbr<br \/>\nIl Sindic<br \/>\nprof. Mario Pezzetta<\/h4>\n<h4><\/h4>\n","protected":false},"excerpt":{"rendered":"<h4><span style=\"color: #800000;\"><em>&#8230; E ALTRIS Z\u00dbCS ENIGMISTICS<\/em><\/span><\/h4>\n<p>&nbsp;<\/p>\n<h4>a cura di \/ par cure di <strong><a class=\"url fn n\" href=\"https:\/\/shop.kappavu.it\/KV\/autori-al\/#alessandra-kersevan\">ALESSANDRA KERSEVAN<\/a><\/strong>\u00a0e <strong><a class=\"url fn n\" href=\"https:\/\/shop.kappavu.it\/KV\/autori-al\/#giuliano-velliscig\">GIULIANO VELLISCIG<\/a><\/strong><\/h4>\n<p><strong>Un imprest didatic par impar\u00e0 zuiant. Il prin numar al \u00e8 pai fruts, il secont pai frutats de scuole medie, ma ancje gjoldibii e plasevui pai grants. Il tier\u00e7 numar par ducj.<\/strong><\/p>\n<p><strong><em>Imparare giocando. Il primo numero \u00e8 dedicato alle scuole elementari, il secondo ai ragazzi delle medie. Entrambi sono piacevoli e divertenti anche per i grandi. Il terzo numero \u00e8 per tutti.<\/em><\/strong><\/p>\n<p>&nbsp;<\/p>\n<h5><strong>E \u00e0 colabor\u00e2t:<\/strong><strong> Francesca Gregoricchio<\/strong><\/h5>\n<h5><strong>Dissens pai z\u00fbcs di Francesca Gregoricchio e Paola D\u2019Elia<\/strong><\/h5>\n<h5><strong>Dissen de cuvierte e impagjinazion: Paola D\u2019Elia<\/strong><\/h5>\n<h5><strong>Revision pe grafie ufici\u00e2l: Elena Pecile (Sportel pe lenghe furlane dal Comun di Tavagn\u00e0) e Donato Toffoli<\/strong><\/h5>\n<p>&nbsp;<\/p>\n","protected":false},"featured_media":2110,"comment_status":"open","ping_status":"closed","template":"","meta":[],"product_brand":[],"product_cat":[46,24,21,47],"product_tag":[529,687,2238,2239,2561,2240,2241,2242,941,943,940,942,2015],"class_list":{"0":"post-2109","1":"product","2":"type-product","3":"status-publish","4":"has-post-thumbnail","6":"product_cat-alessandra-kersevan","7":"product_cat-didatiche","8":"product_cat-friulano","9":"product_cat-giuliano-velliscig","10":"product_tag-alessandra-kersevan","11":"product_tag-didattica-in-friulano","12":"product_tag-enigmistica-in-friulano","13":"product_tag-giochi-enigmistici","14":"product_tag-giuliano-velliscig","15":"product_tag-parole-crociate-in-friulano","16":"product_tag-parole-incrociate-in-friulano","17":"product_tag-peraulis-crosadis","18":"product_tag-zucs-di-peraulis","19":"product_tag-zucs-di-peraulis-par-furlan","20":"product_tag-zucs-par-furlan","21":"product_tag-zuia-cu-lis-peraulis","22":"product_tag-zuia-cul-furlan","24":"first","25":"outofstock","26":"sale","27":"shipping-taxable","28":"purchasable","29":"product-type-simple","30":"customify-col"},"_links":{"self":[{"href":"https:\/\/shop.kappavu.it\/KV\/wp-json\/wp\/v2\/product\/2109","targetHints":{"allow":["GET"]}}],"collection":[{"href":"https:\/\/shop.kappavu.it\/KV\/wp-json\/wp\/v2\/product"}],"about":[{"href":"https:\/\/shop.kappavu.it\/KV\/wp-json\/wp\/v2\/types\/product"}],"replies":[{"embeddable":true,"href":"https:\/\/shop.kappavu.it\/KV\/wp-json\/wp\/v2\/comments?post=2109"}],"wp:featuredmedia":[{"embeddable":true,"href":"https:\/\/shop.kappavu.it\/KV\/wp-json\/wp\/v2\/media\/2110"}],"wp:attachment":[{"href":"https:\/\/shop.kappavu.it\/KV\/wp-json\/wp\/v2\/media?parent=2109"}],"wp:term":[{"taxonomy":"product_brand","embeddable":true,"href":"https:\/\/shop.kappavu.it\/KV\/wp-json\/wp\/v2\/product_brand?post=2109"},{"taxonomy":"product_cat","embeddable":true,"href":"https:\/\/shop.kappavu.it\/KV\/wp-json\/wp\/v2\/product_cat?post=2109"},{"taxonomy":"product_tag","embeddable":true,"href":"https:\/\/shop.kappavu.it\/KV\/wp-json\/wp\/v2\/product_tag?post=2109"}],"curies":[{"name":"wp","href":"https:\/\/api.w.org\/{rel}","templated":true}]}}