{"id":2100,"date":"2022-04-29T19:51:57","date_gmt":"2022-04-29T17:51:57","guid":{"rendered":"https:\/\/shop.kappavu.it\/KV\/?post_type=product&#038;p=2100"},"modified":"2022-05-23T04:20:27","modified_gmt":"2022-05-23T02:20:27","slug":"elderly-poetry","status":"publish","type":"product","link":"https:\/\/shop.kappavu.it\/KV\/prodotto\/elderly-poetry\/","title":{"rendered":"ELDERLY POETRY \/ AETAS POETICA"},"content":{"rendered":"<h4><\/h4>\n<h4>La sfida della voce nei luoghi dell\u2019estrema vecchiaia, l\u00e0 dove la protezione dello status, dell\u2019ideologia, finanche della corporeit\u00e0 sono fortemente indebolite. Un inventario di fatti, sentimenti, figure essenziali, quasi il poco bagaglio che si \u00e8 salvato dopo un naufragio e che si porter\u00e0 a riva.<\/h4>\n<p>&nbsp;<\/p>\n","protected":false},"excerpt":{"rendered":"<h4><span style=\"color: #800000;\"><em>ANTOLOGIA POETICA<\/em><\/span><\/h4>\n<p>&nbsp;<\/p>\n<h4>di <strong><a href=\"http:\/\/shop.kappavu.it\/KV\/autori-al\/#aa-vv\">AA. VV.<\/a><\/strong><\/h4>\n<p><strong>Una raccolta di poesie e racconti scritti da anziani di alcune case di riposo di Trieste all\u2019interno di un progetto finalizzato alla valorizzazione dell\u2019immaginario della \u201clibera et\u00e0\u201d.<\/strong><\/p>\n<p>&nbsp;<\/p>\n","protected":false},"featured_media":2101,"comment_status":"open","ping_status":"closed","template":"","meta":[],"product_brand":[],"product_cat":[77,27],"product_tag":[2541,2538,2540,2536,2535,2537,303,2539],"class_list":{"0":"post-2100","1":"product","2":"type-product","3":"status-publish","4":"has-post-thumbnail","6":"product_cat-aa-vv","7":"product_cat-poesia","8":"product_tag-aetas-poetica","9":"product_tag-antologia-poetica","10":"product_tag-anziani","11":"product_tag-autori-triestini","12":"product_tag-autrici-triestine","13":"product_tag-poesie-di-autori-triestini","14":"product_tag-raccolta-di-poesie","15":"product_tag-vecchiaia","17":"first","18":"instock","19":"sale","20":"shipping-taxable","21":"purchasable","22":"product-type-simple","23":"customify-col"},"_links":{"self":[{"href":"https:\/\/shop.kappavu.it\/KV\/wp-json\/wp\/v2\/product\/2100","targetHints":{"allow":["GET"]}}],"collection":[{"href":"https:\/\/shop.kappavu.it\/KV\/wp-json\/wp\/v2\/product"}],"about":[{"href":"https:\/\/shop.kappavu.it\/KV\/wp-json\/wp\/v2\/types\/product"}],"replies":[{"embeddable":true,"href":"https:\/\/shop.kappavu.it\/KV\/wp-json\/wp\/v2\/comments?post=2100"}],"wp:featuredmedia":[{"embeddable":true,"href":"https:\/\/shop.kappavu.it\/KV\/wp-json\/wp\/v2\/media\/2101"}],"wp:attachment":[{"href":"https:\/\/shop.kappavu.it\/KV\/wp-json\/wp\/v2\/media?parent=2100"}],"wp:term":[{"taxonomy":"product_brand","embeddable":true,"href":"https:\/\/shop.kappavu.it\/KV\/wp-json\/wp\/v2\/product_brand?post=2100"},{"taxonomy":"product_cat","embeddable":true,"href":"https:\/\/shop.kappavu.it\/KV\/wp-json\/wp\/v2\/product_cat?post=2100"},{"taxonomy":"product_tag","embeddable":true,"href":"https:\/\/shop.kappavu.it\/KV\/wp-json\/wp\/v2\/product_tag?post=2100"}],"curies":[{"name":"wp","href":"https:\/\/api.w.org\/{rel}","templated":true}]}}