{"id":2092,"date":"2022-04-29T18:55:33","date_gmt":"2022-04-29T16:55:33","guid":{"rendered":"https:\/\/shop.kappavu.it\/KV\/?post_type=product&#038;p=2092"},"modified":"2022-05-23T02:39:52","modified_gmt":"2022-05-23T00:39:52","slug":"da-gladio-a-cosa-nostra","status":"publish","type":"product","link":"https:\/\/shop.kappavu.it\/KV\/prodotto\/da-gladio-a-cosa-nostra\/","title":{"rendered":"DA GLADIO A COSA NOSTRA"},"content":{"rendered":"<h4><\/h4>\n<div class=\"product-short-description\">\n<h4>Esiste quindi una connection nucleare tra Cia, spie russe, gladiatori italiani, servizi segreti, certa massoneria, mafiosi nostrani e legati ai cartelli colombiani, trafficanti di stato del mondo arabo, uomini politici corrotti e una fitta rete di personaggi che attraverso collusioni, contiguit\u00e0 e omertose complicit\u00e0, costituiscono la base su cui poggia questo impressionante progetto. Questo libro indaga soprattutto su quanto avviene in uno snodo strategico di questi traffici di morte, il Nord Est e il confine orientale.<\/h4>\n<\/div>\n<p>&nbsp;<\/p>\n","protected":false},"excerpt":{"rendered":"<h4><em><span style=\"color: #800000;\">STORIE DI TRAFFICI D&#8217;ARMI, CORRUZIONE, MAFIA, BANCHE E SERVIZI SEGRETI TRA CAPACI E SARAJEVO<\/span><\/em><\/h4>\n<p>&nbsp;<\/p>\n<h4>di <strong><a href=\"http:\/\/shop.kappavu.it\/KV\/autori-al\/#luigi-grimaldi\">LUIGI GRIMALDI<\/a><\/strong><\/h4>\n<div class=\"product-short-description\">\n<h5><span style=\"color: #008080;\"><strong>I QUADERNI DEL PICCHIO &#8211; Supplemento al n. 2<\/strong><\/span><\/h5>\n<p><strong>Secondo il giudice fiorentino Pier Luigi Vigna, la mafia pu\u00f2 entrare in possesso di armi chimiche (acquistandole da gruppi di criminalit\u00e0 organizzata che operano nei paesi dell\u2019Est), nucleari e batteriologiche. La notizia \u00e8 di per s\u00e9 gravissima e diviene ancora pi\u00f9 sconvolgente se messa in relazione con le dichiarazioni del ministro della sicurezza della Federazione Russa, secondo cui sono i servizi segreti occidentali ad arruolare e foraggiare i boss locali favorendo il traffico di valuta falsa, armamenti e droga. Lo scenario \u00e8 apocalittico e fa supporre ancora una volta l\u2019esistenza di un piano preordinato di destabilizzazione, non solo dei Paesi dell\u2019Est, ma anche dell\u2019Italia.<\/strong><\/p>\n<p>&nbsp;<\/p>\n<\/div>\n","protected":false},"featured_media":2093,"comment_status":"open","ping_status":"closed","template":"","meta":[],"product_brand":[],"product_cat":[169,28,30],"product_tag":[2498,806,2499,2500,2501,2502,2503,2489,2490,2504,808,2505,2506,790,791,2507,797,805,799,2508,2491,2492,2509,2510,803,2511,804],"class_list":{"0":"post-2092","1":"product","2":"type-product","3":"status-publish","4":"has-post-thumbnail","6":"product_cat-luigi-grimaldi","7":"product_cat-quaderni_del_picchio","8":"product_cat-saggistica","9":"product_tag-armi-chimiche","10":"product_tag-atlantismo","11":"product_tag-boss-locali","12":"product_tag-capaci","13":"product_tag-cia","14":"product_tag-corruzione","15":"product_tag-cosa-nostra","16":"product_tag-criminalita","17":"product_tag-europa","18":"product_tag-felice-casson","19":"product_tag-fuori-dalla-nato","20":"product_tag-gladiatori","21":"product_tag-gladio","22":"product_tag-guerra-fredda","23":"product_tag-guerra-moderna","24":"product_tag-luigi-grimaldi","25":"product_tag-nato","26":"product_tag-patto-atlantico","27":"product_tag-patto-di-varsavia","28":"product_tag-pier-luigi-vigna","29":"product_tag-quaderni-del-picchio","30":"product_tag-riciclaggio","31":"product_tag-sarajevo","32":"product_tag-servizi-segreti","33":"product_tag-strategie-belliche","34":"product_tag-traffici-darmi","35":"product_tag-uscita-dalla-nato","37":"first","38":"outofstock","39":"shipping-taxable","40":"purchasable","41":"product-type-simple","42":"customify-col"},"_links":{"self":[{"href":"https:\/\/shop.kappavu.it\/KV\/wp-json\/wp\/v2\/product\/2092","targetHints":{"allow":["GET"]}}],"collection":[{"href":"https:\/\/shop.kappavu.it\/KV\/wp-json\/wp\/v2\/product"}],"about":[{"href":"https:\/\/shop.kappavu.it\/KV\/wp-json\/wp\/v2\/types\/product"}],"replies":[{"embeddable":true,"href":"https:\/\/shop.kappavu.it\/KV\/wp-json\/wp\/v2\/comments?post=2092"}],"wp:featuredmedia":[{"embeddable":true,"href":"https:\/\/shop.kappavu.it\/KV\/wp-json\/wp\/v2\/media\/2093"}],"wp:attachment":[{"href":"https:\/\/shop.kappavu.it\/KV\/wp-json\/wp\/v2\/media?parent=2092"}],"wp:term":[{"taxonomy":"product_brand","embeddable":true,"href":"https:\/\/shop.kappavu.it\/KV\/wp-json\/wp\/v2\/product_brand?post=2092"},{"taxonomy":"product_cat","embeddable":true,"href":"https:\/\/shop.kappavu.it\/KV\/wp-json\/wp\/v2\/product_cat?post=2092"},{"taxonomy":"product_tag","embeddable":true,"href":"https:\/\/shop.kappavu.it\/KV\/wp-json\/wp\/v2\/product_tag?post=2092"}],"curies":[{"name":"wp","href":"https:\/\/api.w.org\/{rel}","templated":true}]}}