{"id":2087,"date":"2022-04-29T16:58:43","date_gmt":"2022-04-29T14:58:43","guid":{"rendered":"https:\/\/shop.kappavu.it\/KV\/?post_type=product&#038;p=2087"},"modified":"2022-05-17T00:12:00","modified_gmt":"2022-05-16T22:12:00","slug":"conta-di-no","status":"publish","type":"product","link":"https:\/\/shop.kappavu.it\/KV\/prodotto\/conta-di-no\/","title":{"rendered":"CONT\u00c2 DI N\u00d4"},"content":{"rendered":"<h4><\/h4>\n<h4><em>Contadini, artigiani, donne e bambini vissuti nel Friuli di una volta popolano questo libro, scritto in friulano con traduzione in italiano. Con parole e immagini sono raccontati momenti della vita di tutti i giorni ed alcuni eventi importanti della storia sociale. Il libro \u00e8 rivolto ai bambini dai 6 ai 13 anni ma anche ad insegnanti, genitori e nonni che potranno arricchirlo con le proprie esperienze.<\/em><\/h4>\n<h4 class=\"p1\"><\/h4>\n<p>&nbsp;<\/p>\n","protected":false},"excerpt":{"rendered":"<h4><span style=\"color: #800000;\"><em>BIELIS E BRUTIS DAL FRI\u00dbL DI MIE\u00c7<\/em><\/span><\/h4>\n<p>&nbsp;<\/p>\n<h4>di <strong><a href=\"http:\/\/shop.kappavu.it\/KV\/autori-al\/#daniela-morgante\">DANIELA MORGANTE<\/a><\/strong>\u00a0e\u00a0<strong><a href=\"http:\/\/shop.kappavu.it\/KV\/autori-al\/#giuliana-rossi\">GIULIANA ROSSI<\/a><\/strong><\/h4>\n<p><strong>Contadins, feminis, fruts che a \u00e0n viv\u00fbt intal Fri\u00fbl di une volte a popolin chest libri, par furlan cun traduzion par talian. Cun peraulis e imagjins a son cont\u00e2ts i moments de vite di ogni d\u00ec e cualchi event impuartant de storie soci\u00e2l. Il libri si indrece ai fruts dai 6 ai 13 agns, ma ancje a insegnants e gjenit\u00f4rs e nonos che a podaran insior\u00e2lu cu lis l\u00f4r esperiencis.<\/strong><\/p>\n<p>&nbsp;<\/p>\n","protected":false},"featured_media":2089,"comment_status":"open","ping_status":"closed","template":"","meta":[],"product_brand":[],"product_cat":[117,24,21,118],"product_tag":[2482,684,685,686,687,2485,2484,869,870,2483,872,688,689,690,699,503,875,876,635,877,878,879,692,694,695],"class_list":{"0":"post-2087","1":"product","2":"type-product","3":"status-publish","4":"has-post-thumbnail","6":"product_cat-daniela-morgante","7":"product_cat-didatiche","8":"product_cat-friulano","9":"product_cat-giuliana-rossi","10":"product_tag-daniela-morgante","11":"product_tag-didatiche","12":"product_tag-didatiche-furlane","13":"product_tag-didatiche-par-furlan","14":"product_tag-didattica-in-friulano","15":"product_tag-friul-di-miec","16":"product_tag-friuli-di-mezzo","17":"product_tag-giochi-in-friulano","18":"product_tag-giochi-per-bambini","19":"product_tag-giuliana-rossi","20":"product_tag-libri-didattici","21":"product_tag-libri-illustrati-in-friulano","22":"product_tag-libri-illustrati-per-bambini","23":"product_tag-libri-per-bambini-in-friulano","24":"product_tag-libruts-par-furlan","25":"product_tag-storie-di-animali","26":"product_tag-storie-per-bambini","27":"product_tag-storie-per-bambini-in-friulano","28":"product_tag-storiis-par-furlan","29":"product_tag-storiutis-di-animai","30":"product_tag-storiutis-pai-frutins","31":"product_tag-storiutis-par-furlan","32":"product_tag-testi-in-lingua-friulana","33":"product_tag-testi-per-scuola-primaria","34":"product_tag-testi-scolastici-in-friulano","36":"first","37":"instock","38":"shipping-taxable","39":"purchasable","40":"product-type-simple","41":"customify-col"},"_links":{"self":[{"href":"https:\/\/shop.kappavu.it\/KV\/wp-json\/wp\/v2\/product\/2087","targetHints":{"allow":["GET"]}}],"collection":[{"href":"https:\/\/shop.kappavu.it\/KV\/wp-json\/wp\/v2\/product"}],"about":[{"href":"https:\/\/shop.kappavu.it\/KV\/wp-json\/wp\/v2\/types\/product"}],"replies":[{"embeddable":true,"href":"https:\/\/shop.kappavu.it\/KV\/wp-json\/wp\/v2\/comments?post=2087"}],"wp:featuredmedia":[{"embeddable":true,"href":"https:\/\/shop.kappavu.it\/KV\/wp-json\/wp\/v2\/media\/2089"}],"wp:attachment":[{"href":"https:\/\/shop.kappavu.it\/KV\/wp-json\/wp\/v2\/media?parent=2087"}],"wp:term":[{"taxonomy":"product_brand","embeddable":true,"href":"https:\/\/shop.kappavu.it\/KV\/wp-json\/wp\/v2\/product_brand?post=2087"},{"taxonomy":"product_cat","embeddable":true,"href":"https:\/\/shop.kappavu.it\/KV\/wp-json\/wp\/v2\/product_cat?post=2087"},{"taxonomy":"product_tag","embeddable":true,"href":"https:\/\/shop.kappavu.it\/KV\/wp-json\/wp\/v2\/product_tag?post=2087"}],"curies":[{"name":"wp","href":"https:\/\/api.w.org\/{rel}","templated":true}]}}