{"id":2078,"date":"2022-04-29T15:34:31","date_gmt":"2022-04-29T13:34:31","guid":{"rendered":"https:\/\/shop.kappavu.it\/KV\/?post_type=product&#038;p=2078"},"modified":"2022-05-17T00:05:24","modified_gmt":"2022-05-16T22:05:24","slug":"cobra-13","status":"publish","type":"product","link":"https:\/\/shop.kappavu.it\/KV\/prodotto\/cobra-13\/","title":{"rendered":"COBRA 13"},"content":{"rendered":"<h4><\/h4>\n<h4>Dedicato\u2026<\/h4>\n<h4>a don Chiquote, l\u2019Invincibile Umano,<br \/>\nai labirinti della sconfinata immaginazione<br \/>\ndi chi rinasce continuamente<\/h4>\n<h4>ai Bambini, incolpevoli: noi Sancho,<br \/>\nche, affamati di natura, agiamo<br \/>\nin prospettive temporali diverse<\/h4>\n<h4>agli Artisti, eroi in senso antico:<br \/>\nsanno che l\u2019Arte \u00e8 amare<br \/>\ne che essere riamati \u00e8 solo<br \/>\nuno speculare risarcimento<\/h4>\n<h4>a Tot\u00f2 e Nietzsche, che riassumendo tutto,<br \/>\nfissano il nostro destino<br \/>\nin traiettorie temporali simultanee<\/h4>\n<p>&nbsp;<\/p>\n","protected":false},"excerpt":{"rendered":"<h4><span style=\"color: #800000;\"><em>(odio a scoppio ritardato)<\/em><\/span><\/h4>\n<p>&nbsp;<\/p>\n<h4>di <strong><a href=\"http:\/\/shop.kappavu.it\/KV\/autori-al\/#claudio-cojaniz\">CLAUDIO COJANIZ<\/a><\/strong><\/h4>\n<p><strong>Il romanzo \u00e8 il testamento spirituale e artistico di un grande musicista scritto attorno a tredici parole chiave, la forza per poter continuare sempre ad immaginare il cambiamento. Per Agudezas il vero vincitore \u00e8 colui il quale si rialza una volta di pi\u00f9 di quante volte la vita lo faccia cadere. \u00c8 cos\u00ec che la sua Utopia, proprio perch\u00e9 destinata a chi non la capir\u00e0 mai, sapr\u00e0 creativamente manifestarsi.<\/strong><\/p>\n<p>&nbsp;<\/p>\n","protected":false},"featured_media":2079,"comment_status":"open","ping_status":"closed","template":"","meta":[],"product_brand":[],"product_cat":[110,18],"product_tag":[838,536,459,260,460,538,540,2461],"class_list":{"0":"post-2078","1":"product","2":"type-product","3":"status-publish","4":"has-post-thumbnail","6":"product_cat-claudio-cojaniz","7":"product_cat-narrativa","8":"product_tag-claudio-cojaniz","9":"product_tag-narrativa-di-autori-friulani","10":"product_tag-narrativa-friulana","11":"product_tag-racconti-brevi","12":"product_tag-racconti-di-introspezione","13":"product_tag-romanzo-ambientato-in-friuli","14":"product_tag-romanzo-di-vita","15":"product_tag-utopia","17":"first","18":"instock","19":"sale","20":"shipping-taxable","21":"purchasable","22":"product-type-simple","23":"customify-col"},"_links":{"self":[{"href":"https:\/\/shop.kappavu.it\/KV\/wp-json\/wp\/v2\/product\/2078","targetHints":{"allow":["GET"]}}],"collection":[{"href":"https:\/\/shop.kappavu.it\/KV\/wp-json\/wp\/v2\/product"}],"about":[{"href":"https:\/\/shop.kappavu.it\/KV\/wp-json\/wp\/v2\/types\/product"}],"replies":[{"embeddable":true,"href":"https:\/\/shop.kappavu.it\/KV\/wp-json\/wp\/v2\/comments?post=2078"}],"wp:featuredmedia":[{"embeddable":true,"href":"https:\/\/shop.kappavu.it\/KV\/wp-json\/wp\/v2\/media\/2079"}],"wp:attachment":[{"href":"https:\/\/shop.kappavu.it\/KV\/wp-json\/wp\/v2\/media?parent=2078"}],"wp:term":[{"taxonomy":"product_brand","embeddable":true,"href":"https:\/\/shop.kappavu.it\/KV\/wp-json\/wp\/v2\/product_brand?post=2078"},{"taxonomy":"product_cat","embeddable":true,"href":"https:\/\/shop.kappavu.it\/KV\/wp-json\/wp\/v2\/product_cat?post=2078"},{"taxonomy":"product_tag","embeddable":true,"href":"https:\/\/shop.kappavu.it\/KV\/wp-json\/wp\/v2\/product_tag?post=2078"}],"curies":[{"name":"wp","href":"https:\/\/api.w.org\/{rel}","templated":true}]}}