{"id":2072,"date":"2022-04-29T14:49:18","date_gmt":"2022-04-29T12:49:18","guid":{"rendered":"https:\/\/shop.kappavu.it\/KV\/?post_type=product&#038;p=2072"},"modified":"2026-03-30T16:34:07","modified_gmt":"2026-03-30T14:34:07","slug":"1919-l-anno-della-pace","status":"publish","type":"product","link":"https:\/\/shop.kappavu.it\/KV\/prodotto\/1919-l-anno-della-pace\/","title":{"rendered":"1919 L&#8217;ANNO DELLA PACE E DELLA RICOSTRUZIONE"},"content":{"rendered":"<h4><\/h4>\n<h4>Non solo catalogo per la mostra tenuta ad Udine nel novembre 2009, il libro descrive per immagini una Udine appena uscita da un disastroso conflitto mondiale che l\u2019ha vista al centro di alcuni dei momenti pi\u00f9 drammatici e devastanti. Nel \u201919, tornata italiana, Udine getta le basi per tutto quella che sar\u00e0 la \u201cvisione della citt\u00e0 nel Novecento\u201d. Un processo lungo ed articolato che vede concretizzarsi, non solo nell\u2019architettura, ma anche nella cultura e nella visione della realt\u00e0, il laborioso processo di passaggio dalla guerra alla pace. \u00c8 in questo periodo che va formandosi quella identit\u00e0 urbana che costituisce la memoria storica di una citt\u00e0.<\/h4>\n<p>&nbsp;<\/p>\n","protected":false},"excerpt":{"rendered":"<p>&nbsp;<\/p>\n<h4>a cura di <strong><a href=\"http:\/\/shop.kappavu.it\/KV\/autori-al\/#enrico-folisi\">ENRICO FOLISI<\/a><\/strong><\/h4>\n<p><strong>Non solo catalogo per la mostra tenuta ad Udine nel novembre 2009, il libro descrive per immagini una Udine appena uscita da un disastroso conflitto mondiale che l\u2019ha vista al centro di alcuni dei momenti pi\u00f9 drammatici e devastanti. Nel \u201919, tornata italiana, Udine getta le basi per tutto quella che sar\u00e0 la \u201cvisione della citt\u00e0 nel Novecento\u201d.<\/strong><\/p>\n<h5><strong>Saggi storici di <span style=\"color: #800000;\">Enrico Folisi<\/span> e <span style=\"color: #800000;\">Massimo Bortolotti<\/span><\/strong><\/h5>\n<h5><strong>premessa di\u00a0<span style=\"color: #800000;\">Furio Honsell<\/span><\/strong><\/h5>\n<p>&nbsp;<\/p>\n<h5><\/h5>\n<h5><strong><em>Libro fotografico<\/em><\/strong><\/h5>\n<p>&nbsp;<\/p>\n<p>&nbsp;<\/p>\n","protected":false},"featured_media":2073,"comment_status":"open","ping_status":"closed","template":"","meta":[],"product_brand":[],"product_cat":[15,65,19],"product_tag":[2432,1383,2436,2433,2429,2428,2434,711,1386,1387,1388,1261,2435,1389,1344,285,715,2430,2431,760,761,2385],"class_list":{"0":"post-2072","1":"product","2":"type-product","3":"status-publish","4":"has-post-thumbnail","6":"product_cat-extra_collana","7":"product_cat-enrico-folisi","8":"product_cat-storia","9":"product_tag-2432","10":"product_tag-caduti-prima-guerra-mondiale","11":"product_tag-distruzione","12":"product_tag-enrico-folisi","13":"product_tag-foto-di-guerra","14":"product_tag-fotografie-di-guerra","15":"product_tag-furio-honsell","16":"product_tag-grande-guerra","17":"product_tag-grande-guerra-in-friuli","18":"product_tag-guerra-in-friuli","19":"product_tag-guerra-mondiale","20":"product_tag-libro-fotografico","21":"product_tag-massimo-bortolotti","22":"product_tag-monumento-ai-caduti","23":"product_tag-novecento-in-friuli","24":"product_tag-prima-guerra-mondiale","25":"product_tag-prima-guerra-mondiale-in-friuli","26":"product_tag-ricostruzione","27":"product_tag-ricostruzione-post-bellica","28":"product_tag-storia-del-friuli","29":"product_tag-storia-di-udine","30":"product_tag-storia-di-udine-del-900","32":"first","33":"instock","34":"sale","35":"shipping-taxable","36":"purchasable","37":"product-type-simple","38":"customify-col"},"_links":{"self":[{"href":"https:\/\/shop.kappavu.it\/KV\/wp-json\/wp\/v2\/product\/2072","targetHints":{"allow":["GET"]}}],"collection":[{"href":"https:\/\/shop.kappavu.it\/KV\/wp-json\/wp\/v2\/product"}],"about":[{"href":"https:\/\/shop.kappavu.it\/KV\/wp-json\/wp\/v2\/types\/product"}],"replies":[{"embeddable":true,"href":"https:\/\/shop.kappavu.it\/KV\/wp-json\/wp\/v2\/comments?post=2072"}],"wp:featuredmedia":[{"embeddable":true,"href":"https:\/\/shop.kappavu.it\/KV\/wp-json\/wp\/v2\/media\/2073"}],"wp:attachment":[{"href":"https:\/\/shop.kappavu.it\/KV\/wp-json\/wp\/v2\/media?parent=2072"}],"wp:term":[{"taxonomy":"product_brand","embeddable":true,"href":"https:\/\/shop.kappavu.it\/KV\/wp-json\/wp\/v2\/product_brand?post=2072"},{"taxonomy":"product_cat","embeddable":true,"href":"https:\/\/shop.kappavu.it\/KV\/wp-json\/wp\/v2\/product_cat?post=2072"},{"taxonomy":"product_tag","embeddable":true,"href":"https:\/\/shop.kappavu.it\/KV\/wp-json\/wp\/v2\/product_tag?post=2072"}],"curies":[{"name":"wp","href":"https:\/\/api.w.org\/{rel}","templated":true}]}}