{"id":2044,"date":"2022-04-26T14:32:38","date_gmt":"2022-04-26T12:32:38","guid":{"rendered":"https:\/\/shop.kappavu.it\/KV\/?post_type=product&#038;p=2044"},"modified":"2022-10-21T16:24:35","modified_gmt":"2022-10-21T14:24:35","slug":"volti-in-poesia","status":"publish","type":"product","link":"https:\/\/shop.kappavu.it\/KV\/prodotto\/volti-in-poesia\/","title":{"rendered":"VOLTI IN POESIA"},"content":{"rendered":"<h4><\/h4>\n<h4>Il libro \u00e8 nato dall\u2019incontro del fotografo Renzo Daneluzzi con il poeta Giuseppe Mariuz. Il primo ha raccolto una galleria di ritratti di persone di varia estrazione sociale, che nel corso degli ultimi venticinque anni si sono recate nel suo studio. Il secondo \u00e8 stato chiamato a commentare quelle figure. Da l\u00ec \u00e8 nata l\u2019idea che quei volti potessero anche essere traslati in poesia.<\/h4>\n<p>&nbsp;<\/p>\n","protected":false},"excerpt":{"rendered":"<p>&nbsp;<\/p>\n<h4>di <strong><a href=\"http:\/\/shop.kappavu.it\/KV\/autori-al\/#giuseppe-mariuz\">GIUSEPPE MARIUZ<\/a><\/strong>\u00a0<strong>e <a href=\"http:\/\/shop.kappavu.it\/KV\/autori-mz\/#renzo-daneluzzi\">RENZO DANELUZZI<\/a><\/strong><\/h4>\n<div class=\"\">\n<p><strong>Il libro \u00e8 nato dall\u2019incontro del fotografo Renzo Daneluzzi con il poeta Giuseppe Mariuz. Il primo ha raccolto una galleria di ritratti di persone di varia estrazione sociale, che nel corso degli ultimi venticinque anni si sono recate nel suo studio. Il secondo \u00e8 stato chiamato a commentare quelle figure. Da l\u00ec \u00e8 nata l\u2019idea che quei volti potessero anche essere traslati in poesia.<\/strong><\/p>\n<h5><span style=\"color: #800000;\"><strong><em>Libro fotografico<\/em><\/strong><\/span><\/h5>\n<p>&nbsp;<\/p>\n<\/div>\n","protected":false},"featured_media":2045,"comment_status":"open","ping_status":"closed","template":"","meta":[],"product_brand":[],"product_cat":[15,152,27,153],"product_tag":[2419,1736,2420,2421,1735,1261,2422,2423],"class_list":{"0":"post-2044","1":"product","2":"type-product","3":"status-publish","4":"has-post-thumbnail","6":"product_cat-extra_collana","7":"product_cat-giuseppe-mariuz","8":"product_cat-poesia","9":"product_cat-renzo-daneluzzi","10":"product_tag-alessandro-tesini","11":"product_tag-bepi-mariuz","12":"product_tag-fotografia-e-poesia","13":"product_tag-fotografia-in-friuli","14":"product_tag-giuseppe-mariuz","15":"product_tag-libro-fotografico","16":"product_tag-renzo-daneluzzi","17":"product_tag-ritratti-fotografici","19":"first","20":"instock","21":"sale","22":"shipping-taxable","23":"purchasable","24":"product-type-simple","25":"customify-col"},"_links":{"self":[{"href":"https:\/\/shop.kappavu.it\/KV\/wp-json\/wp\/v2\/product\/2044","targetHints":{"allow":["GET"]}}],"collection":[{"href":"https:\/\/shop.kappavu.it\/KV\/wp-json\/wp\/v2\/product"}],"about":[{"href":"https:\/\/shop.kappavu.it\/KV\/wp-json\/wp\/v2\/types\/product"}],"replies":[{"embeddable":true,"href":"https:\/\/shop.kappavu.it\/KV\/wp-json\/wp\/v2\/comments?post=2044"}],"wp:featuredmedia":[{"embeddable":true,"href":"https:\/\/shop.kappavu.it\/KV\/wp-json\/wp\/v2\/media\/2045"}],"wp:attachment":[{"href":"https:\/\/shop.kappavu.it\/KV\/wp-json\/wp\/v2\/media?parent=2044"}],"wp:term":[{"taxonomy":"product_brand","embeddable":true,"href":"https:\/\/shop.kappavu.it\/KV\/wp-json\/wp\/v2\/product_brand?post=2044"},{"taxonomy":"product_cat","embeddable":true,"href":"https:\/\/shop.kappavu.it\/KV\/wp-json\/wp\/v2\/product_cat?post=2044"},{"taxonomy":"product_tag","embeddable":true,"href":"https:\/\/shop.kappavu.it\/KV\/wp-json\/wp\/v2\/product_tag?post=2044"}],"curies":[{"name":"wp","href":"https:\/\/api.w.org\/{rel}","templated":true}]}}