{"id":2040,"date":"2022-04-26T13:41:36","date_gmt":"2022-04-26T11:41:36","guid":{"rendered":"https:\/\/shop.kappavu.it\/KV\/?post_type=product&#038;p=2040"},"modified":"2025-12-14T10:21:06","modified_gmt":"2025-12-14T09:21:06","slug":"varechine","status":"publish","type":"product","link":"https:\/\/shop.kappavu.it\/KV\/prodotto\/varechine\/","title":{"rendered":"VARECHINE"},"content":{"rendered":"<h4><\/h4>\n<h4>Una volta, era con l\u2019olio di gomito e con la\u00a0<em>varechine<\/em>\u00a0che le donne lavavano dai panni lo sporco peggiore, il pi\u00f9 cattivo. Ebbene qui si parla di ragazze che con un lavoro molto faticoso e con lotte generose hanno reso il mondo pi\u00f9 pulito di come lo avevano trovato. Senza ombra di dubbio, Mafalda, Ida, Mafalda B., Iolanda, Rina, Ines, Bruna, Severina, Giuseppina, Enerina, Luigia e le altre loro compagne si sono rese protagoniste di una grande opera di pulizia etica e civile. Una pulizia ottenuta come si eliminava la\u00a0<em>cragne<\/em>\u00a0con la\u00a0<em>varechine<\/em>, ecco. Biografie, esperienze, situazioni, vicende personali e via discorrendo: queste interviste si possono definire in vario modo. Ma la sostanza \u00e8 una sola, si tratta della vita di donne speciali, le quali (raccontando se stesse) spiegano un\u2019epoca e le loro parole diventano dei veri e propri \u201cracconti del territorio\u201d. S\u00ec, perch\u00e9 le vicende narrate fanno emergere un forte sentimento di appartenenza per i luoghi della loro vita. Queste figlie del popolo, lottando contro lo sfruttamento dei padroni e contro la dittatura del fascismo, difesero la loro dignit\u00e0 personale e anche quella della collettivit\u00e0 locale. Sono figure limpide, protagoniste di esperienze uniche, che tramandano il patrimonio pi\u00f9 alto della coscienza di classe e della passione politica. Sono figure forti, che esercitavano il loro \u201ccapire il mondo\u201d attraverso scelte precise: le scelte che hanno reso la Bassa Friulana un territorio fertile nel quale la robusta pianta della sinistra politica non ha mai smesso di produrre i suoi frutti.<\/h4>\n<p>&nbsp;<\/p>\n","protected":false},"excerpt":{"rendered":"<h4><span style=\"color: #800000;\"><em>STORIE DI DONNE, DI BRACCIANTI E PARTIGIANI<\/em><\/span><\/h4>\n<p>&nbsp;<\/p>\n<h4>di <strong><a href=\"http:\/\/shop.kappavu.it\/KV\/autori-al\/#gino-dorigo\">GINO DORIGO<\/a><\/strong><\/h4>\n<p><strong>Terzo \u201cviaggio\u201d di Gino Dorigo fra storie di donne. Il denominatore comune \u00e8 sempre la memoria di un possibile cambiamento dello stato delle cose non solo a livello individuale ma anche collettivo. Qui si parla di ragazze che con un lavoro molto faticoso e con lotte generose hanno reso il mondo pi\u00f9 pulito di come lo avevano trovato. Donne che fanno emergere un forte sentimento di appartenenza per i luoghi della loro vita. Queste \u201cfiglie del popolo\u201c, lottando contro lo sfruttamento e contro la dittatura del fascismo, difesero la loro dignit\u00e0 personale e anche quella della collettivit\u00e0 locale.<\/strong><\/p>\n<p>&nbsp;<\/p>\n","protected":false},"featured_media":2041,"comment_status":"open","ping_status":"closed","template":"","meta":[],"product_brand":[],"product_cat":[148,1024,18],"product_tag":[1015,2402,1827,1835,901,2406,1832,1836,1829,1620,1559,1147,2307,1830,610,1831,1422,611,612,1556,2403,405,2404,1834,2405],"class_list":{"0":"post-2040","1":"product","2":"type-product","3":"status-publish","4":"has-post-thumbnail","6":"product_cat-gino-dorigo","7":"product_cat-lavoro-e-societa","8":"product_cat-narrativa","9":"product_tag-bassa-friulana","10":"product_tag-braccianti-friulani","11":"product_tag-classe-operaia","12":"product_tag-classe-operaia-friulana","13":"product_tag-donne-friulane","14":"product_tag-emancipazione-femminile","15":"product_tag-gino-dorigo","16":"product_tag-lotte-di-classe","17":"product_tag-operai","18":"product_tag-operai-friulani","19":"product_tag-partigiani","20":"product_tag-partigiani-in-friuli","21":"product_tag-partigiani-nella-bassa-friulana","22":"product_tag-racconti-partigiani","23":"product_tag-resistenza-in-friuli","24":"product_tag-sindacati","25":"product_tag-storia-della-bassa-friulana","26":"product_tag-storia-della-resistenza","27":"product_tag-storia-della-resistenza-in-friuli","28":"product_tag-storie-della-resistenza","29":"product_tag-storie-di-braccianti","30":"product_tag-storie-di-donne","31":"product_tag-storie-di-donne-friulane","32":"product_tag-storie-di-operai","33":"product_tag-storie-partigiane","35":"first","36":"instock","37":"sale","38":"shipping-taxable","39":"purchasable","40":"product-type-simple","41":"customify-col"},"_links":{"self":[{"href":"https:\/\/shop.kappavu.it\/KV\/wp-json\/wp\/v2\/product\/2040","targetHints":{"allow":["GET"]}}],"collection":[{"href":"https:\/\/shop.kappavu.it\/KV\/wp-json\/wp\/v2\/product"}],"about":[{"href":"https:\/\/shop.kappavu.it\/KV\/wp-json\/wp\/v2\/types\/product"}],"replies":[{"embeddable":true,"href":"https:\/\/shop.kappavu.it\/KV\/wp-json\/wp\/v2\/comments?post=2040"}],"wp:featuredmedia":[{"embeddable":true,"href":"https:\/\/shop.kappavu.it\/KV\/wp-json\/wp\/v2\/media\/2041"}],"wp:attachment":[{"href":"https:\/\/shop.kappavu.it\/KV\/wp-json\/wp\/v2\/media?parent=2040"}],"wp:term":[{"taxonomy":"product_brand","embeddable":true,"href":"https:\/\/shop.kappavu.it\/KV\/wp-json\/wp\/v2\/product_brand?post=2040"},{"taxonomy":"product_cat","embeddable":true,"href":"https:\/\/shop.kappavu.it\/KV\/wp-json\/wp\/v2\/product_cat?post=2040"},{"taxonomy":"product_tag","embeddable":true,"href":"https:\/\/shop.kappavu.it\/KV\/wp-json\/wp\/v2\/product_tag?post=2040"}],"curies":[{"name":"wp","href":"https:\/\/api.w.org\/{rel}","templated":true}]}}