{"id":2035,"date":"2022-04-26T00:40:40","date_gmt":"2022-04-25T22:40:40","guid":{"rendered":"https:\/\/shop.kappavu.it\/KV\/?post_type=product&#038;p=2035"},"modified":"2026-03-30T10:06:12","modified_gmt":"2026-03-30T08:06:12","slug":"un-quartiere-nella-memoria-vol-2","status":"publish","type":"product","link":"https:\/\/shop.kappavu.it\/KV\/prodotto\/un-quartiere-nella-memoria-vol-2\/","title":{"rendered":"UN QUARTIERE NELLA MEMORIA Vol. 2"},"content":{"rendered":"<h4><\/h4>\n<h4>Con questo secondo volume di <em>Un quartiere nella memoria<\/em> continuiamo la pubblicazione di interviste ad abitanti di Sant\u2019Osvaldo e San Paolo, con l\u2019intenzione di dare visibilit\u00e0 ai vissuti personali e nello stesso tempo alla storia del quartiere.<br \/>\nSi tratta di 27 testimonianze orali (che si aggiungono alle 21 precedenti); attraverso i loro racconti ci offrono un vivace spaccato della prima met\u00e0 del Novecento di questo territorio, che come era emerso gi\u00e0 nelle precedenti testimonianze e come viene ricordato con orgoglio anche in alcune delle presenti, non si pu\u00f2 chiamare semplicemente \u201cperiferia\u201d di Udine.<\/h4>\n<p>&nbsp;<\/p>\n","protected":false},"excerpt":{"rendered":"<p>&nbsp;<\/p>\n<h4>a cura di <strong><a href=\"http:\/\/shop.kappavu.it\/KV\/autori-al\/#alessandra-kersevan\">ALESSANDRA KERSEVAN<\/a><\/strong>\u00a0e <strong><a href=\"http:\/\/shop.kappavu.it\/KV\/autori-mz\/#paolo-cantarutti\">PAOLO CANTARUTTI<\/a><\/strong><\/h4>\n<p><strong>La storia del quartiere di S. Osvaldo nel Novecento, ricostruita dalle memorie storiche degli abitanti. Ne emerge un quadro sociale, culturale e linguistico radicalmente diverso dalla societ\u00e0 commerciante e piccolo borghese venetizzata del centro cittadino. L\u2019uso generalizzato del friulano si profila come segno di distinzione culturale, sociale e linguistica.<\/strong><\/p>\n<p><strong><em>La storie dal cuart\u00eer di Sant Sualt intal N\u00fbfcent, cem\u00fbt che e ven f\u00fbr des memoriis dai siei abitants. In cheste periferie, fate ancjem\u00f2 inte prime met\u00e2t dal N\u00fbfcent di contadins e operaris, il furlan al jere e al \u00e8 ancjem\u00f2 un segn di distinzion cultur\u00e2l, soci\u00e2l e linguistiche.<\/em><\/strong><\/p>\n<p>&nbsp;<\/p>\n","protected":false},"featured_media":2036,"comment_status":"open","ping_status":"closed","template":"","meta":[],"product_brand":[],"product_cat":[46,21,1024,70,30],"product_tag":[529,1259,2380,1260,1261,2381,2382,1266,2383,2384,445,1268,1269,761,2385,2386,2387,2388,2389],"class_list":{"0":"post-2035","1":"product","2":"type-product","3":"status-publish","4":"has-post-thumbnail","6":"product_cat-alessandra-kersevan","7":"product_cat-friulano","8":"product_cat-lavoro-e-societa","9":"product_cat-paolo-cantarutti","10":"product_cat-saggistica","11":"product_tag-alessandra-kersevan","12":"product_tag-comune-di-udine","13":"product_tag-cuartir-di-sant-sualt","14":"product_tag-fotografie-di-udine","15":"product_tag-libro-fotografico","16":"product_tag-paolo-cantarutti","17":"product_tag-pauli-cantarut","18":"product_tag-quartiere-di-santosvaldo","19":"product_tag-quartieri-di-udine","20":"product_tag-s-paolo-s-osvaldo","21":"product_tag-santosvaldo","22":"product_tag-storia-del-comune-di-udine","23":"product_tag-storia-del-quartiere-di-santosvaldo","24":"product_tag-storia-di-udine","25":"product_tag-storia-di-udine-del-900","26":"product_tag-storie-dal-friul","27":"product_tag-storie-di-udin","28":"product_tag-udine-nel-novecento","29":"product_tag-vi-circoscrizione-udine","31":"first","32":"instock","33":"shipping-taxable","34":"purchasable","35":"product-type-simple","36":"customify-col"},"_links":{"self":[{"href":"https:\/\/shop.kappavu.it\/KV\/wp-json\/wp\/v2\/product\/2035","targetHints":{"allow":["GET"]}}],"collection":[{"href":"https:\/\/shop.kappavu.it\/KV\/wp-json\/wp\/v2\/product"}],"about":[{"href":"https:\/\/shop.kappavu.it\/KV\/wp-json\/wp\/v2\/types\/product"}],"replies":[{"embeddable":true,"href":"https:\/\/shop.kappavu.it\/KV\/wp-json\/wp\/v2\/comments?post=2035"}],"wp:featuredmedia":[{"embeddable":true,"href":"https:\/\/shop.kappavu.it\/KV\/wp-json\/wp\/v2\/media\/2036"}],"wp:attachment":[{"href":"https:\/\/shop.kappavu.it\/KV\/wp-json\/wp\/v2\/media?parent=2035"}],"wp:term":[{"taxonomy":"product_brand","embeddable":true,"href":"https:\/\/shop.kappavu.it\/KV\/wp-json\/wp\/v2\/product_brand?post=2035"},{"taxonomy":"product_cat","embeddable":true,"href":"https:\/\/shop.kappavu.it\/KV\/wp-json\/wp\/v2\/product_cat?post=2035"},{"taxonomy":"product_tag","embeddable":true,"href":"https:\/\/shop.kappavu.it\/KV\/wp-json\/wp\/v2\/product_tag?post=2035"}],"curies":[{"name":"wp","href":"https:\/\/api.w.org\/{rel}","templated":true}]}}