{"id":2031,"date":"2022-04-25T23:06:17","date_gmt":"2022-04-25T21:06:17","guid":{"rendered":"https:\/\/shop.kappavu.it\/KV\/?post_type=product&#038;p=2031"},"modified":"2022-10-21T16:05:26","modified_gmt":"2022-10-21T14:05:26","slug":"un-mondo-nuovo","status":"publish","type":"product","link":"https:\/\/shop.kappavu.it\/KV\/prodotto\/un-mondo-nuovo\/","title":{"rendered":"UN MONDO NUOVO"},"content":{"rendered":"<h4><\/h4>\n<h4>Per Letizia Puicher l\u2019arte, considerata come mezzo di comunicazione, \u00e8 da sempre accompagnata dalla scrittura che, spesso, la precede. Politicamente sempre attenta e partecipe, l\u2019autrice considera la storia parte integrante della sua espressivit\u00e0 che ora, abbandonata forzatamente la scultura, condensa nella poesia e nella narrativa in genere.<\/h4>\n<p>&nbsp;<\/p>\n","protected":false},"excerpt":{"rendered":"<p>&nbsp;<\/p>\n<h4>di <strong><a href=\"http:\/\/shop.kappavu.it\/KV\/autori-al\/#letizia-puicher\">LETIZIA PUICHER<\/a><\/strong><\/h4>\n<p>&nbsp;<\/p>\n<p><strong>Una raccolta di poesie civili, sociali, politiche nel senso pi\u00f9 completo del termine. Una prospettiva diretta, una scrittura lucida e priva di ornamenti. Una voce che parte dalla pi\u00f9 stretta attualit\u00e0 per arrivare a una visione di un mondo nuovo.<\/strong><\/p>\n<p>&nbsp;<\/p>\n","protected":false},"featured_media":2032,"comment_status":"open","ping_status":"closed","template":"","meta":[],"product_brand":[],"product_cat":[162,27],"product_tag":[2363,2049,2364,2365,2366,2367,2368,2369,2370,2371,2372,2373,2374,303,2375,2376,2377],"class_list":{"0":"post-2031","1":"product","2":"type-product","3":"status-publish","4":"has-post-thumbnail","6":"product_cat-letizia-puicher","7":"product_cat-poesia","8":"product_tag-letizia-puicher","9":"product_tag-poesia-civile","10":"product_tag-poesia-civile-friulana","11":"product_tag-poesia-civile-in-friuli","12":"product_tag-poesia-politica","13":"product_tag-poesia-politica-friulana","14":"product_tag-poesia-politica-in-friuli","15":"product_tag-poesia-sociale","16":"product_tag-poesia-sociale-friulana","17":"product_tag-poesia-sociale-in-friuli","18":"product_tag-poesie-civili","19":"product_tag-poesie-politiche","20":"product_tag-poesie-sociali","21":"product_tag-raccolta-di-poesie","22":"product_tag-raccolta-poesie-civili","23":"product_tag-raccolta-poesie-politiche","24":"product_tag-raccolta-poesie-sociali","26":"first","27":"instock","28":"sale","29":"shipping-taxable","30":"purchasable","31":"product-type-simple","32":"customify-col"},"_links":{"self":[{"href":"https:\/\/shop.kappavu.it\/KV\/wp-json\/wp\/v2\/product\/2031","targetHints":{"allow":["GET"]}}],"collection":[{"href":"https:\/\/shop.kappavu.it\/KV\/wp-json\/wp\/v2\/product"}],"about":[{"href":"https:\/\/shop.kappavu.it\/KV\/wp-json\/wp\/v2\/types\/product"}],"replies":[{"embeddable":true,"href":"https:\/\/shop.kappavu.it\/KV\/wp-json\/wp\/v2\/comments?post=2031"}],"wp:featuredmedia":[{"embeddable":true,"href":"https:\/\/shop.kappavu.it\/KV\/wp-json\/wp\/v2\/media\/2032"}],"wp:attachment":[{"href":"https:\/\/shop.kappavu.it\/KV\/wp-json\/wp\/v2\/media?parent=2031"}],"wp:term":[{"taxonomy":"product_brand","embeddable":true,"href":"https:\/\/shop.kappavu.it\/KV\/wp-json\/wp\/v2\/product_brand?post=2031"},{"taxonomy":"product_cat","embeddable":true,"href":"https:\/\/shop.kappavu.it\/KV\/wp-json\/wp\/v2\/product_cat?post=2031"},{"taxonomy":"product_tag","embeddable":true,"href":"https:\/\/shop.kappavu.it\/KV\/wp-json\/wp\/v2\/product_tag?post=2031"}],"curies":[{"name":"wp","href":"https:\/\/api.w.org\/{rel}","templated":true}]}}