{"id":2024,"date":"2022-04-25T22:18:06","date_gmt":"2022-04-25T20:18:06","guid":{"rendered":"https:\/\/shop.kappavu.it\/KV\/?post_type=product&#038;p=2024"},"modified":"2022-10-21T15:57:25","modified_gmt":"2022-10-21T13:57:25","slug":"tesaurs-di-peraulis","status":"publish","type":"product","link":"https:\/\/shop.kappavu.it\/KV\/prodotto\/tesaurs-di-peraulis\/","title":{"rendered":"TESAURS DI PERAULIS"},"content":{"rendered":"<h4><\/h4>\n<h4>In questa raccolta Angelo Pittana ha raccolto la traduzione in friulano di sei poeti di lingua castigliana:<\/h4>\n<h4><em>Alfonsina Storni, Carmen Conde, Rafael Alberti, Federico Garc\u00eda Lorca, Pablo Neruda, Juan Ram\u00f3n Jim\u00e9nez.<\/em><\/h4>\n<h4>Testo castigliano a fronte.<\/h4>\n<p>&nbsp;<\/p>\n","protected":false},"excerpt":{"rendered":"<h4><span style=\"color: #800000;\"><em>POESIIS IN LENGHE CASTILIANE VOLTADIS PAR FURLAN<\/em><\/span><\/h4>\n<p>&nbsp;<\/p>\n<h4>di <strong><a href=\"http:\/\/shop.kappavu.it\/KV\/autori-al\/#aa-vv\">AA. VV.<\/a><\/strong><\/h4>\n<h4>a cura di \/ par cure di <strong><a href=\"http:\/\/shop.kappavu.it\/KV\/autori-al\/#angelo-pittana\">ANGELO M. PITTANA<\/a><\/strong><\/h4>\n<p><strong>In cheste racuelte Angelo Pittana al \u00e0 met\u00fbt adun la traduzion par furlan di une schirie di s\u00ees poetis di lenghe castiliane:<\/strong><\/p>\n<p><span style=\"color: #800000;\"><strong>Alfonsina Storni, Carmen Conde, Rafael Alberti, Federico Garc\u00eda Lorca, Pablo Neruda, Juan Ram\u00f3n Jim\u00e9nez<\/strong><\/span><\/p>\n<p><strong>Test castilian inte pagjine dongje.<\/strong><\/p>\n<p>&nbsp;<\/p>\n","protected":false},"featured_media":2025,"comment_status":"open","ping_status":"closed","template":"","meta":[],"product_brand":[],"product_cat":[77,78,26,27],"product_tag":[2337,2338,2339,2340,2341,1935,2342,1936,2343,2344,743,2345,303,2346,2347,1071],"class_list":{"0":"post-2024","1":"product","2":"type-product","3":"status-publish","4":"has-post-thumbnail","6":"product_cat-aa-vv","7":"product_cat-angelo-pittana","8":"product_cat-parole_tradotte","9":"product_cat-poesia","10":"product_tag-alfonsina-storni","11":"product_tag-angelo-pittana","12":"product_tag-carmen-conde","13":"product_tag-federico-garcia-lorca","14":"product_tag-juan-ramon-jimenez","15":"product_tag-multilinguismo","16":"product_tag-pablo-neruda","17":"product_tag-parole-tradotte","18":"product_tag-poesie-autori-spagnoli","19":"product_tag-poesie-in-spagnolo","20":"product_tag-poesie-tradotte","21":"product_tag-poesie-tradotte-in-friulano","22":"product_tag-raccolta-di-poesie","23":"product_tag-rafael-alberti","24":"product_tag-traduzione-di-poesie-in-friulano","25":"product_tag-traduzione-in-friulano","27":"first","28":"instock","29":"sale","30":"shipping-taxable","31":"purchasable","32":"product-type-simple","33":"customify-col"},"_links":{"self":[{"href":"https:\/\/shop.kappavu.it\/KV\/wp-json\/wp\/v2\/product\/2024","targetHints":{"allow":["GET"]}}],"collection":[{"href":"https:\/\/shop.kappavu.it\/KV\/wp-json\/wp\/v2\/product"}],"about":[{"href":"https:\/\/shop.kappavu.it\/KV\/wp-json\/wp\/v2\/types\/product"}],"replies":[{"embeddable":true,"href":"https:\/\/shop.kappavu.it\/KV\/wp-json\/wp\/v2\/comments?post=2024"}],"wp:featuredmedia":[{"embeddable":true,"href":"https:\/\/shop.kappavu.it\/KV\/wp-json\/wp\/v2\/media\/2025"}],"wp:attachment":[{"href":"https:\/\/shop.kappavu.it\/KV\/wp-json\/wp\/v2\/media?parent=2024"}],"wp:term":[{"taxonomy":"product_brand","embeddable":true,"href":"https:\/\/shop.kappavu.it\/KV\/wp-json\/wp\/v2\/product_brand?post=2024"},{"taxonomy":"product_cat","embeddable":true,"href":"https:\/\/shop.kappavu.it\/KV\/wp-json\/wp\/v2\/product_cat?post=2024"},{"taxonomy":"product_tag","embeddable":true,"href":"https:\/\/shop.kappavu.it\/KV\/wp-json\/wp\/v2\/product_tag?post=2024"}],"curies":[{"name":"wp","href":"https:\/\/api.w.org\/{rel}","templated":true}]}}