{"id":2012,"date":"2022-04-25T18:53:32","date_gmt":"2022-04-25T16:53:32","guid":{"rendered":"https:\/\/shop.kappavu.it\/KV\/?post_type=product&#038;p=2012"},"modified":"2022-10-21T15:21:55","modified_gmt":"2022-10-21T13:21:55","slug":"sciaquoneide","status":"publish","type":"product","link":"https:\/\/shop.kappavu.it\/KV\/prodotto\/sciaquoneide\/","title":{"rendered":"SCIAQUONEIDE"},"content":{"rendered":"<h4><\/h4>\n<h4>\u201cDi fare si vantavan gli Sciaquoni come gli antichi \u201cClerici Vaganti\u201d: andarsene pel mondo bighelloni sprovvisti totalmente di contanti. Goliardi per met\u00e0, met\u00e0 barboni, facevan come i frati mendicanti: vivevano di questua e di cicale, perch\u00e9 far le formiche porta male\u201d.<\/h4>\n<p>&nbsp;<\/p>\n","protected":false},"excerpt":{"rendered":"<h4><span style=\"color: #800000;\"><em>POEMA EPICO\/GOLIARDICO<\/em><\/span><\/h4>\n<p>&nbsp;<\/p>\n<h4>di <strong><a href=\"http:\/\/shop.kappavu.it\/KV\/autori-mz\/#pierluigi-visintin\">PIERLUIGI VISINTIN &#8220;PICCHIO&#8221;<\/a><\/strong><\/h4>\n<p><strong>\u201cGli scherzi, l\u2019avventure, i gran furori, le cortesie, l\u2019audaci imprese io canto, le sbronze formidabili e gli amori degli \u201cSciaquoni\u201d tergestini, tanto famosi un tempo e carichi d\u2019allori che della goliardia furono vanto, perch\u00e9 non vada persa la memoria dei Grandi Maestri, n\u00e9 la loro gloria.\u201d<\/strong><\/p>\n<p>&nbsp;<\/p>\n","protected":false},"featured_media":2013,"comment_status":"open","ping_status":"closed","template":"","meta":[],"product_brand":[],"product_cat":[53,27],"product_tag":[1778,1770,1775,1065,2311,2312,2313,2314],"class_list":{"0":"post-2012","1":"product","2":"type-product","3":"status-publish","4":"has-post-thumbnail","6":"product_cat-pierluigi-visintin","7":"product_cat-poesia","8":"product_tag-libertinaggio","9":"product_tag-libertino","10":"product_tag-picchio-visintin","11":"product_tag-pierluigi-visintin","12":"product_tag-poema-epico-triestino","13":"product_tag-poema-goliardico","14":"product_tag-sciaquoni-di-trieste","15":"product_tag-sciaquoni-tergestini","17":"first","18":"instock","19":"sale","20":"shipping-taxable","21":"purchasable","22":"product-type-simple","23":"customify-col"},"_links":{"self":[{"href":"https:\/\/shop.kappavu.it\/KV\/wp-json\/wp\/v2\/product\/2012","targetHints":{"allow":["GET"]}}],"collection":[{"href":"https:\/\/shop.kappavu.it\/KV\/wp-json\/wp\/v2\/product"}],"about":[{"href":"https:\/\/shop.kappavu.it\/KV\/wp-json\/wp\/v2\/types\/product"}],"replies":[{"embeddable":true,"href":"https:\/\/shop.kappavu.it\/KV\/wp-json\/wp\/v2\/comments?post=2012"}],"wp:featuredmedia":[{"embeddable":true,"href":"https:\/\/shop.kappavu.it\/KV\/wp-json\/wp\/v2\/media\/2013"}],"wp:attachment":[{"href":"https:\/\/shop.kappavu.it\/KV\/wp-json\/wp\/v2\/media?parent=2012"}],"wp:term":[{"taxonomy":"product_brand","embeddable":true,"href":"https:\/\/shop.kappavu.it\/KV\/wp-json\/wp\/v2\/product_brand?post=2012"},{"taxonomy":"product_cat","embeddable":true,"href":"https:\/\/shop.kappavu.it\/KV\/wp-json\/wp\/v2\/product_cat?post=2012"},{"taxonomy":"product_tag","embeddable":true,"href":"https:\/\/shop.kappavu.it\/KV\/wp-json\/wp\/v2\/product_tag?post=2012"}],"curies":[{"name":"wp","href":"https:\/\/api.w.org\/{rel}","templated":true}]}}