{"id":2006,"date":"2022-04-25T18:17:43","date_gmt":"2022-04-25T16:17:43","guid":{"rendered":"https:\/\/shop.kappavu.it\/KV\/?post_type=product&#038;p=2006"},"modified":"2022-10-21T15:07:46","modified_gmt":"2022-10-21T13:07:46","slug":"revocs-di-tiara","status":"publish","type":"product","link":"https:\/\/shop.kappavu.it\/KV\/prodotto\/revocs-di-tiara\/","title":{"rendered":"REV\u00d2CS DI TIARA \/ Echi di terra"},"content":{"rendered":"<h4><\/h4>\n<h4><em>Canti d\u2019amore con il ritmo dittico asimmetrico, come i battiti del cuore. Amore dei sensi, dell\u2019eros, nelle diciassette liriche della prima parte: Rev\u00f2cs. Amore per la terra con i suoi ricordi ancestrali; rabbia e, allo stesso tempo, una struggente pietas, per il suo patire, nella seconda, pi\u00f9 sciolta ed intensa: Tiara.<\/em><\/h4>\n<h4>Cjants di am\u00f4r cul ritmi ditic asimetric, propit come il bati dal c\u00fbr. Am\u00f4r dai sens, dal eros, tes disesiet lirichis de prime part: Rev\u00f2cs. Amor pe tiare cui siei ricuards atavics; rabie e tal stes timp, cor\u00e2de pietas pal s\u00f4 pat\u00ee, inte seconde, plui libare e pen\u00e7e: Tiare.<\/h4>\n<p>&nbsp;<\/p>\n","protected":false},"excerpt":{"rendered":"<p>&nbsp;<\/p>\n<h4>di <strong><a href=\"http:\/\/shop.kappavu.it\/KV\/autori-al\/#francesco-indrigo\">FRANCESCO INDRIGO<\/a><\/strong><\/h4>\n<p><strong>Singolare raccolta, questa di Francesco Indrigo; singolare dittico asimmetrico o ritmico, come sistole e diastole. Diciassette le liriche dei R\u00e8vocs, sedici quelle di Tiara, ma brevi le prime, d\u2019intensit\u00e0 centripeta, gravitanti verso il silenzio, pi\u00f9 distese, pi\u00f9 espanse le altre: sotto il segno del desiderio quelle, della dedizione queste. Due forme d\u2019amore, pericolanti entrambe, diversamente.<\/strong><\/p>\n<p>&nbsp;<\/p>\n","protected":false},"featured_media":2007,"comment_status":"open","ping_status":"closed","template":"","meta":[],"product_brand":[],"product_cat":[25,138,21,27],"product_tag":[551,2293,376,900,2294,1185,528,1186,380,379,560,596,304,745,1187,1083],"class_list":{"0":"post-2006","1":"product","2":"type-product","3":"status-publish","4":"has-post-thumbnail","6":"product_cat-discanto","7":"product_cat-francesco-indrigo","8":"product_cat-friulano","9":"product_cat-poesia","10":"product_tag-autore-friulano","11":"product_tag-autori-di-poesie-friulani","12":"product_tag-autori-friulani","13":"product_tag-discanto","14":"product_tag-echi-di-terra","15":"product_tag-francesco-indrigo","16":"product_tag-friulano","17":"product_tag-parole-perdute","18":"product_tag-poesie-di-autori-friulani","19":"product_tag-poesie-friulane","20":"product_tag-poesie-in-friulano","21":"product_tag-poeta-friulano","22":"product_tag-raccolta-di-poesie-friulane","23":"product_tag-raccolta-di-poesie-in-friulano","24":"product_tag-san-michele-al-tagliamento","25":"product_tag-versi-in-friulano","27":"first","28":"instock","29":"sale","30":"shipping-taxable","31":"purchasable","32":"product-type-simple","33":"customify-col"},"_links":{"self":[{"href":"https:\/\/shop.kappavu.it\/KV\/wp-json\/wp\/v2\/product\/2006","targetHints":{"allow":["GET"]}}],"collection":[{"href":"https:\/\/shop.kappavu.it\/KV\/wp-json\/wp\/v2\/product"}],"about":[{"href":"https:\/\/shop.kappavu.it\/KV\/wp-json\/wp\/v2\/types\/product"}],"replies":[{"embeddable":true,"href":"https:\/\/shop.kappavu.it\/KV\/wp-json\/wp\/v2\/comments?post=2006"}],"wp:featuredmedia":[{"embeddable":true,"href":"https:\/\/shop.kappavu.it\/KV\/wp-json\/wp\/v2\/media\/2007"}],"wp:attachment":[{"href":"https:\/\/shop.kappavu.it\/KV\/wp-json\/wp\/v2\/media?parent=2006"}],"wp:term":[{"taxonomy":"product_brand","embeddable":true,"href":"https:\/\/shop.kappavu.it\/KV\/wp-json\/wp\/v2\/product_brand?post=2006"},{"taxonomy":"product_cat","embeddable":true,"href":"https:\/\/shop.kappavu.it\/KV\/wp-json\/wp\/v2\/product_cat?post=2006"},{"taxonomy":"product_tag","embeddable":true,"href":"https:\/\/shop.kappavu.it\/KV\/wp-json\/wp\/v2\/product_tag?post=2006"}],"curies":[{"name":"wp","href":"https:\/\/api.w.org\/{rel}","templated":true}]}}