{"id":1998,"date":"2022-04-25T17:17:31","date_gmt":"2022-04-25T15:17:31","guid":{"rendered":"https:\/\/shop.kappavu.it\/KV\/?post_type=product&#038;p=1998"},"modified":"2022-10-21T14:50:16","modified_gmt":"2022-10-21T12:50:16","slug":"quadri-per-un-viandante","status":"publish","type":"product","link":"https:\/\/shop.kappavu.it\/KV\/prodotto\/quadri-per-un-viandante\/","title":{"rendered":"QUADRI PER UN VIANDANTE"},"content":{"rendered":"<h4><\/h4>\n<h4>L\u2019opera \u00e8 divisa in tre parti. La prima, \u201cVariazioni\u201d, esprime appunto le variazioni del vivere nella molteplicit\u00e0 dei suoi aspetti: considerazioni e rammemorazioni, momenti della tristezza o della gioia, nostalgie di un passato lontano, pulsioni e tristezze d\u2019amore, sgomento per l\u2019inesorabile tempo. La seconda sezione \u201cIstorica\u201d fa riferimento alla attualit\u00e0 storica, agli eventi che ultimamente anche tragicamente si sono determinati nella nostra societ\u00e0. Nella terza sezione, \u201cL\u2019Astro e la Terra\u201d, emergono problematiche che attraversano la vita dell\u2019uomo, il mistero di essere al mondo, la morte, il dolore, il male.<\/h4>\n<p>&nbsp;<\/p>\n","protected":false},"excerpt":{"rendered":"<p>&nbsp;<\/p>\n<h4>di <strong><a href=\"http:\/\/shop.kappavu.it\/KV\/autori-mz\/#pietro-mastromonaco\">PIETRO MASTROMONACO<\/a><\/strong><\/h4>\n<p><strong>La raccolta ha il titolo \u201cQuadri per un viandante\u201d, perch\u00e9 tale si configura la condizione dell\u2019uomo, quella di percorrere le strade del mondo, comprese quelle di sottocasa, nei movimenti anche usuali, negli incontri e nelle situazioni pi\u00f9 varie che giornalmente si propongono. Le avventure della straordinariet\u00e0 e della quotidianit\u00e0, quali in mille romanzi abbiamo visto rappresentate.<\/strong><\/p>\n<p>&nbsp;<\/p>\n","protected":false},"featured_media":1999,"comment_status":"open","ping_status":"closed","template":"","meta":[],"product_brand":[],"product_cat":[194,27],"product_tag":[2245,2246,380,379,2247,2248,303,304],"class_list":{"0":"post-1998","1":"product","2":"type-product","3":"status-publish","4":"has-post-thumbnail","6":"product_cat-pietro-mastromonaco","7":"product_cat-poesia","8":"product_tag-pietro-mastromonaco","9":"product_tag-poesia-autore-friulano","10":"product_tag-poesie-di-autori-friulani","11":"product_tag-poesie-friulane","12":"product_tag-poesie-sentimentali","13":"product_tag-poesie-sulla-quotidianita","14":"product_tag-raccolta-di-poesie","15":"product_tag-raccolta-di-poesie-friulane","17":"first","18":"instock","19":"sale","20":"shipping-taxable","21":"purchasable","22":"product-type-simple","23":"customify-col"},"_links":{"self":[{"href":"https:\/\/shop.kappavu.it\/KV\/wp-json\/wp\/v2\/product\/1998","targetHints":{"allow":["GET"]}}],"collection":[{"href":"https:\/\/shop.kappavu.it\/KV\/wp-json\/wp\/v2\/product"}],"about":[{"href":"https:\/\/shop.kappavu.it\/KV\/wp-json\/wp\/v2\/types\/product"}],"replies":[{"embeddable":true,"href":"https:\/\/shop.kappavu.it\/KV\/wp-json\/wp\/v2\/comments?post=1998"}],"wp:featuredmedia":[{"embeddable":true,"href":"https:\/\/shop.kappavu.it\/KV\/wp-json\/wp\/v2\/media\/1999"}],"wp:attachment":[{"href":"https:\/\/shop.kappavu.it\/KV\/wp-json\/wp\/v2\/media?parent=1998"}],"wp:term":[{"taxonomy":"product_brand","embeddable":true,"href":"https:\/\/shop.kappavu.it\/KV\/wp-json\/wp\/v2\/product_brand?post=1998"},{"taxonomy":"product_cat","embeddable":true,"href":"https:\/\/shop.kappavu.it\/KV\/wp-json\/wp\/v2\/product_cat?post=1998"},{"taxonomy":"product_tag","embeddable":true,"href":"https:\/\/shop.kappavu.it\/KV\/wp-json\/wp\/v2\/product_tag?post=1998"}],"curies":[{"name":"wp","href":"https:\/\/api.w.org\/{rel}","templated":true}]}}