{"id":1996,"date":"2022-04-23T17:26:30","date_gmt":"2022-04-23T15:26:30","guid":{"rendered":"https:\/\/shop.kappavu.it\/KV\/?post_type=product&#038;p=1996"},"modified":"2026-03-22T20:49:45","modified_gmt":"2026-03-22T19:49:45","slug":"peraulis-crosadis-2","status":"publish","type":"product","link":"https:\/\/shop.kappavu.it\/KV\/prodotto\/peraulis-crosadis-2\/","title":{"rendered":"PERAULIS CROSADIS 2"},"content":{"rendered":"<h4><\/h4>\n<h4>Sal\u00fbt de Aministrazion Comun\u00e2l di Tavagn\u00e0<\/h4>\n<h4>Dopo la publicazion dal numar 1 di chest librut indre\u00e7ade ai plui pi\u00e7ui, cul obiet\u00eef di furn\u00eeur un imprest util par impar\u00e2 la marilenghe zuiant, come che al \u00e8 just che a fasin i fruts, no podeve mancj\u00e2 la atenzion che cheste Aministrazion e risierve ancje ae zovent\u00fbt.<br \/>\nTignint simpri a ments che dome tacant dai plui zovins si pues garant\u00ee un avign\u00ee ae lenghe furlane, lenghe che di une bande e rapresente un element identitari tra i plui impuartants de nestre comunit\u00e2t e di ch\u00ea altre e permet di pandi il nestri patrimoni cultur\u00e2l e linguistic a chei che a vegnin a st\u00e2 di f\u00fbr, cun cheste publicazion o vin il plas\u00ea di d\u00e2 il nestri contrib\u00fbt par jud\u00e2 lis gnovis gjenerazions a ricognossisi tes l\u00f4r lidr\u00ees; lidr\u00ees che a son dut c\u00e2s miscli\u00e7adis te multiculturalit\u00e2t di cheste regjon. Cussience de proprie identit\u00e2t e rispiet pal patrimoni di ogni culture che si rive a cognossi nus somein che a puedin rapresent\u00e2 chei elements che a rinfuarcissin tai zovins di doman la brame di super\u00e2 i confins e cjal\u00e2 lontan, cence p\u00f4ris e cence preconcets, savint dul\u00e0 che a son lis l\u00f4r lidr\u00ees.<\/h4>\n<h4>Mandi di c\u00fbr<br \/>\nIl Sindic<br \/>\nProf. Mario Pezzetta<\/h4>\n<h4><\/h4>\n","protected":false},"excerpt":{"rendered":"<h4><span style=\"color: #800000;\"><em>&#8230; E ALTRIS Z\u00dbCS ENIGMISTICS<\/em><\/span><\/h4>\n<p>&nbsp;<\/p>\n<h4>a cura di <strong><a class=\"url fn n\" href=\"https:\/\/shop.kappavu.it\/KV\/autori-al\/#alessandra-kersevan\">ALESSANDRA KERSEVAN<\/a><\/strong><\/h4>\n<p><strong>Un imprest didatic par impar\u00e0 zuiant. Il prin numar al \u00e8 pai fruts, il secont pai frutats de scuole medie, ma ancje gjoldibii e plasevui pai grants. Il tier\u00e7 numar par ducj.<\/strong><\/p>\n<p><strong><em>Imparare giocando. Il primo numero \u00e8 dedicato alle scuole elementari, il secondo ai ragazzi delle medie. Entrambi sono piacevoli e divertenti anche per i grandi. Il terzo numero \u00e8 per tutti.<\/em><\/strong><\/p>\n<h4><\/h4>\n<p>&nbsp;<\/p>\n<h5><strong>A \u00e0n colabor\u00e2t: <\/strong><strong>Rosalba Della Pietra \u2013 Miriam Dolso \u2013 Giuliano Velliscig<\/strong><br \/>\n<strong>Dissens dai rebus: Marta Venuti<\/strong><br \/>\n<strong>Dissen de cuvierte: Francesca Gregoricchio<\/strong><br \/>\n<strong>Impagjinazion: Paola D\u2019Elia<\/strong><br \/>\n<strong>Revision pe grafie ufici\u00e2l: Elena Pecile <\/strong><strong>(Sportel pe lenghe furlane dal Comun di Tavagn\u00e0)<\/strong><\/h5>\n<p>&nbsp;<\/p>\n","protected":false},"featured_media":1997,"comment_status":"open","ping_status":"closed","template":"","meta":[],"product_brand":[],"product_cat":[46,24,21,47],"product_tag":[529,687,2238,2239,2240,2241,2242,941,943,940,942,2015],"class_list":{"0":"post-1996","1":"product","2":"type-product","3":"status-publish","4":"has-post-thumbnail","6":"product_cat-alessandra-kersevan","7":"product_cat-didatiche","8":"product_cat-friulano","9":"product_cat-giuliano-velliscig","10":"product_tag-alessandra-kersevan","11":"product_tag-didattica-in-friulano","12":"product_tag-enigmistica-in-friulano","13":"product_tag-giochi-enigmistici","14":"product_tag-parole-crociate-in-friulano","15":"product_tag-parole-incrociate-in-friulano","16":"product_tag-peraulis-crosadis","17":"product_tag-zucs-di-peraulis","18":"product_tag-zucs-di-peraulis-par-furlan","19":"product_tag-zucs-par-furlan","20":"product_tag-zuia-cu-lis-peraulis","21":"product_tag-zuia-cul-furlan","23":"first","24":"instock","25":"sale","26":"shipping-taxable","27":"purchasable","28":"product-type-simple","29":"customify-col"},"_links":{"self":[{"href":"https:\/\/shop.kappavu.it\/KV\/wp-json\/wp\/v2\/product\/1996","targetHints":{"allow":["GET"]}}],"collection":[{"href":"https:\/\/shop.kappavu.it\/KV\/wp-json\/wp\/v2\/product"}],"about":[{"href":"https:\/\/shop.kappavu.it\/KV\/wp-json\/wp\/v2\/types\/product"}],"replies":[{"embeddable":true,"href":"https:\/\/shop.kappavu.it\/KV\/wp-json\/wp\/v2\/comments?post=1996"}],"wp:featuredmedia":[{"embeddable":true,"href":"https:\/\/shop.kappavu.it\/KV\/wp-json\/wp\/v2\/media\/1997"}],"wp:attachment":[{"href":"https:\/\/shop.kappavu.it\/KV\/wp-json\/wp\/v2\/media?parent=1996"}],"wp:term":[{"taxonomy":"product_brand","embeddable":true,"href":"https:\/\/shop.kappavu.it\/KV\/wp-json\/wp\/v2\/product_brand?post=1996"},{"taxonomy":"product_cat","embeddable":true,"href":"https:\/\/shop.kappavu.it\/KV\/wp-json\/wp\/v2\/product_cat?post=1996"},{"taxonomy":"product_tag","embeddable":true,"href":"https:\/\/shop.kappavu.it\/KV\/wp-json\/wp\/v2\/product_tag?post=1996"}],"curies":[{"name":"wp","href":"https:\/\/api.w.org\/{rel}","templated":true}]}}