{"id":1994,"date":"2022-04-23T15:24:59","date_gmt":"2022-04-23T13:24:59","guid":{"rendered":"https:\/\/shop.kappavu.it\/KV\/?post_type=product&#038;p=1994"},"modified":"2022-10-21T14:00:41","modified_gmt":"2022-10-21T12:00:41","slug":"per-non-morire-in-versi","status":"publish","type":"product","link":"https:\/\/shop.kappavu.it\/KV\/prodotto\/per-non-morire-in-versi\/","title":{"rendered":"PER NON MORIRE IN VERSI"},"content":{"rendered":"<h4><\/h4>\n<h4>Testo teatrale presentato al Mittelfest di\u00a0Cividale del Friuli nel 2006<br \/>\n<em>presentazione di Jack Hirschman<\/em><\/h4>\n<h4>\u201cQuelle che essenzialmente Andrea Zuccolo porta all\u2019atto della creazione di una poesia \u00e8 un profondo senso del suo divenire pi\u00f9 che la poesia stessa, della sua potenzialit\u00e0 di prendere posto in un panorama di spettacolo orale, della sua appartenenza alla comunit\u00e0 umana. Zuccolo scrive con una rabbia, una disperazione e una tenerezza che sono parte del salto drammatico \u201cdalla pagina\u201d, per cosi dire, all\u2019interno delle persone, le persone in definitiva\u201d.<\/h4>\n<h4><em>Jack Hirschman<\/em> \u2013 San Francisco, 5 luglio 2004<\/h4>\n<p>&nbsp;<\/p>\n","protected":false},"excerpt":{"rendered":"<p>&nbsp;<\/p>\n<h4>di <strong><a href=\"http:\/\/shop.kappavu.it\/KV\/autori-al\/#andrea-zuccolo\">ANDREA ZUCCOLO<\/a><\/strong><\/h4>\n<p>&nbsp;<\/p>\n<p><strong>Testo teatrale presentato al Mittelfest di\u00a0Cividale del Friuli nel 2006<\/strong><br \/>\n<strong><em>presentazione di Jack Hirschman<\/em><\/strong><\/p>\n<p><strong>\u201cQuelle che essenzialmente Andrea Zuccolo porta all\u2019atto della creazione di una poesia \u00e8 un profondo senso del suo divenire pi\u00f9 che la poesia stessa, della sua potenzialit\u00e0 di prendere posto in un panorama di spettacolo orale, della sua appartenenza alla comunit\u00e0 umana. Zuccolo scrive con una rabbia, una disperazione e una tenerezza che sono parte del salto drammatico \u201cdalla pagina\u201d, per cosi dire, all\u2019interno delle persone, le persone in definitiva\u201d.<\/strong><\/p>\n<p><strong><em>Jack Hirschman<\/em> \u2013 San Francisco, 5 luglio 2004<\/strong><\/p>\n<p>&nbsp;<\/p>\n","protected":false},"featured_media":1995,"comment_status":"open","ping_status":"closed","template":"","meta":[],"product_brand":[],"product_cat":[90,25,27],"product_tag":[2234,900,769,2235,1544,379,303],"class_list":{"0":"post-1994","1":"product","2":"type-product","3":"status-publish","4":"has-post-thumbnail","6":"product_cat-andrea-zuccolo","7":"product_cat-discanto","8":"product_cat-poesia","9":"product_tag-andrea-zuccolo","10":"product_tag-discanto","11":"product_tag-jack-hirschman","12":"product_tag-mittelfest","13":"product_tag-poesie-autori-friulani","14":"product_tag-poesie-friulane","15":"product_tag-raccolta-di-poesie","17":"first","18":"instock","19":"sale","20":"shipping-taxable","21":"purchasable","22":"product-type-simple","23":"customify-col"},"_links":{"self":[{"href":"https:\/\/shop.kappavu.it\/KV\/wp-json\/wp\/v2\/product\/1994","targetHints":{"allow":["GET"]}}],"collection":[{"href":"https:\/\/shop.kappavu.it\/KV\/wp-json\/wp\/v2\/product"}],"about":[{"href":"https:\/\/shop.kappavu.it\/KV\/wp-json\/wp\/v2\/types\/product"}],"replies":[{"embeddable":true,"href":"https:\/\/shop.kappavu.it\/KV\/wp-json\/wp\/v2\/comments?post=1994"}],"wp:featuredmedia":[{"embeddable":true,"href":"https:\/\/shop.kappavu.it\/KV\/wp-json\/wp\/v2\/media\/1995"}],"wp:attachment":[{"href":"https:\/\/shop.kappavu.it\/KV\/wp-json\/wp\/v2\/media?parent=1994"}],"wp:term":[{"taxonomy":"product_brand","embeddable":true,"href":"https:\/\/shop.kappavu.it\/KV\/wp-json\/wp\/v2\/product_brand?post=1994"},{"taxonomy":"product_cat","embeddable":true,"href":"https:\/\/shop.kappavu.it\/KV\/wp-json\/wp\/v2\/product_cat?post=1994"},{"taxonomy":"product_tag","embeddable":true,"href":"https:\/\/shop.kappavu.it\/KV\/wp-json\/wp\/v2\/product_tag?post=1994"}],"curies":[{"name":"wp","href":"https:\/\/api.w.org\/{rel}","templated":true}]}}