{"id":1985,"date":"2022-04-23T01:35:20","date_gmt":"2022-04-22T23:35:20","guid":{"rendered":"https:\/\/shop.kappavu.it\/KV\/?post_type=product&#038;p=1985"},"modified":"2024-03-05T18:11:16","modified_gmt":"2024-03-05T17:11:16","slug":"operazione-foibe-tra-storia-e-mito","status":"publish","type":"product","link":"https:\/\/shop.kappavu.it\/KV\/prodotto\/operazione-foibe-tra-storia-e-mito\/","title":{"rendered":"OPERAZIONE FOIBE tra storia e mito"},"content":{"rendered":"<h4><\/h4>\n<h4>Fare chiarezza sulla storia delle terre di confine ad est, cercando di rendere giustizia ai morti di entrambe le nazionalit\u00e0 che qui si incontrano; mettere fine a quella propaganda strumentale che alimenta continui motivi di tensione politica; offrire elementi di analisi che permettano alla sinistra italiana ed agli Sloveni di superare quei sensi di colpa come \u201cinfoibatori\u201d, accusa mossa da sessanta anni, dimenticando vent\u2019anni di fascismo, snazionalizzazione forzata subita dai popoli non italiani e massacri feroci perpetrati, durante la guerra, contro le popolazioni dell\u2019Istria e di quella che viene chiamata Venezia Giulia. Questi sono gli obiettivi che l\u2019autrice si \u00e8 prefissa basando la propria ricerca su ampia documentazione tratta anche dagli archivi britannici e americani.<\/h4>\n<p>&nbsp;<\/p>\n","protected":false},"excerpt":{"rendered":"<p>&nbsp;<\/p>\n<h4>di <strong><a class=\"url fn n\" href=\"https:\/\/shop.kappavu.it\/KV\/autori-al\/#claudia-cernigoi\">CLAUDIA CERNIGOI<\/a><\/strong><\/h4>\n<p><strong>Un\u2019unica lezione bisogna trarre da questi fatti: mai pi\u00f9 nazionalismi, mai pi\u00f9 violenze, mai pi\u00f9 guerre; ed impari finalmente l\u2019uomo, come diceva Brecht, ad essere un \u201caiuto all\u2019uomo\u201d.<\/strong><\/p>\n<p>&nbsp;<\/p>\n","protected":false},"featured_media":2019,"comment_status":"open","ping_status":"closed","template":"","meta":[],"product_brand":[],"product_cat":[109,20,19],"product_tag":[529,353,672,673,343,674,2198,675,676,279,280,1986,677,679,680,371,776,288,446,1330,2199],"class_list":{"0":"post-1985","1":"product","2":"type-product","3":"status-publish","4":"has-post-thumbnail","6":"product_cat-claudia-cernigoi","7":"product_cat-resistenza_storica","8":"product_cat-storia","9":"product_tag-alessandra-kersevan","10":"product_tag-claudia-cernigoi","11":"product_tag-confine-orientale","12":"product_tag-confine-orientale-ditalia","13":"product_tag-foibe","14":"product_tag-foibe-istriane","15":"product_tag-foibe-nella-venezia-giulia","16":"product_tag-foibe-triestine","17":"product_tag-giorno-del-ricordo","18":"product_tag-guerra-antifascista-europea","19":"product_tag-guerra-antifascista-in-europa","20":"product_tag-guerra-sul-confine-orientale","21":"product_tag-ispettore-de-giorgi","22":"product_tag-problema-del-confine-orientale","23":"product_tag-recuperi-dalle-foibe","24":"product_tag-resistenza-jugoslava","25":"product_tag-resistenza-storica","26":"product_tag-seconda-guerra-mondiale","27":"product_tag-seconda-guerra-mondiale-in-friuli","28":"product_tag-storia-della-venezia-giulia","29":"product_tag-storia-delle-foibe","31":"first","32":"instock","33":"shipping-taxable","34":"purchasable","35":"product-type-simple","36":"customify-col"},"_links":{"self":[{"href":"https:\/\/shop.kappavu.it\/KV\/wp-json\/wp\/v2\/product\/1985","targetHints":{"allow":["GET"]}}],"collection":[{"href":"https:\/\/shop.kappavu.it\/KV\/wp-json\/wp\/v2\/product"}],"about":[{"href":"https:\/\/shop.kappavu.it\/KV\/wp-json\/wp\/v2\/types\/product"}],"replies":[{"embeddable":true,"href":"https:\/\/shop.kappavu.it\/KV\/wp-json\/wp\/v2\/comments?post=1985"}],"wp:featuredmedia":[{"embeddable":true,"href":"https:\/\/shop.kappavu.it\/KV\/wp-json\/wp\/v2\/media\/2019"}],"wp:attachment":[{"href":"https:\/\/shop.kappavu.it\/KV\/wp-json\/wp\/v2\/media?parent=1985"}],"wp:term":[{"taxonomy":"product_brand","embeddable":true,"href":"https:\/\/shop.kappavu.it\/KV\/wp-json\/wp\/v2\/product_brand?post=1985"},{"taxonomy":"product_cat","embeddable":true,"href":"https:\/\/shop.kappavu.it\/KV\/wp-json\/wp\/v2\/product_cat?post=1985"},{"taxonomy":"product_tag","embeddable":true,"href":"https:\/\/shop.kappavu.it\/KV\/wp-json\/wp\/v2\/product_tag?post=1985"}],"curies":[{"name":"wp","href":"https:\/\/api.w.org\/{rel}","templated":true}]}}