{"id":1978,"date":"2022-04-22T18:26:25","date_gmt":"2022-04-22T16:26:25","guid":{"rendered":"https:\/\/shop.kappavu.it\/KV\/?post_type=product&#038;p=1978"},"modified":"2022-10-21T13:01:12","modified_gmt":"2022-10-21T11:01:12","slug":"non-bombe-ma-solo-caramelle","status":"publish","type":"product","link":"https:\/\/shop.kappavu.it\/KV\/prodotto\/non-bombe-ma-solo-caramelle\/","title":{"rendered":"NON BOMBE MA SOLO CARAMELLE"},"content":{"rendered":"<h4><\/h4>\n<h4 class=\"p1\">\u00abNon Bombe Ma Solo Caramelle vive un\u2019esperienza che dura da quasi venti anni, in una situazione non pi\u00f9 di emergenza ma di fortissimo disagio, quale \u00e8 il paese Serbia. Siamo nati nel 1999, in opposizione ai bombardamenti della NATO sulla Repubblica Federale di Jugoslavia e in risposta all\u2019appello dei lavoratori del complesso metalmeccanico Zastava di Kragujevac, le cui fabbriche furono rase al suolo dagli attacchi aerei partiti dall\u2019Italia. Quando si distruggono i luoghi del lavoro c\u2019\u00e8 la volont\u00e0 di distruggere un popolo e il suo Paese, negargli il futuro. Siamo consapevoli di non poter esportare modelli preconfezionati e siamo convinti che ogni operazione politica, sociale, culturale deve nascere nel contesto che \u00e8 in grado di volerla e di sostenerla. Per noi vuol dire dare valore alla quotidianit\u00e0 della vita concreta delle persone e dei gruppi sociali, perch\u00e9 le crisi di qualsiasi natura (economiche, geopolitiche, militari) non devono minare la solidariet\u00e0 materiale tra lavoratori e popoli, ma anzi raorzarla, non devono dividere, ma unire, in nome di una globalizzazione dei diritti, quale strada per contrastare le guerre tra i poveri e la disgregazione sociale.\u00bb<\/h4>\n<h4 class=\"p1\"><em>Gilberto Vlaic<\/em><\/h4>\n<p>&nbsp;<\/p>\n","protected":false},"excerpt":{"rendered":"<h4><em><span style=\"color: #800000;\">STORIA DI UNA ONLUS ANOMALA &#8211; INTERVISTA A GILBERTO VLAIC<\/span><\/em><\/h4>\n<p>&nbsp;<\/p>\n<h4>a cura di <strong><a href=\"http:\/\/shop.kappavu.it\/KV\/autori-mz\/#mariella-grande\">MARIELLA GRANDE<\/a><\/strong><\/h4>\n<p><strong>Perch\u00e9 scrivere un libro sulla ONLUS Non Bombe Ma Solo Caramelle? Per tornare a quella che \u00e8 stata una guerra dimenticata troppo in fretta dando la parola a chi allora ha saputo esprimere il proprio dissenso in modo concreto, perch\u00e9 \u00abl\u2019indifferenza \u00e8 il peso morto della storia\u00bb e \u00abci\u00f2 che succede, il male che si abbatte su tutti, avviene perch\u00e9 la massa degli uomini abdica alla sua volont\u00e0\u00bb.<\/strong><\/p>\n<p>&nbsp;<\/p>\n","protected":false},"featured_media":1979,"comment_status":"open","ping_status":"closed","template":"","meta":[],"product_brand":[],"product_cat":[69,30],"product_tag":[2165,806,2164,2166,2167,2163,785,1509,2159,2168,808,359,789,790,1217,2169,791,792,2158,2161,2170,793,794,795,2171,796,797,798,2172,1508,2173,2174,805,799,800,801,2160,2175,2176,803,804,2162],"class_list":{"0":"post-1978","1":"product","2":"type-product","3":"status-publish","4":"has-post-thumbnail","6":"product_cat-mariella-grande","7":"product_cat-saggistica","8":"product_tag-aggressione-nato-in-serbia","9":"product_tag-atlantismo","10":"product_tag-belgrado","11":"product_tag-bombardamenti-in-serbia","12":"product_tag-bombardamenti-nato-in-serbia","13":"product_tag-bombardamenti-su-belgrado","14":"product_tag-eserciti-professionali","15":"product_tag-esercito-professionale","16":"product_tag-ex-jugoslavia","17":"product_tag-fabbrica-zastava","18":"product_tag-fuori-dalla-nato","19":"product_tag-gilberto-vlaic","20":"product_tag-guerra","21":"product_tag-guerra-fredda","22":"product_tag-guerra-in-jugoslavia","23":"product_tag-guerra-in-serbia-1999","24":"product_tag-guerra-moderna","25":"product_tag-industria-bellica","26":"product_tag-jugoslavia","27":"product_tag-kragujevac","28":"product_tag-lavoratori-metalmeccanici","29":"product_tag-leva-obbligatoria","30":"product_tag-leva-volontaria","31":"product_tag-libro-bianco","32":"product_tag-mariella-grande","33":"product_tag-mondo-multipolare","34":"product_tag-nato","35":"product_tag-neocolonialismo","36":"product_tag-non-bombe-ma-solo-caramelle-onlus","37":"product_tag-nucleare-militare","38":"product_tag-onlus","39":"product_tag-operai-serbi","40":"product_tag-patto-atlantico","41":"product_tag-patto-di-varsavia","42":"product_tag-questione-del-riarmo","43":"product_tag-riarmo","44":"product_tag-serbia","45":"product_tag-solidarieta-di-classe","46":"product_tag-solidarieta-tra-lavoratori","47":"product_tag-strategie-belliche","48":"product_tag-uscita-dalla-nato","49":"product_tag-zastava","51":"first","52":"instock","53":"sale","54":"shipping-taxable","55":"purchasable","56":"product-type-simple","57":"customify-col"},"_links":{"self":[{"href":"https:\/\/shop.kappavu.it\/KV\/wp-json\/wp\/v2\/product\/1978","targetHints":{"allow":["GET"]}}],"collection":[{"href":"https:\/\/shop.kappavu.it\/KV\/wp-json\/wp\/v2\/product"}],"about":[{"href":"https:\/\/shop.kappavu.it\/KV\/wp-json\/wp\/v2\/types\/product"}],"replies":[{"embeddable":true,"href":"https:\/\/shop.kappavu.it\/KV\/wp-json\/wp\/v2\/comments?post=1978"}],"wp:featuredmedia":[{"embeddable":true,"href":"https:\/\/shop.kappavu.it\/KV\/wp-json\/wp\/v2\/media\/1979"}],"wp:attachment":[{"href":"https:\/\/shop.kappavu.it\/KV\/wp-json\/wp\/v2\/media?parent=1978"}],"wp:term":[{"taxonomy":"product_brand","embeddable":true,"href":"https:\/\/shop.kappavu.it\/KV\/wp-json\/wp\/v2\/product_brand?post=1978"},{"taxonomy":"product_cat","embeddable":true,"href":"https:\/\/shop.kappavu.it\/KV\/wp-json\/wp\/v2\/product_cat?post=1978"},{"taxonomy":"product_tag","embeddable":true,"href":"https:\/\/shop.kappavu.it\/KV\/wp-json\/wp\/v2\/product_tag?post=1978"}],"curies":[{"name":"wp","href":"https:\/\/api.w.org\/{rel}","templated":true}]}}