{"id":1965,"date":"2022-04-21T14:14:36","date_gmt":"2022-04-21T12:14:36","guid":{"rendered":"https:\/\/shop.kappavu.it\/KV\/?post_type=product&#038;p=1965"},"modified":"2022-10-21T12:37:11","modified_gmt":"2022-10-21T10:37:11","slug":"mari-aghe","status":"publish","type":"product","link":"https:\/\/shop.kappavu.it\/KV\/prodotto\/mari-aghe\/","title":{"rendered":"MARI AGHE"},"content":{"rendered":"<h4><\/h4>\n<h4>\u201cHo letto il testo esile, tenero, fantasioso, attuale di Franca Mainardis. Ho seguito con apprensione, da lontano, il paziente lavoro di messa in scena guidato da Daniela Zorzini. E ho assistito con commozione allo straordinario risultato presentato al teatro Giovanni da Udine il 7 marzo 2010, dove la lingua friulana ha trionfato in uno spettacolo per bambini bellissimo, riuscito sotto ogni aspetto.<br \/>\nUn grande palco trasformato, con pochi tocchi, in un cortile del Friuli contadino, invaso da folletti\/gocce figli di Mari Aghe che li vigila dall\u2019alto della sua nube mentre dicono il testo, ballano, ritmano le filastrocche di DJ Tubet, accanto a buffi fiori assetati; ai quali solo dopo molti errori, uniti, riescono a portare aiuto. Una regia ricca di idee, una squadra affiatata, una lingua viva per un intrattenimento di alta qualit\u00e0. E una grande soddisfazione, per me, per aver creduto in un lavoro che ha riunito tante forze, portandole ad un prezioso successo, ora compendiato in questo libro.\u201d<\/h4>\n<h4><em>Tarcisio Mizzau (Presidente Fondazione Teatro Nuovo Giovanni da Udine)<\/em><\/h4>\n<p>&nbsp;<\/p>\n","protected":false},"excerpt":{"rendered":"<h4><\/h4>\n<p>&nbsp;<\/p>\n<h4>di <strong><a href=\"http:\/\/shop.kappavu.it\/KV\/autori-al\/#franca-mainardis\">FRANCA MAINARDIS<\/a><\/strong><\/h4>\n<h4>a cura di <strong><a href=\"http:\/\/shop.kappavu.it\/KV\/autori-al\/#anna-pellegrino\">ANNA PELLEGRINO<\/a><\/strong>\u00a0e\u00a0<strong><a href=\"http:\/\/shop.kappavu.it\/KV\/autori-al\/#daniela-zorzini\">DANIELA ZORZINI<\/a><\/strong><\/h4>\n<p>&nbsp;<\/p>\n<p><strong>\u00c8 primavera e non piove da mesi. <\/strong><strong>Nel prato i fiori assetati chiedono a gran voce un po\u2019 d\u2019acqua. Mari Aghe corre in aiuto del prato assieme ai suoi figli Nuvoletta di nebbia, Chicco di grandine, Fiocco di neve, Spruzzatina di brina e Gocciolina di pioggia. Ma non basta. Sar\u00e0 il vento di scirocco a dissetare il prato: con il suo calore muta in acqua e in pioggia la neve, la grandine, la nebbia, la brina. Una storia che insegna l\u2019importanza di rinunciare a qualcosa di s\u00e9 per donarla agli altri, che insieme si pu\u00f2 fare molto e che la gratitudine \u00e8 la pi\u00f9 bella delle virt\u00f9.<\/strong><\/p>\n<h5><span style=\"color: #800000;\"><strong>Adattamento teatrale di DANIELA ZORZINI<\/strong><\/span><\/h5>\n<p>&nbsp;<\/p>\n","protected":false},"featured_media":1968,"comment_status":"open","ping_status":"closed","template":"","meta":[],"product_brand":[],"product_cat":[55,56,24,238,21,31],"product_tag":[2106,2103,2107,2105,684,685,686,687,2108,2104,1334,872,688,689,690,699,2109,2110,634,875,876,635,878,879,2111,1810,692,694,695],"class_list":{"0":"post-1965","1":"product","2":"type-product","3":"status-publish","4":"has-post-thumbnail","6":"product_cat-anna-pellegrino","7":"product_cat-daniela-zorzini","8":"product_cat-didatiche","9":"product_cat-franca-mainardis","10":"product_cat-friulano","11":"product_cat-teatro_e_musica","12":"product_tag-anna-pellegrino","13":"product_tag-associazione-teatrale-friulana","14":"product_tag-atf","15":"product_tag-daniela-zorzini","16":"product_tag-didatiche","17":"product_tag-didatiche-furlane","18":"product_tag-didatiche-par-furlan","19":"product_tag-didattica-in-friulano","20":"product_tag-dj-tubet","21":"product_tag-franca-mainardis","22":"product_tag-friuli-contadino","23":"product_tag-libri-didattici","24":"product_tag-libri-illustrati-in-friulano","25":"product_tag-libri-illustrati-per-bambini","26":"product_tag-libri-per-bambini-in-friulano","27":"product_tag-libruts-par-furlan","28":"product_tag-mauro-tubetti","29":"product_tag-spettacolo-teatrale-in-friulano","30":"product_tag-storie-in-friulano","31":"product_tag-storie-per-bambini","32":"product_tag-storie-per-bambini-in-friulano","33":"product_tag-storiis-par-furlan","34":"product_tag-storiutis-pai-frutins","35":"product_tag-storiutis-par-furlan","36":"product_tag-tarcisio-mizzau","37":"product_tag-teatro-in-friulano","38":"product_tag-testi-in-lingua-friulana","39":"product_tag-testi-per-scuola-primaria","40":"product_tag-testi-scolastici-in-friulano","42":"first","43":"instock","44":"sale","45":"shipping-taxable","46":"purchasable","47":"product-type-simple","48":"customify-col"},"_links":{"self":[{"href":"https:\/\/shop.kappavu.it\/KV\/wp-json\/wp\/v2\/product\/1965","targetHints":{"allow":["GET"]}}],"collection":[{"href":"https:\/\/shop.kappavu.it\/KV\/wp-json\/wp\/v2\/product"}],"about":[{"href":"https:\/\/shop.kappavu.it\/KV\/wp-json\/wp\/v2\/types\/product"}],"replies":[{"embeddable":true,"href":"https:\/\/shop.kappavu.it\/KV\/wp-json\/wp\/v2\/comments?post=1965"}],"wp:featuredmedia":[{"embeddable":true,"href":"https:\/\/shop.kappavu.it\/KV\/wp-json\/wp\/v2\/media\/1968"}],"wp:attachment":[{"href":"https:\/\/shop.kappavu.it\/KV\/wp-json\/wp\/v2\/media?parent=1965"}],"wp:term":[{"taxonomy":"product_brand","embeddable":true,"href":"https:\/\/shop.kappavu.it\/KV\/wp-json\/wp\/v2\/product_brand?post=1965"},{"taxonomy":"product_cat","embeddable":true,"href":"https:\/\/shop.kappavu.it\/KV\/wp-json\/wp\/v2\/product_cat?post=1965"},{"taxonomy":"product_tag","embeddable":true,"href":"https:\/\/shop.kappavu.it\/KV\/wp-json\/wp\/v2\/product_tag?post=1965"}],"curies":[{"name":"wp","href":"https:\/\/api.w.org\/{rel}","templated":true}]}}