{"id":1959,"date":"2022-04-20T19:24:16","date_gmt":"2022-04-20T17:24:16","guid":{"rendered":"https:\/\/shop.kappavu.it\/KV\/?post_type=product&#038;p=1959"},"modified":"2025-07-29T22:53:07","modified_gmt":"2025-07-29T20:53:07","slug":"lis-storiis-di-inge-e-bach","status":"publish","type":"product","link":"https:\/\/shop.kappavu.it\/KV\/prodotto\/lis-storiis-di-inge-e-bach\/","title":{"rendered":"LIS STORIIS DI INGE E BACH"},"content":{"rendered":"<h4><\/h4>\n<h4>Inge e Bach, i protagoniscj di chestis dodis storiutis, a son doi orsuts ninins e tenars, ma ancje un p\u00f4c birbants, come che a son ducj i canais dal nestri marimont\u2026 E come ducj i canais ancje Inge e Bach a \u00e0n la curiosit\u00e2t di discuvierzi il puest l\u00e0 che a vivin cu la siore e cul si\u00f4r Bosoni, un bon om che ju \u00e0 cjat\u00e2ts tai boscs parsore Tarvis.<br \/>\nL\u2019ors Amleto, la copasse Linore, doi sghirats, un cierf e tancj altris anim\u00e2i ju compagnin tes l\u00f4r aventuris, m\u00eas da\u00fbr m\u00eas, dilunc di un an, fintremai che Inge e Bach no colin in letarc, come che ducj i orsuts dal mont a fasin simpri.<\/h4>\n<h4><em>Inge e Bach, i protagonisti di queste dodici storie, sono due orsetti carini e teneri, ma anche un po\u2019 birbanti, come sono tutti i bambini del mondo\u2026. E come tutti i cuccioli anche Inge e Bach hanno la curiosit\u00e0 di scoprire il posto dove vivono con la signora e il signor Bosoni, un brav\u2019uomo che li ha trovati nei boschi sopra Tarvisio.<\/em><br \/>\n<em>L\u2019orso Amleto, la tartaruga Eleonora, due scoiattoli, un cervo e tanti altri animali li accompagnano nelle loro avventure, mese dopo mese, durante tutto un anno, finch\u00e9 Inge e Bach non cadono in letargo, come fanno tutti gli orsetti del mondo.<\/em><\/h4>\n<p>&nbsp;<\/p>\n","protected":false},"excerpt":{"rendered":"<p>&nbsp;<\/p>\n<h4>di <strong><a href=\"http:\/\/shop.kappavu.it\/KV\/autori-al\/#luca-de-clara\">LUCA DE CLARA<\/a><\/strong><\/h4>\n<h5>Illustrazioni \/ Ilustrazions: <strong><a href=\"http:\/\/shop.kappavu.it\/KV\/autori-al\/#francesca-gregoricchio\">FRANCESCA GREGORICCHIO<\/a><\/strong><\/h5>\n<p>&nbsp;<\/p>\n<p><strong>Inge e Bach, i protagoniscj di chestis dodis storiutis, a son doi orsuts ninins e tenars, ma ancje un p\u00f4c birbants, come che a son ducj i canais dal nestri marimont\u2026<\/strong><\/p>\n<p>&nbsp;<\/p>\n","protected":false},"featured_media":1960,"comment_status":"open","ping_status":"closed","template":"","meta":[],"product_brand":[],"product_cat":[24,135,21,164],"product_tag":[494,495,496,921,261,497,498,499,500,503,878,879,1914,1580,488],"class_list":{"0":"post-1959","1":"product","2":"type-product","3":"status-publish","4":"has-post-thumbnail","6":"product_cat-didatiche","7":"product_cat-francesca-gregoricchio","8":"product_cat-friulano","9":"product_cat-luca-de-clara","10":"product_tag-contis-pai-frutins","11":"product_tag-contis-par-furlan","12":"product_tag-francesca-gregoricchio","13":"product_tag-luca-de-clara","14":"product_tag-raccolta-di-racconti","15":"product_tag-raccolta-di-storie","16":"product_tag-racconti-per-bambini","17":"product_tag-racconti-per-bambini-in-friulano","18":"product_tag-racconti-per-ragazzi","19":"product_tag-storie-di-animali","20":"product_tag-storiutis-pai-frutins","21":"product_tag-storiutis-par-furlan","22":"product_tag-tarvis","23":"product_tag-tarvisio","24":"product_tag-traduzioni-in-friulano","26":"first","27":"instock","28":"sale","29":"shipping-taxable","30":"purchasable","31":"product-type-simple","32":"customify-col"},"_links":{"self":[{"href":"https:\/\/shop.kappavu.it\/KV\/wp-json\/wp\/v2\/product\/1959","targetHints":{"allow":["GET"]}}],"collection":[{"href":"https:\/\/shop.kappavu.it\/KV\/wp-json\/wp\/v2\/product"}],"about":[{"href":"https:\/\/shop.kappavu.it\/KV\/wp-json\/wp\/v2\/types\/product"}],"replies":[{"embeddable":true,"href":"https:\/\/shop.kappavu.it\/KV\/wp-json\/wp\/v2\/comments?post=1959"}],"wp:featuredmedia":[{"embeddable":true,"href":"https:\/\/shop.kappavu.it\/KV\/wp-json\/wp\/v2\/media\/1960"}],"wp:attachment":[{"href":"https:\/\/shop.kappavu.it\/KV\/wp-json\/wp\/v2\/media?parent=1959"}],"wp:term":[{"taxonomy":"product_brand","embeddable":true,"href":"https:\/\/shop.kappavu.it\/KV\/wp-json\/wp\/v2\/product_brand?post=1959"},{"taxonomy":"product_cat","embeddable":true,"href":"https:\/\/shop.kappavu.it\/KV\/wp-json\/wp\/v2\/product_cat?post=1959"},{"taxonomy":"product_tag","embeddable":true,"href":"https:\/\/shop.kappavu.it\/KV\/wp-json\/wp\/v2\/product_tag?post=1959"}],"curies":[{"name":"wp","href":"https:\/\/api.w.org\/{rel}","templated":true}]}}