{"id":1953,"date":"2022-04-20T00:37:57","date_gmt":"2022-04-19T22:37:57","guid":{"rendered":"https:\/\/shop.kappavu.it\/KV\/?post_type=product&#038;p=1953"},"modified":"2022-06-21T19:41:36","modified_gmt":"2022-06-21T17:41:36","slug":"lettere-pedagogiche","status":"publish","type":"product","link":"https:\/\/shop.kappavu.it\/KV\/prodotto\/lettere-pedagogiche\/","title":{"rendered":"LETTERE PEDAGOGICHE"},"content":{"rendered":"<h4><\/h4>\n<h4>\u201cLa scuola deve assumersi la responsabilit\u00e0 di assecondare il desiderio nei ragazzi di formarsi come individualit\u00e0 ricchissime e responsabili, individualit\u00e0 collegate, capaci di parlarsi e di ascoltarsi con modalit\u00e0 profonde e libere da schemi precostituiti\u201d.<\/h4>\n<h4><em>Elvia Franco<\/em><\/h4>\n<p>&nbsp;<\/p>\n","protected":false},"excerpt":{"rendered":"<p>&nbsp;<\/p>\n<h4>a cura di <strong><a href=\"http:\/\/shop.kappavu.it\/KV\/autori-al\/#elvia-franco\">ELVIA FRANCO<\/a><\/strong><\/h4>\n<p><strong>Lettere per ragionare su alcuni aspetti della Riforma Moratti e sul senso della scuola in questo periodo storico e sociale. Per ripensare insieme con urgenza e in profondit\u00e0 il senso della scuola.<\/strong><\/p>\n<p>&nbsp;<\/p>\n","protected":false},"featured_media":1954,"comment_status":"open","ping_status":"closed","template":"","meta":[],"product_brand":[],"product_cat":[64,29,30],"product_tag":[1168,2057,585,586,2058,2059,2060,2061,2062,2063],"class_list":{"0":"post-1953","1":"product","2":"type-product","3":"status-publish","4":"has-post-thumbnail","6":"product_cat-elvia-franco","7":"product_cat-ragazzi","8":"product_cat-saggistica","9":"product_tag-elvia-franco","10":"product_tag-lettere-pedagogiche","11":"product_tag-letture-per-bambini","12":"product_tag-letture-per-ragazzi","13":"product_tag-mondo-della-scuola","14":"product_tag-pedagogia","15":"product_tag-riflessioni-pedagogiche","16":"product_tag-riforma-moratti","17":"product_tag-riforma-scolastica","18":"product_tag-senso-della-scuola","20":"first","21":"instock","22":"sale","23":"shipping-taxable","24":"purchasable","25":"product-type-simple","26":"customify-col"},"_links":{"self":[{"href":"https:\/\/shop.kappavu.it\/KV\/wp-json\/wp\/v2\/product\/1953","targetHints":{"allow":["GET"]}}],"collection":[{"href":"https:\/\/shop.kappavu.it\/KV\/wp-json\/wp\/v2\/product"}],"about":[{"href":"https:\/\/shop.kappavu.it\/KV\/wp-json\/wp\/v2\/types\/product"}],"replies":[{"embeddable":true,"href":"https:\/\/shop.kappavu.it\/KV\/wp-json\/wp\/v2\/comments?post=1953"}],"wp:featuredmedia":[{"embeddable":true,"href":"https:\/\/shop.kappavu.it\/KV\/wp-json\/wp\/v2\/media\/1954"}],"wp:attachment":[{"href":"https:\/\/shop.kappavu.it\/KV\/wp-json\/wp\/v2\/media?parent=1953"}],"wp:term":[{"taxonomy":"product_brand","embeddable":true,"href":"https:\/\/shop.kappavu.it\/KV\/wp-json\/wp\/v2\/product_brand?post=1953"},{"taxonomy":"product_cat","embeddable":true,"href":"https:\/\/shop.kappavu.it\/KV\/wp-json\/wp\/v2\/product_cat?post=1953"},{"taxonomy":"product_tag","embeddable":true,"href":"https:\/\/shop.kappavu.it\/KV\/wp-json\/wp\/v2\/product_tag?post=1953"}],"curies":[{"name":"wp","href":"https:\/\/api.w.org\/{rel}","templated":true}]}}