{"id":1935,"date":"2022-04-18T00:47:07","date_gmt":"2022-04-17T22:47:07","guid":{"rendered":"https:\/\/shop.kappavu.it\/KV\/?post_type=product&#038;p=1935"},"modified":"2024-10-08T10:23:21","modified_gmt":"2024-10-08T08:23:21","slug":"la-fortuna","status":"publish","type":"product","link":"https:\/\/shop.kappavu.it\/KV\/prodotto\/la-fortuna\/","title":{"rendered":"LA FORTUNA"},"content":{"rendered":"<h4><\/h4>\n<h4><em>Una storia a fumetti fra Argentina e Friuli, dove tutto \u00e8 mescolato, le esistenze, le culture, le lingue. Un\u2019avventura fra bandoneons, armi e diamanti, sulle tracce di un personaggio leggendario e incontrando manigoldi, poeti rivoluzionari e donne fatali. Un giallo che inizia dai primi anni del secolo scorso, con l\u2019emigrazione di Tojo in Argentina e prosegue fino ai giorni nostri con il nipote Quisco che cerca le orme di suo nonno e della propria identit\u00e0.<\/em><\/h4>\n<p>&nbsp;<\/p>\n","protected":false},"excerpt":{"rendered":"<p>&nbsp;<\/p>\n<h4>di <strong><a href=\"http:\/\/shop.kappavu.it\/KV\/autori-al\/#guido-carrara\">GUIDO CARRARA (QUISCO)<\/a><\/strong><\/h4>\n<div class=\"\">\n<p><strong>Une storie a fumuts jenfri Argjentine e Fri\u00fbl, dul\u00e0 che dut al \u00e8 miscli\u00e7\u00e2t, lis esistencis, lis culturis, lis lenghis. Une aventure jenfri bandoneons, armis e diamants, su lis olmis di un persona\u00e7 leiendari e incuintrant manigolts, poetis rivoluzionaris e feminis fat\u00e2ls. Un z\u00e2l che al tache tai prins dal secul pass\u00e2t, cu la emigrazion di Tojo in Argjentine e al va indenant fin ai nestris d\u00ees cul nev\u00f4t Quisco che al c\u00eer lis usmis di so nono e de proprie identit\u00e2t.<\/strong><\/p>\n<p>&nbsp;<\/p>\n<\/div>\n","protected":false},"featured_media":1936,"comment_status":"open","ping_status":"closed","template":"","meta":[],"product_brand":[],"product_cat":[15,21,156],"product_tag":[1999,1993,1994,1995,1996,1997,1998,2000,871,1760,1282,488],"class_list":{"0":"post-1935","1":"product","2":"type-product","3":"status-publish","4":"has-post-thumbnail","6":"product_cat-extra_collana","7":"product_cat-friulano","8":"product_cat-guido-carrara","9":"product_tag-argentina","10":"product_tag-argentina-e-friuli","11":"product_tag-bilinguismo","12":"product_tag-emigrazione-in-argentina","13":"product_tag-friulano-spagnolo","14":"product_tag-fumetti-in-friulano","15":"product_tag-fumetti-in-spagnolo","16":"product_tag-giallo-a-fumetti","17":"product_tag-guido-carrara","18":"product_tag-quisco","19":"product_tag-traduzioni","20":"product_tag-traduzioni-in-friulano","22":"first","23":"instock","24":"shipping-taxable","25":"purchasable","26":"product-type-simple","27":"customify-col","28":"product-has-gallery"},"_links":{"self":[{"href":"https:\/\/shop.kappavu.it\/KV\/wp-json\/wp\/v2\/product\/1935","targetHints":{"allow":["GET"]}}],"collection":[{"href":"https:\/\/shop.kappavu.it\/KV\/wp-json\/wp\/v2\/product"}],"about":[{"href":"https:\/\/shop.kappavu.it\/KV\/wp-json\/wp\/v2\/types\/product"}],"replies":[{"embeddable":true,"href":"https:\/\/shop.kappavu.it\/KV\/wp-json\/wp\/v2\/comments?post=1935"}],"wp:featuredmedia":[{"embeddable":true,"href":"https:\/\/shop.kappavu.it\/KV\/wp-json\/wp\/v2\/media\/1936"}],"wp:attachment":[{"href":"https:\/\/shop.kappavu.it\/KV\/wp-json\/wp\/v2\/media?parent=1935"}],"wp:term":[{"taxonomy":"product_brand","embeddable":true,"href":"https:\/\/shop.kappavu.it\/KV\/wp-json\/wp\/v2\/product_brand?post=1935"},{"taxonomy":"product_cat","embeddable":true,"href":"https:\/\/shop.kappavu.it\/KV\/wp-json\/wp\/v2\/product_cat?post=1935"},{"taxonomy":"product_tag","embeddable":true,"href":"https:\/\/shop.kappavu.it\/KV\/wp-json\/wp\/v2\/product_tag?post=1935"}],"curies":[{"name":"wp","href":"https:\/\/api.w.org\/{rel}","templated":true}]}}