{"id":1933,"date":"2022-04-18T00:32:19","date_gmt":"2022-04-17T22:32:19","guid":{"rendered":"https:\/\/shop.kappavu.it\/KV\/?post_type=product&#038;p=1933"},"modified":"2025-12-15T00:09:14","modified_gmt":"2025-12-14T23:09:14","slug":"la-foiba-dei-miracoli","status":"publish","type":"product","link":"https:\/\/shop.kappavu.it\/KV\/prodotto\/la-foiba-dei-miracoli\/","title":{"rendered":"LA FOIBA DEI MIRACOLI"},"content":{"rendered":"<h4><\/h4>\n<h4>Si tratta di una ricerca esemplare che il gruppo di Resistenza Storica offre a tutti i lettori e agli appassionati di storia coinvolti da alcuni anni a livello massmediatico, in occasione della cosiddetta Giornata del Ricordo, nelle vicende del confine orientale. Come abbiamo gi\u00e0 dimostrato con precedenti studi, quali Operazione foibe tra storia e mito di Claudia Cernigoi e Revisionismo storico e terre di confine a cura di Daniela Antoni, intorno a queste vicende sta funzionando\u00a0una propaganda forsennata, che prescinde da qualsiasi seria analisi storica e documentale e che ha come scopo la riabilitazione del fascismo. Con le nostre ricerche ci proponiamo di offrire materiali per contrastare questa deriva revisionistica.<\/h4>\n<h4>Il libro prende in considerazione una vicenda molto particolare, quella dei cosiddetti \u201csopravvissuti alla foiba\u201d, come vengono identificati dalla vulgata foibologica, e ricostruisce dal 1945 ad oggi la creazione della mistificazione, dimostrando come dall\u2019immediato dopoguerra ad oggi le forze politiche, sociali ed economiche che hanno governato il nostro Paese, siano riuscite a mettere in piedi un vero e proprio progetto di invenzione della storia.<\/h4>\n<p>&nbsp;<\/p>\n<h4><em>Primavera 2005: Graziano Udovisi, maestro in pensione ex tenente della Milizia Difesa Territoriale e rastrellatore di partigiani in Istria, sua terra natale, viene premiato nella manifestazione degli Oscar della Rai come \u201cuomo dell\u2019anno\u201d per un\u2019intervista da lui rilasciata a Minoli e pi\u00f9 volte trasmessa nel corso degli anni. Racconta che nel 1945 \u00e8 riuscito a salvarsi dalla foiba in cui \u00e8 stato gettato, salvando nel contempo un suo commilitone\u2026<\/em><\/h4>\n<h4><em>Estate 1945: Giovanni Radeticchio, milite della M.D.T., racconta alle autorit\u00e0 di Trieste di essersi salvato dalla foiba in cui \u00e8 stato gettato, di essersi salvato da solo, e che in questa foiba \u00e8 morto\u2026 Graziano Udovisi.<\/em><\/h4>\n<h4><em>Estate 1945: Graziano Udovisi, ricercato come criminale di guerra, per evitare l\u2019arresto e il processo fugge a Padova con una carta di identit\u00e0 falsa\u2026<\/em><\/h4>\n<h4><em>Sono questi i dati di partenza di uno strano intrigo che in questo dopoguerra ha visto coinvolti, nel nome delle \u201cterre perdute\u201d dell\u2019Istria e della Dalmazia: ex repubblichini rastrellatori di partigiani, agenti della X Mas, democristiani neoirredentisti, la Curia di Trieste, giornalisti e comunicatori massmediatici, storici compiacenti e istituzioni dello Stato italiano.<\/em><\/h4>\n<h4><em>Il come, il perch\u00e9 e il chi di questo intrigo storico e massmediatico sono l\u2019oggetto de La foiba dei miracoli, la minuziosa indagine storica di Pol Vice (Paolo Consolaro) che qui presentiamo.<\/em><\/h4>\n<p>&nbsp;<\/p>\n","protected":false},"excerpt":{"rendered":"<h4><span style=\"color: #800000;\"><em>INDAGINE SUL MITO DEI &#8220;SOPRAVVISSUTI&#8221;<\/em><\/span><\/h4>\n<p>&nbsp;<\/p>\n<h4>di <strong><a class=\"url fn n\" href=\"https:\/\/shop.kappavu.it\/KV\/autori-mz\/#pol-vice\">POL VICE<\/a><\/strong><\/h4>\n<p><strong>Intorno alle vicende del confine orientale \u00e8 in atto una propaganda forsennata, che prescinde da qualsiasi seria analisi storica e documentale e che ha come scopo la riabilitazione del fascismo. Il libro prende in considerazione una vicenda molto particolare, quella dei cosiddetti \u201csopravvissuti alla foiba\u201d, come vengono identificati dalla vulgata foibologica, e ricostruisce dal 1945 ad oggi la creazione della mistificazione, dimostrando come dall\u2019immediato dopoguerra sia in atto un vero e proprio progetto di invenzione della storia.<\/strong><\/p>\n<p>&nbsp;<\/p>\n","protected":false},"featured_media":1934,"comment_status":"open","ping_status":"closed","template":"","meta":[],"product_brand":[],"product_cat":[195,20,19],"product_tag":[1983,672,673,1984,344,343,674,675,676,1985,279,280,1986,735,677,679,1987,1988,680,371,288,446,1989],"class_list":{"0":"post-1933","1":"product","2":"type-product","3":"status-publish","4":"has-post-thumbnail","6":"product_cat-pol-vice","7":"product_cat-resistenza_storica","8":"product_cat-storia","9":"product_tag-1983","10":"product_tag-confine-orientale","11":"product_tag-confine-orientale-ditalia","12":"product_tag-dopoguerra","13":"product_tag-foiba","14":"product_tag-foibe","15":"product_tag-foibe-istriane","16":"product_tag-foibe-triestine","17":"product_tag-giorno-del-ricordo","18":"product_tag-graziano-udovisi","19":"product_tag-guerra-antifascista-europea","20":"product_tag-guerra-antifascista-in-europa","21":"product_tag-guerra-sul-confine-orientale","22":"product_tag-il-cuore-nel-pozzo","23":"product_tag-ispettore-de-giorgi","24":"product_tag-problema-del-confine-orientale","25":"product_tag-raddeticchio","26":"product_tag-radeticchio","27":"product_tag-recuperi-dalle-foibe","28":"product_tag-resistenza-jugoslava","29":"product_tag-seconda-guerra-mondiale","30":"product_tag-seconda-guerra-mondiale-in-friuli","31":"product_tag-sopravvissuti-alla-foiba","33":"first","34":"instock","35":"sale","36":"shipping-taxable","37":"purchasable","38":"product-type-simple","39":"customify-col"},"_links":{"self":[{"href":"https:\/\/shop.kappavu.it\/KV\/wp-json\/wp\/v2\/product\/1933","targetHints":{"allow":["GET"]}}],"collection":[{"href":"https:\/\/shop.kappavu.it\/KV\/wp-json\/wp\/v2\/product"}],"about":[{"href":"https:\/\/shop.kappavu.it\/KV\/wp-json\/wp\/v2\/types\/product"}],"replies":[{"embeddable":true,"href":"https:\/\/shop.kappavu.it\/KV\/wp-json\/wp\/v2\/comments?post=1933"}],"wp:featuredmedia":[{"embeddable":true,"href":"https:\/\/shop.kappavu.it\/KV\/wp-json\/wp\/v2\/media\/1934"}],"wp:attachment":[{"href":"https:\/\/shop.kappavu.it\/KV\/wp-json\/wp\/v2\/media?parent=1933"}],"wp:term":[{"taxonomy":"product_brand","embeddable":true,"href":"https:\/\/shop.kappavu.it\/KV\/wp-json\/wp\/v2\/product_brand?post=1933"},{"taxonomy":"product_cat","embeddable":true,"href":"https:\/\/shop.kappavu.it\/KV\/wp-json\/wp\/v2\/product_cat?post=1933"},{"taxonomy":"product_tag","embeddable":true,"href":"https:\/\/shop.kappavu.it\/KV\/wp-json\/wp\/v2\/product_tag?post=1933"}],"curies":[{"name":"wp","href":"https:\/\/api.w.org\/{rel}","templated":true}]}}