{"id":1931,"date":"2022-04-17T21:04:16","date_gmt":"2022-04-17T19:04:16","guid":{"rendered":"https:\/\/shop.kappavu.it\/KV\/?post_type=product&#038;p=1931"},"modified":"2025-07-21T16:37:14","modified_gmt":"2025-07-21T14:37:14","slug":"la-culla-sospesa","status":"publish","type":"product","link":"https:\/\/shop.kappavu.it\/KV\/prodotto\/la-culla-sospesa\/","title":{"rendered":"LA CULLA SOSPESA (2003-2009)"},"content":{"rendered":"<h4><\/h4>\n<h4>\u201cAffidare alla parola il peso della realt\u00e0 non significa tout court liberarsi della realt\u00e0. Il lavoro linguistico, di qualunque tipo, vive di precari equilibri fra consapevolezza e inconscio, fra bisogno di dire e reticenza, nella tessitura di significante e significato. Quando tutto sembra essere stato dichiarato, nulla \u00e8 trasparente all\u2019occhio attento. Le parole rimandano soltanto al principio di realt\u00e0, ma intanto, che cosa \u00e8 accaduto?\u201d<\/h4>\n<h4>(dalla postfazione di Marina Giovannelli)<\/h4>\n<p>&nbsp;<\/p>\n","protected":false},"excerpt":{"rendered":"<p>&nbsp;<\/p>\n<h4>di <strong><a href=\"http:\/\/shop.kappavu.it\/KV\/autori-al\/#luisa-gastaldo\">LUISA GASTALDO<\/a><\/strong><\/h4>\n<p>&nbsp;<\/p>\n<p><strong>Complessit\u00e0 degli snodi biografici, parcellizzazione, frantumazione del soggetto: La culla sospesa racconta la precariet\u00e0 degli equilibri ma riesce anche ad esprimere un desiderio di ricomposizione che \u00e8 promessa di rinascita mentre, nel suo farsi relazione, la scrittura stessa viene assunta come atto generativo.<\/strong><\/p>\n<p>&nbsp;<\/p>\n","protected":false},"featured_media":1932,"comment_status":"open","ping_status":"closed","template":"","meta":[],"product_brand":[],"product_cat":[173,27],"product_tag":[376,386,385,390,394,380,391,379,387,388,389,303,304,1980],"class_list":{"0":"post-1931","1":"product","2":"type-product","3":"status-publish","4":"has-post-thumbnail","6":"product_cat-luisa-gastaldo","7":"product_cat-poesia","8":"product_tag-autori-friulani","9":"product_tag-autrici-di-poesia","10":"product_tag-autrici-friulane","11":"product_tag-luisa-gastaldo","12":"product_tag-marina-giovannelli","13":"product_tag-poesie-di-autori-friulani","14":"product_tag-poesie-di-donne","15":"product_tag-poesie-friulane","16":"product_tag-poetessa","17":"product_tag-poetesse","18":"product_tag-poetesse-friulane","19":"product_tag-raccolta-di-poesie","20":"product_tag-raccolta-di-poesie-friulane","21":"product_tag-versi-friulani","23":"first","24":"instock","25":"sale","26":"shipping-taxable","27":"purchasable","28":"product-type-simple","29":"customify-col"},"_links":{"self":[{"href":"https:\/\/shop.kappavu.it\/KV\/wp-json\/wp\/v2\/product\/1931","targetHints":{"allow":["GET"]}}],"collection":[{"href":"https:\/\/shop.kappavu.it\/KV\/wp-json\/wp\/v2\/product"}],"about":[{"href":"https:\/\/shop.kappavu.it\/KV\/wp-json\/wp\/v2\/types\/product"}],"replies":[{"embeddable":true,"href":"https:\/\/shop.kappavu.it\/KV\/wp-json\/wp\/v2\/comments?post=1931"}],"wp:featuredmedia":[{"embeddable":true,"href":"https:\/\/shop.kappavu.it\/KV\/wp-json\/wp\/v2\/media\/1932"}],"wp:attachment":[{"href":"https:\/\/shop.kappavu.it\/KV\/wp-json\/wp\/v2\/media?parent=1931"}],"wp:term":[{"taxonomy":"product_brand","embeddable":true,"href":"https:\/\/shop.kappavu.it\/KV\/wp-json\/wp\/v2\/product_brand?post=1931"},{"taxonomy":"product_cat","embeddable":true,"href":"https:\/\/shop.kappavu.it\/KV\/wp-json\/wp\/v2\/product_cat?post=1931"},{"taxonomy":"product_tag","embeddable":true,"href":"https:\/\/shop.kappavu.it\/KV\/wp-json\/wp\/v2\/product_tag?post=1931"}],"curies":[{"name":"wp","href":"https:\/\/api.w.org\/{rel}","templated":true}]}}