{"id":1929,"date":"2022-04-17T20:42:54","date_gmt":"2022-04-17T18:42:54","guid":{"rendered":"https:\/\/shop.kappavu.it\/KV\/?post_type=product&#038;p=1929"},"modified":"2023-08-30T21:59:12","modified_gmt":"2023-08-30T19:59:12","slug":"la-citta-delle-matrioske","status":"publish","type":"product","link":"https:\/\/shop.kappavu.it\/KV\/prodotto\/la-citta-delle-matrioske\/","title":{"rendered":"LA CITT\u00c0 DELLE MATRIOSKE"},"content":{"rendered":"<h4><\/h4>\n<h4>Il mondo non si presenta come una teca di cristallo che svela sempre e comunque il suo contenuto, indipendentemente dal punto di vista dal quale la si osservi; il mondo \u00e8 un guscio, un segreto che ne contiene un altro e quest\u2019ultimo un altro ancora, fino ad arrivare a quello che ci fa ridere, piangere, amare, pensare e scrivere: il \u201cseme\u201d. Scalfire la superficie di questa gigantesca matrioska, con le unghie, con gli sguardi o con le parole, \u00e8 un \u201cgioco\u201d praticabile su innumerevoli scenari: gli elementi che compongono una frase (parole e punteggiatura), i luoghi che sfioriamo distrattamente, la gioia, l\u2019amarezza e l\u2019amore che proviamo da soli o con gli altri, le sofferenze per ci\u00f2 che sappiamo essere ingiusto, la morte stessa.<\/h4>\n<p>&nbsp;<\/p>\n","protected":false},"excerpt":{"rendered":"<p>&nbsp;<\/p>\n<h4>di <strong><a href=\"http:\/\/shop.kappavu.it\/KV\/autori-mz\/#matteo-bosco\">MATTEO BOSCO<\/a><\/strong><\/h4>\n<p><strong>La citt\u00e0 delle matrioske \u00e8 lo spazio in cui viviamo, in cui seminiamo, giorno dopo giorno, la nostra esistenza ed \u00e8 anche il palcoscenico sul quale sperimentiamo gli altri, forgiamo i nostri sensi, narcotizziamo o eccitiamo i sentimenti fino alle estreme conseguenze.<\/strong><\/p>\n<p>&nbsp;<\/p>\n<h5><strong>Prefazione di <span style=\"color: #800000;\">Alessandra Pittini<\/span><\/strong><\/h5>\n<h5><strong>Postfazione di <span style=\"color: #800000;\">Ferruccio Tassin<\/span><\/strong><\/h5>\n<p>&nbsp;<\/p>\n","protected":false},"featured_media":1930,"comment_status":"open","ping_status":"closed","template":"","meta":[],"product_brand":[],"product_cat":[182,27],"product_tag":[376,1448,1977,1978,380,379,303,304],"class_list":{"0":"post-1929","1":"product","2":"type-product","3":"status-publish","4":"has-post-thumbnail","6":"product_cat-matteo-bosco","7":"product_cat-poesia","8":"product_tag-autori-friulani","9":"product_tag-liriche-friulane","10":"product_tag-matteo-bosco","11":"product_tag-poesia-in-friuli","12":"product_tag-poesie-di-autori-friulani","13":"product_tag-poesie-friulane","14":"product_tag-raccolta-di-poesie","15":"product_tag-raccolta-di-poesie-friulane","17":"first","18":"instock","19":"sale","20":"shipping-taxable","21":"purchasable","22":"product-type-simple","23":"customify-col"},"_links":{"self":[{"href":"https:\/\/shop.kappavu.it\/KV\/wp-json\/wp\/v2\/product\/1929","targetHints":{"allow":["GET"]}}],"collection":[{"href":"https:\/\/shop.kappavu.it\/KV\/wp-json\/wp\/v2\/product"}],"about":[{"href":"https:\/\/shop.kappavu.it\/KV\/wp-json\/wp\/v2\/types\/product"}],"replies":[{"embeddable":true,"href":"https:\/\/shop.kappavu.it\/KV\/wp-json\/wp\/v2\/comments?post=1929"}],"wp:featuredmedia":[{"embeddable":true,"href":"https:\/\/shop.kappavu.it\/KV\/wp-json\/wp\/v2\/media\/1930"}],"wp:attachment":[{"href":"https:\/\/shop.kappavu.it\/KV\/wp-json\/wp\/v2\/media?parent=1929"}],"wp:term":[{"taxonomy":"product_brand","embeddable":true,"href":"https:\/\/shop.kappavu.it\/KV\/wp-json\/wp\/v2\/product_brand?post=1929"},{"taxonomy":"product_cat","embeddable":true,"href":"https:\/\/shop.kappavu.it\/KV\/wp-json\/wp\/v2\/product_cat?post=1929"},{"taxonomy":"product_tag","embeddable":true,"href":"https:\/\/shop.kappavu.it\/KV\/wp-json\/wp\/v2\/product_tag?post=1929"}],"curies":[{"name":"wp","href":"https:\/\/api.w.org\/{rel}","templated":true}]}}