{"id":1839,"date":"2022-04-02T17:26:52","date_gmt":"2022-04-02T15:26:52","guid":{"rendered":"https:\/\/shop.kappavu.it\/KV\/?post_type=product&#038;p=1839"},"modified":"2024-12-27T12:26:26","modified_gmt":"2024-12-27T11:26:26","slug":"il-ritratto-di-maria","status":"publish","type":"product","link":"https:\/\/shop.kappavu.it\/KV\/prodotto\/il-ritratto-di-maria\/","title":{"rendered":"IL RITRATTO DI MARIA"},"content":{"rendered":"<h4><\/h4>\n<h4>Rimasta vedova di Cristoforo Mussinano,\u00a0<em>cramar<\/em>\u00a0come lo furono il padre e il nonno e come lo saranno i figli maschi, Maria Straulino Mussinano si vede costretta a reggere da sola le sorti, i beni ed i commerci della propria famiglia. \u00c8 la seconda met\u00e0 del \u2018700 e non sono molte le donne della Carnia, anche di famiglia illustre e benestante, che sanno leggere e far di conto. Maria \u00e8 cos\u00ec orgogliosa di questa sua prerogativa che la fa immortalare in un ritratto ad olio. Una decisione che prende dopo un travagliato dialogo con se stessa, ma che difende con forza, come tutte le decisioni che sar\u00e0 costretta a prendere, in solitudine, guidando la propria famiglia attraverso gioie e dolori, pace e guerra, fino oltre gli ottant\u2019anni. Un delicato e vivido affresco di una Carnia orgogliosa dei propri intraprendenti mercanti, i\u00a0<em>cramars<\/em>, della sua indipendenza amministrativa e della tenace lotta contro una natura ostile quanto straordinaria.<\/h4>\n<p>&nbsp;<\/p>\n","protected":false},"excerpt":{"rendered":"<h4><span style=\"color: #800000;\"><em>SAGA DI UNA FAMIGLIA CARNICA AL TEMPO DEI <\/em>CRAMARS<\/span><\/h4>\n<p>&nbsp;<\/p>\n<h4>di <strong><a href=\"http:\/\/shop.kappavu.it\/KV\/autori-mz\/#raffaella-cargnelutti\">RAFFAELLA CARGNELUTTI<\/a><\/strong><\/h4>\n<div class=\"product-short-description\">\n<p><strong>Maria \u00e8 donna di Carnia, con la sua forza e la sua fragilit\u00e0 costretta, come tante altre, ad affrontare in vedovanza non solo le difficolt\u00e0 del ruolo domestico ma anche di quello sociale. Donne che gi\u00e0 nel \u2018700 con la difficile vita dei\u00a0<em>cramars<\/em>\u00a0ed, in tempi pi\u00f9 recenti, con il dramma dell\u2019emigrazione, perdevano i propri uomini. Un delicato affresco della vita nella Carnia, liberamente amministrata sotto la Repubblica di Venezia, fra la seconda met\u00e0 del \u2018700, l\u2019arrivo del Bonaparte e delle sue truppe ed, infine, il passaggio all\u2019Austria-Ungheria. Storia, cultura, tradizioni, in un paesaggio ora quasi fiabesco ora terribile nella sua crudezza. Un ritratto che non \u00e8 solo quello di Maria ma anche di un\u2019epoca.<\/strong><\/p>\n<p>&nbsp;<\/p>\n<\/div>\n","protected":false},"featured_media":1840,"comment_status":"open","ping_status":"closed","template":"","meta":[],"product_brand":[],"product_cat":[18,197],"product_tag":[1891,328,1900,1892,1893,1899,1894,1895,1896,1897,667,556,1901,760,1898],"class_list":{"0":"post-1839","1":"product","2":"type-product","3":"status-publish","4":"has-post-thumbnail","6":"product_cat-narrativa","7":"product_cat-raffaella-cargnelutti","8":"product_tag-1700-in-friuli","9":"product_tag-carnia","10":"product_tag-cramar","11":"product_tag-cramars","12":"product_tag-famiglia-carnica","13":"product_tag-friuli-del-settecento","14":"product_tag-il-ritratto-di-maria","15":"product_tag-raffaella-cargnelutti","16":"product_tag-ritratto-della-carnia","17":"product_tag-romanzo-in-carnia","18":"product_tag-romanzo-storico","19":"product_tag-romanzo-sul-friuli","20":"product_tag-romanzo-sulla-carnia","21":"product_tag-storia-del-friuli","22":"product_tag-storia-della-carnia","24":"first","25":"outofstock","26":"shipping-taxable","27":"purchasable","28":"product-type-simple","29":"customify-col"},"_links":{"self":[{"href":"https:\/\/shop.kappavu.it\/KV\/wp-json\/wp\/v2\/product\/1839","targetHints":{"allow":["GET"]}}],"collection":[{"href":"https:\/\/shop.kappavu.it\/KV\/wp-json\/wp\/v2\/product"}],"about":[{"href":"https:\/\/shop.kappavu.it\/KV\/wp-json\/wp\/v2\/types\/product"}],"replies":[{"embeddable":true,"href":"https:\/\/shop.kappavu.it\/KV\/wp-json\/wp\/v2\/comments?post=1839"}],"wp:featuredmedia":[{"embeddable":true,"href":"https:\/\/shop.kappavu.it\/KV\/wp-json\/wp\/v2\/media\/1840"}],"wp:attachment":[{"href":"https:\/\/shop.kappavu.it\/KV\/wp-json\/wp\/v2\/media?parent=1839"}],"wp:term":[{"taxonomy":"product_brand","embeddable":true,"href":"https:\/\/shop.kappavu.it\/KV\/wp-json\/wp\/v2\/product_brand?post=1839"},{"taxonomy":"product_cat","embeddable":true,"href":"https:\/\/shop.kappavu.it\/KV\/wp-json\/wp\/v2\/product_cat?post=1839"},{"taxonomy":"product_tag","embeddable":true,"href":"https:\/\/shop.kappavu.it\/KV\/wp-json\/wp\/v2\/product_tag?post=1839"}],"curies":[{"name":"wp","href":"https:\/\/api.w.org\/{rel}","templated":true}]}}