{"id":1837,"date":"2022-04-02T16:53:11","date_gmt":"2022-04-02T14:53:11","guid":{"rendered":"https:\/\/shop.kappavu.it\/KV\/?post_type=product&#038;p=1837"},"modified":"2022-06-21T00:44:22","modified_gmt":"2022-06-20T22:44:22","slug":"il-ponte","status":"publish","type":"product","link":"https:\/\/shop.kappavu.it\/KV\/prodotto\/il-ponte\/","title":{"rendered":"IL PONTE"},"content":{"rendered":"<h4><\/h4>\n<h4><\/h4>\n<h4>Capitolo 1<\/h4>\n<h4>Un generale, uno di quei pupazzi buffi, brutti, tutti bottoni, alamari, medaglie, specchietti per allodole. Tuttavia un generale in carne ed ossa, di quelli che prima sono stati colonnelli e prima ancora capitani. Un generale con un passato glorioso quanto basta, un presente cos\u00ec cos\u00ec, pieno di responsabilit\u00e0. Il futuro \u00e8 sempre tutto da vedere, guai a farsene un\u2019idea preconcetta, o finisci col trascurare il presente. Quelle storie che finisce tutto bene, oppure tutto finisce male e intanto non t\u2019impegni, prendi la vita sottogamba, con le conseguenze che si possono immaginare.<br \/>\nIl nostro generale invece si deve impegnare, del resto \u00e8 un tipo che non si tira indietro. Passato glorioso, si diceva, o poco ci manca. Folate di ricordi, sciabolate in terra d\u2019Africa, orde di nemici vittoriosamente respinte, un paio di ordini gridati di furia, ma di quelli oculati, che certi neanche a pensarci una mezz\u2019ora, e poi la situazione di stress, adrenalinica, da cui scaturisce il guizzo vincente, la trovata tattica che ribalta il risultato, per quanto possibile, da cui la soddisfazione del dovere compiuto, l\u2019autocompiacimento per la strabiliante performance.<\/h4>\n<p>&nbsp;<\/p>\n","protected":false},"excerpt":{"rendered":"<p>&nbsp;<\/p>\n<h4>di <strong><a href=\"http:\/\/shop.kappavu.it\/KV\/autori-mz\/#maurizio-platania\">MAURIZIO PLATANIA<\/a><\/strong><\/h4>\n<div class=\"product-short-description\">\n<p><strong>Come una cassata siciliana, avvolta in fine carta da pasticceria. Mentre la si libera, i colori e gli odori si rivelano, i sapori prendono consistenza. La lama affonda, estrae una fetta e ne rivela una sezione verticale; colori, odori, sapori netti e definiti a formare una sapiente costruzione, insieme una realt\u00e0 ed una visione.<\/strong><br \/>\n<strong>Questo libro che state per gustare, \u00e8 una lama che affonda e mette a nudo piccole storie di un\u2019Italia sconquassata e storie di una piccola citt\u00e0, dove le rimembranze di un\u2019anima proletario\/anarchica fanno i conti con l\u2019ammaestramento. \u00c8 sempre la Bisiacaria la protagonista, ma potrebbe essere una qualsiasi provincetta del nord d\u2019Italia, multietnica a \u201cstrati\u201d, benestante a \u201cstrati\u201d, democratica a \u201cstrati\u201d, attraversata dalla crisi come da un treno ad alta velocit\u00e0. Una crisi non solamente economica, messa ancor pi\u00f9 in evidenza dal ritrovamento, in quel di Monfalcone, del \u201cvero\u201d manifesto del Futurismo a firma Marinetti, antecedente a quello \u201cufficiale\u201d di Parigi e proprio nell\u2019anno delle celebrazioni del centenario. Che serva un ponte fra le due epoche? Fra Scilla e Carriddi? Fra anima e apparenza? Fra \u201cstrati\u201d? Un ponte vero? Un ponte virtuale? La risposta nella satira tagliente e nell\u2019ironia di queste pagine.<\/strong><\/p>\n<p>&nbsp;<\/p>\n<\/div>\n","protected":false},"featured_media":1838,"comment_status":"open","ping_status":"closed","template":"","meta":[],"product_brand":[],"product_cat":[185,18],"product_tag":[1884,1885,1886,290,1887],"class_list":{"0":"post-1837","1":"product","2":"type-product","3":"status-publish","4":"has-post-thumbnail","6":"product_cat-maurizio-platania","7":"product_cat-narrativa","8":"product_tag-bisiacaria","9":"product_tag-manifesto-del-futurismo","10":"product_tag-maurizio-platania","11":"product_tag-monfalcone","12":"product_tag-romanzo-monfalconese","14":"first","15":"instock","16":"sale","17":"shipping-taxable","18":"purchasable","19":"product-type-simple","20":"customify-col"},"_links":{"self":[{"href":"https:\/\/shop.kappavu.it\/KV\/wp-json\/wp\/v2\/product\/1837","targetHints":{"allow":["GET"]}}],"collection":[{"href":"https:\/\/shop.kappavu.it\/KV\/wp-json\/wp\/v2\/product"}],"about":[{"href":"https:\/\/shop.kappavu.it\/KV\/wp-json\/wp\/v2\/types\/product"}],"replies":[{"embeddable":true,"href":"https:\/\/shop.kappavu.it\/KV\/wp-json\/wp\/v2\/comments?post=1837"}],"wp:featuredmedia":[{"embeddable":true,"href":"https:\/\/shop.kappavu.it\/KV\/wp-json\/wp\/v2\/media\/1838"}],"wp:attachment":[{"href":"https:\/\/shop.kappavu.it\/KV\/wp-json\/wp\/v2\/media?parent=1837"}],"wp:term":[{"taxonomy":"product_brand","embeddable":true,"href":"https:\/\/shop.kappavu.it\/KV\/wp-json\/wp\/v2\/product_brand?post=1837"},{"taxonomy":"product_cat","embeddable":true,"href":"https:\/\/shop.kappavu.it\/KV\/wp-json\/wp\/v2\/product_cat?post=1837"},{"taxonomy":"product_tag","embeddable":true,"href":"https:\/\/shop.kappavu.it\/KV\/wp-json\/wp\/v2\/product_tag?post=1837"}],"curies":[{"name":"wp","href":"https:\/\/api.w.org\/{rel}","templated":true}]}}