{"id":1817,"date":"2022-03-29T15:48:26","date_gmt":"2022-03-29T13:48:26","guid":{"rendered":"https:\/\/shop.kappavu.it\/KV\/?post_type=product&#038;p=1817"},"modified":"2022-05-23T02:55:04","modified_gmt":"2022-05-23T00:55:04","slug":"don-chisciotte","status":"publish","type":"product","link":"https:\/\/shop.kappavu.it\/KV\/prodotto\/don-chisciotte\/","title":{"rendered":"DON CHISCIOTTE"},"content":{"rendered":"<h4><\/h4>\n<h4>Il Teatro Incerto nus propon il so Don Chisciotte stralun\u00e2t e in marilenghe, zuiant dentri e f\u00fbr dal test, domandantsi cui che al sei, vu\u00ea, il nobil caval\u00eer. Il grup, dopo v\u00ea present\u00e2t il Don Chisciotte ai fantats che a frecuentin lis scuelis mediis, al torne sul test di Cervantes intune esilarante riscriture par adults che, intal st\u00eel des comediis de compagnie, al met adun une comicit\u00e2t fulminante e moments di riflession.<\/h4>\n<p>&nbsp;<\/p>\n","protected":false},"excerpt":{"rendered":"<p>&nbsp;<\/p>\n<h4>del <strong><a href=\"http:\/\/shop.kappavu.it\/KV\/autori-mz\/#teatro-incerto\">TEATRO INCERTO<\/a><\/strong><\/h4>\n<p><strong>Il Teatro Incerto nus propon il so Don Chisciotte stralun\u00e2t e in marilenghe, zuiant dentri e f\u00fbr dal test, domandantsi cui che al sei, vu\u00ea, il nobil caval\u00eer. Il grup, dopo v\u00ea present\u00e2t il Don Chisciotte ai fantats che a frecuentin lis scuelis mediis, al torne sul test di Cervantes intune esilarante riscriture par adults che, intal st\u00eel des comediis de compagnie, al met adun une comicit\u00e2t fulminante e moments di riflession.<\/strong><\/p>\n<p>&nbsp;<\/p>\n","protected":false},"featured_media":1818,"comment_status":"open","ping_status":"closed","template":"","meta":[],"product_brand":[],"product_cat":[21,22,210],"product_tag":[1804,1805,254,255,313,1806,1807,1808,258,261,316,259,260,317,318,1809,1811,1810,1812],"class_list":{"0":"post-1817","1":"product","2":"type-product","3":"status-publish","4":"has-post-thumbnail","6":"product_cat-friulano","7":"product_cat-la_comugne","8":"product_cat-teatro-incerto","9":"product_tag-cervantes","10":"product_tag-claudio-moretti","11":"product_tag-contis","12":"product_tag-contis-curtis","13":"product_tag-contis-curtis-par-furlan","14":"product_tag-don-chisciotte","15":"product_tag-elvio-scruzzi","16":"product_tag-fabiano-fantini","17":"product_tag-la-comugne","18":"product_tag-raccolta-di-racconti","19":"product_tag-raccolta-di-racconti-in-friulano","20":"product_tag-racconti","21":"product_tag-racconti-brevi","22":"product_tag-racconti-in-friulano","23":"product_tag-racuelte-di-contis-par-furlan","24":"product_tag-sancho-panza","25":"product_tag-teatri-par-furlan","26":"product_tag-teatro-in-friulano","27":"product_tag-teatro-incerto","29":"first","30":"instock","31":"sale","32":"shipping-taxable","33":"purchasable","34":"product-type-simple","35":"customify-col"},"_links":{"self":[{"href":"https:\/\/shop.kappavu.it\/KV\/wp-json\/wp\/v2\/product\/1817","targetHints":{"allow":["GET"]}}],"collection":[{"href":"https:\/\/shop.kappavu.it\/KV\/wp-json\/wp\/v2\/product"}],"about":[{"href":"https:\/\/shop.kappavu.it\/KV\/wp-json\/wp\/v2\/types\/product"}],"replies":[{"embeddable":true,"href":"https:\/\/shop.kappavu.it\/KV\/wp-json\/wp\/v2\/comments?post=1817"}],"wp:featuredmedia":[{"embeddable":true,"href":"https:\/\/shop.kappavu.it\/KV\/wp-json\/wp\/v2\/media\/1818"}],"wp:attachment":[{"href":"https:\/\/shop.kappavu.it\/KV\/wp-json\/wp\/v2\/media?parent=1817"}],"wp:term":[{"taxonomy":"product_brand","embeddable":true,"href":"https:\/\/shop.kappavu.it\/KV\/wp-json\/wp\/v2\/product_brand?post=1817"},{"taxonomy":"product_cat","embeddable":true,"href":"https:\/\/shop.kappavu.it\/KV\/wp-json\/wp\/v2\/product_cat?post=1817"},{"taxonomy":"product_tag","embeddable":true,"href":"https:\/\/shop.kappavu.it\/KV\/wp-json\/wp\/v2\/product_tag?post=1817"}],"curies":[{"name":"wp","href":"https:\/\/api.w.org\/{rel}","templated":true}]}}