{"id":1815,"date":"2022-03-29T15:28:37","date_gmt":"2022-03-29T13:28:37","guid":{"rendered":"https:\/\/shop.kappavu.it\/KV\/?post_type=product&#038;p=1815"},"modified":"2025-09-12T16:47:22","modified_gmt":"2025-09-12T14:47:22","slug":"dizionari-ilustrat","status":"publish","type":"product","link":"https:\/\/shop.kappavu.it\/KV\/prodotto\/dizionari-ilustrat\/","title":{"rendered":"DIZIONARI ILUSTR\u00c2T"},"content":{"rendered":"<h4><\/h4>\n<h4>Un dizionari come imprest didatic divertent par f\u00e2 furlan a scuele e a cjase; lis peraulis a vegnin peadis in maniere direte al concet cence pass\u00e2 par une altre lenghe. Plui di 1200 peraulis dividudis in categoriis par une ricercje plui veloce.<\/h4>\n<h4><em>Un dizionario come strumento didattico fondamentale nell\u2019insegnamento della lingua friulana. Con semplici illustrazioni, fa conoscere le parole che vengono direttamente legate al concetto senza dover passare attraverso un\u2019altra lingua. Oltre 1.200 vocaboli suddivisi in varie categorie per una ricerca veloce.<\/em><\/h4>\n<p>&nbsp;<\/p>\n","protected":false},"excerpt":{"rendered":"<p>&nbsp;<\/p>\n<h4>di <strong><a href=\"http:\/\/shop.kappavu.it\/KV\/autori-mz\/#alessandro-carrozzo\">SANDRI CARROZZO<\/a><\/strong><\/h4>\n<p><strong>Chest dizionari al \u00e8 nass\u00fbt tant che materi\u00e2l didatic in cors di furlan di nivel base: al \u00e8 st\u00e2t fat par cui che si svicine al furlan e che al c\u00eer di slargj\u00e2 il s\u00f4 vocabolari doprant ilustrazions semplicis, fintremai di fate diletantistiche, ma imediadis. In cheste maniere si \u00e8 vol\u00fbt meti adun un imprest che al judi a impar\u00e2 lis peraulis leantlis dretis ai concets e cence pass\u00e2 par mie\u00e7 di une altre lenghe, duncje l\u2019aprendiment al rive plui insot e, tal moment di cap\u00ee o di fevel\u00e2, la paronance su lis peraulis e je plui svelte e natur\u00e2l.<\/strong><\/p>\n<p>&nbsp;<\/p>\n","protected":false},"featured_media":1816,"comment_status":"open","ping_status":"closed","template":"","meta":[],"product_brand":[],"product_cat":[52,24,21],"product_tag":[1051,684,685,686,687,1797,1799,1798,1800,872,688,689,690,699,1066,692,694,695],"class_list":{"0":"post-1815","1":"product","2":"type-product","3":"status-publish","4":"has-post-thumbnail","6":"product_cat-alessandro-carrozzo","7":"product_cat-didatiche","8":"product_cat-friulano","9":"product_tag-alessandro-carrozzo","10":"product_tag-didatiche","11":"product_tag-didatiche-furlane","12":"product_tag-didatiche-par-furlan","13":"product_tag-didattica-in-friulano","14":"product_tag-dizionari","15":"product_tag-dizionario-friulano","16":"product_tag-dizionario-illustrato","17":"product_tag-illustrazioni","18":"product_tag-libri-didattici","19":"product_tag-libri-illustrati-in-friulano","20":"product_tag-libri-illustrati-per-bambini","21":"product_tag-libri-per-bambini-in-friulano","22":"product_tag-libruts-par-furlan","23":"product_tag-sandri-carrozzo","24":"product_tag-testi-in-lingua-friulana","25":"product_tag-testi-per-scuola-primaria","26":"product_tag-testi-scolastici-in-friulano","28":"first","29":"instock","30":"shipping-taxable","31":"purchasable","32":"product-type-simple","33":"customify-col"},"_links":{"self":[{"href":"https:\/\/shop.kappavu.it\/KV\/wp-json\/wp\/v2\/product\/1815","targetHints":{"allow":["GET"]}}],"collection":[{"href":"https:\/\/shop.kappavu.it\/KV\/wp-json\/wp\/v2\/product"}],"about":[{"href":"https:\/\/shop.kappavu.it\/KV\/wp-json\/wp\/v2\/types\/product"}],"replies":[{"embeddable":true,"href":"https:\/\/shop.kappavu.it\/KV\/wp-json\/wp\/v2\/comments?post=1815"}],"wp:featuredmedia":[{"embeddable":true,"href":"https:\/\/shop.kappavu.it\/KV\/wp-json\/wp\/v2\/media\/1816"}],"wp:attachment":[{"href":"https:\/\/shop.kappavu.it\/KV\/wp-json\/wp\/v2\/media?parent=1815"}],"wp:term":[{"taxonomy":"product_brand","embeddable":true,"href":"https:\/\/shop.kappavu.it\/KV\/wp-json\/wp\/v2\/product_brand?post=1815"},{"taxonomy":"product_cat","embeddable":true,"href":"https:\/\/shop.kappavu.it\/KV\/wp-json\/wp\/v2\/product_cat?post=1815"},{"taxonomy":"product_tag","embeddable":true,"href":"https:\/\/shop.kappavu.it\/KV\/wp-json\/wp\/v2\/product_tag?post=1815"}],"curies":[{"name":"wp","href":"https:\/\/api.w.org\/{rel}","templated":true}]}}