{"id":1812,"date":"2022-03-29T11:57:34","date_gmt":"2022-03-29T09:57:34","guid":{"rendered":"https:\/\/shop.kappavu.it\/KV\/?post_type=product&#038;p=1812"},"modified":"2022-05-23T02:30:17","modified_gmt":"2022-05-23T00:30:17","slug":"culture-teritori-e-public","status":"publish","type":"product","link":"https:\/\/shop.kappavu.it\/KV\/prodotto\/culture-teritori-e-public\/","title":{"rendered":"CULTURA, TERRITORIO E PUBBLICO IN FRIULI \/ CULTURE, TERITORI E PUBLIC IN FRI\u00dbL"},"content":{"rendered":"<h4><\/h4>\n<h4>La crisi de vite soci\u00e2l e politiche dal d\u00ec di vu\u00ea e domande una presince e une fuarce critiche che nus ven dome de culture. Cuintri de dispersion e de pierdite de memorie storiche e cultur\u00e2l, l\u2019Associazion ADASTRACULTURA si impegne a riproponi i temis fondat\u00eefs dibat\u00fbts intal secul a pene pass\u00e2t, di sig\u00fbr no par nostalgjie, ma pe convinzion che tant di ce che al \u00e8 st\u00e2t elabor\u00e2t des singulis personalit\u00e2ts o dai grups o moviments che a operavin sul teritori par dut il periodi cjap\u00e2t in considerazion, al puedi jud\u00e2 a interpret\u00e2 il timp di vu\u00ea, stic\u00e2 riflessions e confronts, furn\u00ee documens e struments utii par riv\u00e2 a elabor\u00e2 robis gnovis. L\u2019Associazion ADASTRACULTURA si propon di davuelzi in particol\u00e2r cheste ultime funzion, come tipiche dal metodi di lav\u00f4r dal scrit\u00f4r e artist Tito Maniacco, che a lui la asociazion e je intitulade. La s\u00f4 vision poliprospetiche, la ricercje costante dal confront cun altris culturis, il so refud\u00e2 il conformisim e il ban\u00e2l a son i tiermins di riferiment par ogni lav\u00f4r che al sei promov\u00fbt intal so non.<\/h4>\n<p>&nbsp;<\/p>\n","protected":false},"excerpt":{"rendered":"<h4><span style=\"color: #800000;\"><em>DAGLI ANNI CINQUANTA ALLA FINE DEL NOVECENTO &#8211; ATTI DI CONVEGNO \/ DAI AGNS CINCUANTE AE FIN DAL N\u00dbFCENT &#8211; ATS DI CUNVIGNE<\/em><\/span><\/h4>\n<p>&nbsp;<\/p>\n<h4>di <strong><a href=\"http:\/\/shop.kappavu.it\/KV\/autori-al\/#adastracultura\">ADASTRACULTURA<\/a><\/strong><\/h4>\n<div class=\"\">\n<p><strong>L\u2019attuale crisi della vita sociale e politica richiede presenza e una forza critica che solo la cultura pu\u00f2 fornire. Contro la dispersione e la perdita di memoria storica e culturale, l\u2019Associazione ADASTRACULTURA si impegna a riproporre i temi fondanti dibattuti nel corso del secolo appena trascorso, certo non per nostalgia, ma per la convinzione che molto di quanto \u00e8 stato elaborato dalle singole personalit\u00e0 o dai gruppi o movimenti attivi nel territorio per tutto il periodo considerato possa aiutare nell\u2019interpretazione dell\u2019oggi, stimolare riflessioni e confronti, fornire documenti e strumenti utili ad ulteriori elaborazioni. L\u2019Associazione si propone di svolgere in particolare quest\u2019ultima funzione, come tipica del metodo di lavoro dello scrittore ed artista Tito Maniacco, cui \u00e8 intitolata. La sua visione poliprospettica, la ricerca costante del confronto con altre culture, il rifiuto del conformismo e dell\u2019ovvio sono i termini di riferimento per ogni lavoro promosso in suo nome.<\/strong><\/p>\n<p><strong><em>Marina Giovannelli (Presidente ADASTRACULTURA)<\/em><\/strong><\/p>\n<\/div>\n<h5><span style=\"color: #800000;\"><strong>TESTO BIFRONTALE BILINGUE ITALIANO\/FRIULANO<\/strong><\/span><\/h5>\n<p>&nbsp;<\/p>\n","protected":false},"featured_media":1813,"comment_status":"open","ping_status":"closed","template":"","meta":[],"product_brand":[],"product_cat":[80,21,1024,48,26,30],"product_tag":[1787,1788,1789,1790,1791,554,1794,394,1421,566,1792,1793],"class_list":{"0":"post-1812","1":"product","2":"type-product","3":"status-publish","4":"has-post-thumbnail","6":"product_cat-adastracultura","7":"product_cat-friulano","8":"product_cat-lavoro-e-societa","9":"product_cat-marina-giovannelli","10":"product_cat-parole_tradotte","11":"product_cat-saggistica","12":"product_tag-adastracultura","13":"product_tag-anni-50","14":"product_tag-crisi-culturale","15":"product_tag-crisi-sociale","16":"product_tag-cultura-e-territorio","17":"product_tag-friuli","18":"product_tag-friuli-del-novecento","19":"product_tag-marina-giovannelli","20":"product_tag-storia-del-friuli-del-novecento","21":"product_tag-tito-maniacco","22":"product_tag-vita-politica","23":"product_tag-vita-sociale","25":"first","26":"instock","27":"shipping-taxable","28":"purchasable","29":"product-type-simple","30":"customify-col","31":"product-has-gallery"},"_links":{"self":[{"href":"https:\/\/shop.kappavu.it\/KV\/wp-json\/wp\/v2\/product\/1812","targetHints":{"allow":["GET"]}}],"collection":[{"href":"https:\/\/shop.kappavu.it\/KV\/wp-json\/wp\/v2\/product"}],"about":[{"href":"https:\/\/shop.kappavu.it\/KV\/wp-json\/wp\/v2\/types\/product"}],"replies":[{"embeddable":true,"href":"https:\/\/shop.kappavu.it\/KV\/wp-json\/wp\/v2\/comments?post=1812"}],"wp:featuredmedia":[{"embeddable":true,"href":"https:\/\/shop.kappavu.it\/KV\/wp-json\/wp\/v2\/media\/1813"}],"wp:attachment":[{"href":"https:\/\/shop.kappavu.it\/KV\/wp-json\/wp\/v2\/media?parent=1812"}],"wp:term":[{"taxonomy":"product_brand","embeddable":true,"href":"https:\/\/shop.kappavu.it\/KV\/wp-json\/wp\/v2\/product_brand?post=1812"},{"taxonomy":"product_cat","embeddable":true,"href":"https:\/\/shop.kappavu.it\/KV\/wp-json\/wp\/v2\/product_cat?post=1812"},{"taxonomy":"product_tag","embeddable":true,"href":"https:\/\/shop.kappavu.it\/KV\/wp-json\/wp\/v2\/product_tag?post=1812"}],"curies":[{"name":"wp","href":"https:\/\/api.w.org\/{rel}","templated":true}]}}