{"id":1810,"date":"2022-03-29T11:44:59","date_gmt":"2022-03-29T09:44:59","guid":{"rendered":"https:\/\/shop.kappavu.it\/KV\/?post_type=product&#038;p=1810"},"modified":"2025-08-27T00:18:20","modified_gmt":"2025-08-26T22:18:20","slug":"cuatri-stagjons-dal-an","status":"publish","type":"product","link":"https:\/\/shop.kappavu.it\/KV\/prodotto\/cuatri-stagjons-dal-an\/","title":{"rendered":"CUATRI STAGJONS DAL AN"},"content":{"rendered":"<h4><\/h4>\n<h4>Tal cuadri modest, magari cuss\u00ec no, de leterature furlane in prose, la plui part dai aut\u00f4rs e somee che si vebi fermade tal revoc dal pass\u00e2t, disp\u00e8s cu la nostalgjie di une civilt\u00e2t dul\u00e0 che i val\u00f4rs fondament\u00e2i e condivid\u00fbts a son l\u00e2ts pierd\u00fbts par simpri. Masse voltis la realt\u00e2t storiche e ven sacrificade par d\u00e2i spazi a une mitologjie che e sglonfi la nestre bra\u00f9re, cence contradizions, miseriis fisichis e ment\u00e2ls, injustiziis. Tal stes timp, dut chest al \u00e0 flusc\u00e2t il voli viers il Fri\u00fbl di vu\u00ea, viers lis s\u00f4s dinamichis economichis e soci\u00e2ls, i moviments migratoris, lis inovazions tecnologjichis, i proc\u00e8s intercultur\u00e2i. Cuss\u00ec, no si rive a viodilu cuntune prospetive di incressite e di trasformazion dul\u00e0 che la lenghe di chenti e cjati une s\u00f4 colocazion che no vebi di mur\u00ee parie cu la disparide dal mont contadin\u2026<\/h4>\n<p>&nbsp;<\/p>\n","protected":false},"excerpt":{"rendered":"<h4><span style=\"color: #800000;\"><em>CONTIS DE DISINCRESSITE<\/em><\/span><\/h4>\n<p>&nbsp;<\/p>\n<h4>di <strong><a href=\"http:\/\/shop.kappavu.it\/KV\/autori-al\/#gianfranco-pellegrini\">GIANFRANCO PELLEGRINI<\/a><\/strong><\/h4>\n<p><strong>Lis cuatri contis princip\u00e2ls, cu lis d\u00f4s plui curtis metudis dongje, si pein a lis stagjons dal an, propit par segn\u00e2 trop che une volte a fossin un fat\u00f4r di fonde de vite, che e veve di adat\u00e2si a l\u00f4r, cuant che vu\u00ea al \u00e8 juste il contrari, jessint che al \u00e8 l\u2019om a someti lis stagjons cun tecnologjiis devastantis.<\/strong><\/p>\n<p><strong>De Introduzion di Giuseppe Mariuz \/\u00a0<em>Dall\u2019Introduzione di Giuseppe Mariuz<\/em><\/strong><\/p>\n<p><strong><em>I quattro racconti principali, unitamente a due pi\u00f9 brevi, si legano alle stagioni, a dimostrare proprio come una volta fossero queste a determinare i ritmi della vita che a loro dovevano adattarsi, anzich\u00e9 il contrario, come avviene oggi dove l\u2019uomo si adopra per controllare le stagioni attraverso tecnologie devastanti.<\/em><\/strong><\/p>\n<p>&nbsp;<\/p>\n","protected":false},"featured_media":1811,"comment_status":"open","ping_status":"closed","template":"","meta":[],"product_brand":[],"product_cat":[21,143,22],"product_tag":[254,255,313,314,1781,315,258,1784,261,316,259,260,317,318,1782,1783],"class_list":{"0":"post-1810","1":"product","2":"type-product","3":"status-publish","4":"has-post-thumbnail","6":"product_cat-friulano","7":"product_cat-gianfranco-pellegrini","8":"product_cat-la_comugne","9":"product_tag-contis","10":"product_tag-contis-curtis","11":"product_tag-contis-curtis-par-furlan","12":"product_tag-contis-de-disincressite","13":"product_tag-decrescita","14":"product_tag-gianfranco-pellegrini","15":"product_tag-la-comugne","16":"product_tag-quattro-stagioni","17":"product_tag-raccolta-di-racconti","18":"product_tag-raccolta-di-racconti-in-friulano","19":"product_tag-racconti","20":"product_tag-racconti-brevi","21":"product_tag-racconti-in-friulano","22":"product_tag-racuelte-di-contis-par-furlan","23":"product_tag-stagioni","24":"product_tag-stagjons","26":"first","27":"instock","28":"shipping-taxable","29":"purchasable","30":"product-type-simple","31":"customify-col"},"_links":{"self":[{"href":"https:\/\/shop.kappavu.it\/KV\/wp-json\/wp\/v2\/product\/1810","targetHints":{"allow":["GET"]}}],"collection":[{"href":"https:\/\/shop.kappavu.it\/KV\/wp-json\/wp\/v2\/product"}],"about":[{"href":"https:\/\/shop.kappavu.it\/KV\/wp-json\/wp\/v2\/types\/product"}],"replies":[{"embeddable":true,"href":"https:\/\/shop.kappavu.it\/KV\/wp-json\/wp\/v2\/comments?post=1810"}],"wp:featuredmedia":[{"embeddable":true,"href":"https:\/\/shop.kappavu.it\/KV\/wp-json\/wp\/v2\/media\/1811"}],"wp:attachment":[{"href":"https:\/\/shop.kappavu.it\/KV\/wp-json\/wp\/v2\/media?parent=1810"}],"wp:term":[{"taxonomy":"product_brand","embeddable":true,"href":"https:\/\/shop.kappavu.it\/KV\/wp-json\/wp\/v2\/product_brand?post=1810"},{"taxonomy":"product_cat","embeddable":true,"href":"https:\/\/shop.kappavu.it\/KV\/wp-json\/wp\/v2\/product_cat?post=1810"},{"taxonomy":"product_tag","embeddable":true,"href":"https:\/\/shop.kappavu.it\/KV\/wp-json\/wp\/v2\/product_tag?post=1810"}],"curies":[{"name":"wp","href":"https:\/\/api.w.org\/{rel}","templated":true}]}}