{"id":1802,"date":"2022-03-28T16:30:04","date_gmt":"2022-03-28T14:30:04","guid":{"rendered":"https:\/\/shop.kappavu.it\/KV\/?post_type=product&#038;p=1802"},"modified":"2023-12-04T18:55:41","modified_gmt":"2023-12-04T17:55:41","slug":"carmen-the-land-of-dances","status":"publish","type":"product","link":"https:\/\/shop.kappavu.it\/KV\/prodotto\/carmen-the-land-of-dances\/","title":{"rendered":"CARMEN The land of dances + CD"},"content":{"rendered":"<h4><\/h4>\n<h4 class=\"std\">Nel fumetto si cita parola per parola una assurda ordinanza VERA (sic!) fatta uscire a Venezia dalla giunta comunale del 1999. Carmen e don Jos\u00e8 non sono quelli della vicenda di Prosper M\u00e9rim\u00e9e, corrosi dalla gelosia e resi famosissimi dall\u2019opera di George Bizet, ma due semplici abitanti di Land of Dances. Essi danzano nell\u2019osteria del paese e si uniscono ai Red Devils: la loro vicenda d\u2019amore si svolge dentro la dignit\u00e0 della giusta rivolta. Per me non si tratta pi\u00f9 di dire con la musica cose necessariamente nuove, ma di dire delle cose, e magari insieme ad altri. I Red Devils sono musicisti che hanno fatto percorsi molto diversi (musica classica, jazz, musica popolare, blues, rock\u2026) Siamo interessati ad un\u2019Arte che testimonia e costruisce, cio\u00e8 capace di includere anima e corpo: non che arreda, n\u00e9 che si lascia facilmente consumare. Lo scopo della musica non pu\u00f2 essere che la vita, una vita intensamente umana. L\u2019uomo \u00e8 ci\u00f2 che fa: angelo o demone che sia.<\/h4>\n<h4><em>Claudio Cojaniz<\/em><\/h4>\n<p>&nbsp;<\/p>\n","protected":false},"excerpt":{"rendered":"<p>&nbsp;<\/p>\n<h4>di <strong><a href=\"http:\/\/shop.kappavu.it\/KV\/autori-al\/#guido-carrara\">GUIDO CARRARA (QUISCO)<\/a><\/strong><\/h4>\n<div class=\"\">\n<p><strong>I Diavoli Rossi furono una formazione partigiana della GAP: ag\u00ec prevalentemente nella bassa friulana tra il 1943 ed il 1945. Era comandata da Gelindo Citossi, detto il Mancino. Ad essa ed ai valori che la Resistenza Italiana da sempre esprime, l\u2019orchestra Red Devils si ispira e ne fa gioioso e forte riferimento. La vicenda narrata dai fumetti di Guido Carrara, ricorda una delle azioni pi\u00f9 rocambolesche mai compiute da tutta la resistenza: il Mancino con uno stratagemma (travest\u00ec i suoi uomini da fascisti e finse di farsi arrestare) liber\u00f2 i prigionieri del carcere di via Spalato a Udine. I Red Devils liberano il paese Land of Dances dal dittatore (anche loro usano lo stesso stratagemma per infiltrarsi e ribaltare la situazione), che vuole impedire ogni forma di musica libera, con una serie di provvedimenti coercitivi.<\/strong><\/p>\n<p><strong><em>Claudio Cojaniz<\/em><\/strong><\/p>\n<h5><span style=\"color: #800000;\"><strong>26 pagine di fumetto illustrato da Guido Carrara + CD musicale \u2013 <\/strong><\/span><strong>musiche originali di <\/strong><strong><a href=\"http:\/\/shop.kappavu.it\/KV\/autori-al\/#claudio-cojaniz\">CLAUDIO COJANIZ<\/a><\/strong><\/h5>\n<p>&nbsp;<\/p>\n<\/div>\n","protected":false},"featured_media":1803,"comment_status":"open","ping_status":"closed","template":"","meta":[],"product_brand":[],"product_cat":[15,156],"product_tag":[838,1758,1759,1764,871,1765,282,1760,1762,1763,1761],"class_list":{"0":"post-1802","1":"product","2":"type-product","3":"status-publish","4":"has-post-thumbnail","6":"product_cat-extra_collana","7":"product_cat-guido-carrara","8":"product_tag-claudio-cojaniz","9":"product_tag-cojaniz","10":"product_tag-diavoli-rossi","11":"product_tag-gelindo-citossi","12":"product_tag-guido-carrara","13":"product_tag-liberazione-delle-carceri","14":"product_tag-partigiani-friulani","15":"product_tag-quisco","16":"product_tag-red-devils","17":"product_tag-red-devils-band","18":"product_tag-romano-il-mancino","20":"first","21":"instock","22":"shipping-taxable","23":"purchasable","24":"product-type-simple","25":"customify-col"},"_links":{"self":[{"href":"https:\/\/shop.kappavu.it\/KV\/wp-json\/wp\/v2\/product\/1802","targetHints":{"allow":["GET"]}}],"collection":[{"href":"https:\/\/shop.kappavu.it\/KV\/wp-json\/wp\/v2\/product"}],"about":[{"href":"https:\/\/shop.kappavu.it\/KV\/wp-json\/wp\/v2\/types\/product"}],"replies":[{"embeddable":true,"href":"https:\/\/shop.kappavu.it\/KV\/wp-json\/wp\/v2\/comments?post=1802"}],"wp:featuredmedia":[{"embeddable":true,"href":"https:\/\/shop.kappavu.it\/KV\/wp-json\/wp\/v2\/media\/1803"}],"wp:attachment":[{"href":"https:\/\/shop.kappavu.it\/KV\/wp-json\/wp\/v2\/media?parent=1802"}],"wp:term":[{"taxonomy":"product_brand","embeddable":true,"href":"https:\/\/shop.kappavu.it\/KV\/wp-json\/wp\/v2\/product_brand?post=1802"},{"taxonomy":"product_cat","embeddable":true,"href":"https:\/\/shop.kappavu.it\/KV\/wp-json\/wp\/v2\/product_cat?post=1802"},{"taxonomy":"product_tag","embeddable":true,"href":"https:\/\/shop.kappavu.it\/KV\/wp-json\/wp\/v2\/product_tag?post=1802"}],"curies":[{"name":"wp","href":"https:\/\/api.w.org\/{rel}","templated":true}]}}