{"id":1800,"date":"2022-03-28T16:00:14","date_gmt":"2022-03-28T14:00:14","guid":{"rendered":"https:\/\/shop.kappavu.it\/KV\/?post_type=product&#038;p=1800"},"modified":"2022-05-16T23:51:51","modified_gmt":"2022-05-16T21:51:51","slug":"breviario-iracheno","status":"publish","type":"product","link":"https:\/\/shop.kappavu.it\/KV\/prodotto\/breviario-iracheno\/","title":{"rendered":"BREVIARIO IRACHENO"},"content":{"rendered":"<h4><\/h4>\n<h4>Ogni giustificazione della guerra \u2013 quale essa sia \u2013 \u00e8, per la retta ragione, inaccettabile. Il poeta \u2013 se vuole seguire questa ragione \u2013 \u00e8 ancora costretto alla indignazione, n\u00e9 serve che egli si rifaccia ad una o altra ideologia, alle diverse \u201cmorali\u201d che infestano il mondo. Basta che la sua ira si fondi sulla visione della nuda, umana individualit\u00e0; basta che il suo sdegno si nutra di giusto sospetto per l\u2019umano genere dannato, e tuttavia respinga la volont\u00e0 di sterminio e potenza dei dominatori, dei vincitori, e sia consapevole, compassionevolmente, dello sterminio assiduo, quotidiano che percorre la terra.<\/h4>\n<h4>Questo \u201cBreviario iracheno\u201d \u00e8 debitore \u2013 ovviamente \u2013 al Brecht del \u201cBreviario tedesco\u201d (\u201cDeutsche Kriegsfibel\u201d). Caduta quella ideologia in cui credette il poeta di Augusta, la lezione della sua indignazione e del suo sarcasmo permane, e soprattutto non \u00e8 tramontato quel materialistico nichilismo che qua e l\u00e0 emerge dai versi di quel poeta.<\/h4>\n<h4>\u201cGuerra \u00e8 guerra \u2013 dicono \u2013<br \/>\ned essenziale \u00e8 vincere,<br \/>\ndistinguere<br \/>\nvincitori e vinti.<br \/>\nIo vedo solo sconfitti.\u201d<\/h4>\n<h4><em>Silvio Cumpeta<\/em><\/h4>\n<p>&nbsp;<\/p>\n","protected":false},"excerpt":{"rendered":"<p>&nbsp;<\/p>\n<h4>di <strong><a href=\"http:\/\/shop.kappavu.it\/KV\/autori-mz\/#silvio-cumpeta\">SILVIO CUMPETA<\/a><\/strong><\/h4>\n<p><strong>Nella primavera del 2003 un esercito di Americani e Inglesi invase l\u2019Irak. Fu guerra breve, la seconda dopo quella cosiddetta del Golfo del 1991. Entrambe le guerre delineano con sufficiente chiarezza una volont\u00e0 di egemonia mondiale da parte dei gruppi dirigenti USA. Dovunque, nel mese di marzo, si ebbero qua, l\u00e0, nel mondo, imponenti manifestazioni di rifiuto della guerra. In citt\u00e0 e paesi d\u2019Italia comparvero bandiere di pace che ancora oggi si muovono nei deboli venti d\u2019aprile. E il poeta, nel suo gi\u00e0 lungo esilio, che deve dire? Ma deve dire? Sta ancora nella storia, o i suoi deliri, le sue stanche utopie lo hanno ormai portato oltre la storia? Alle personali, miserande paure per la salute del suo corpo egli deve ora aggiungere questa antica paura della guerra. [\u2026] Ma la guerra \u00e8 troppo spettacolare e oscena manifestazione di male perch\u00e9 anche il pi\u00f9 disincantato e quasi nichilistico spirito non ne venga scosso. [\u2026]<\/strong><\/p>\n<p>&nbsp;<\/p>\n","protected":false},"featured_media":1801,"comment_status":"open","ping_status":"closed","template":"","meta":[],"product_brand":[],"product_cat":[25,27,205],"product_tag":[1753,1752,1751,1754,380,379,1750,626,303,304,625],"class_list":{"0":"post-1800","1":"product","2":"type-product","3":"status-publish","4":"has-post-thumbnail","6":"product_cat-discanto","7":"product_cat-poesia","8":"product_cat-silvio-cumpeta","9":"product_tag-guerra-del-golfo","10":"product_tag-guerra-in-irak","11":"product_tag-guerra-in-iraq","12":"product_tag-iraq","13":"product_tag-poesie-di-autori-friulani","14":"product_tag-poesie-friulane","15":"product_tag-poesie-sulla-guerra","16":"product_tag-professor-cumpeta","17":"product_tag-raccolta-di-poesie","18":"product_tag-raccolta-di-poesie-friulane","19":"product_tag-silvio-cumpeta","21":"first","22":"instock","23":"sale","24":"shipping-taxable","25":"purchasable","26":"product-type-simple","27":"customify-col"},"_links":{"self":[{"href":"https:\/\/shop.kappavu.it\/KV\/wp-json\/wp\/v2\/product\/1800","targetHints":{"allow":["GET"]}}],"collection":[{"href":"https:\/\/shop.kappavu.it\/KV\/wp-json\/wp\/v2\/product"}],"about":[{"href":"https:\/\/shop.kappavu.it\/KV\/wp-json\/wp\/v2\/types\/product"}],"replies":[{"embeddable":true,"href":"https:\/\/shop.kappavu.it\/KV\/wp-json\/wp\/v2\/comments?post=1800"}],"wp:featuredmedia":[{"embeddable":true,"href":"https:\/\/shop.kappavu.it\/KV\/wp-json\/wp\/v2\/media\/1801"}],"wp:attachment":[{"href":"https:\/\/shop.kappavu.it\/KV\/wp-json\/wp\/v2\/media?parent=1800"}],"wp:term":[{"taxonomy":"product_brand","embeddable":true,"href":"https:\/\/shop.kappavu.it\/KV\/wp-json\/wp\/v2\/product_brand?post=1800"},{"taxonomy":"product_cat","embeddable":true,"href":"https:\/\/shop.kappavu.it\/KV\/wp-json\/wp\/v2\/product_cat?post=1800"},{"taxonomy":"product_tag","embeddable":true,"href":"https:\/\/shop.kappavu.it\/KV\/wp-json\/wp\/v2\/product_tag?post=1800"}],"curies":[{"name":"wp","href":"https:\/\/api.w.org\/{rel}","templated":true}]}}