{"id":1798,"date":"2022-03-28T15:44:58","date_gmt":"2022-03-28T13:44:58","guid":{"rendered":"https:\/\/shop.kappavu.it\/KV\/?post_type=product&#038;p=1798"},"modified":"2022-05-16T23:39:05","modified_gmt":"2022-05-16T21:39:05","slug":"anche-le-cicale-piangono","status":"publish","type":"product","link":"https:\/\/shop.kappavu.it\/KV\/prodotto\/anche-le-cicale-piangono\/","title":{"rendered":"ANCHE LE CICALE PIANGONO"},"content":{"rendered":"<h4><\/h4>\n<h4>La storia di Felice sembra assumere a tutti gli effetti l\u2019aspetto di un vero e proprio romanzo di formazione, che attraversa diverse tappe storiche cruciali: dall\u2019infanzia durante la guerra alle lotte politiche negli anni Cinquanta, dalla partenza per la Francia sino al suo rientro in Italia avvenuto nel 1976. Questa scansione in diverse fasi temporali e politiche che segna tutta la costruzione del racconto di Felice viene per\u00f2 attraversata da un unico filo conduttore: quello della sopravvivenza al sopruso, la ricerca di un mondo pi\u00f9 giusto. Il racconto della vita di Felice diviene cos\u00ec un racconto collettivo, che parla di lotte sindacali, migrazioni, rientri e spaesamenti. Un libro su quanto conquistato da chi ha lottato con impegno, ma anche su quello che, strada facendo, abbiamo perduto.<\/h4>\n<p>&nbsp;<\/p>\n","protected":false},"excerpt":{"rendered":"<h4><span style=\"color: #800000;\"><em>LA STORIA DI VITA DI FELICE TOLLON DALLE LOTTE DEL CORMOR ALL&#8217;EMIGRAZIONE IN FRANCIA<\/em><\/span><\/h4>\n<p>&nbsp;<\/p>\n<h4>di <strong><a href=\"http:\/\/shop.kappavu.it\/KV\/autori-al\/#felice-tollon\">FELICE TOLLON<\/a><\/strong><strong>\u00a0e <a href=\"http:\/\/shop.kappavu.it\/KV\/autori-al\/#irene-bolzon\">IRENE BOLZON<\/a><\/strong><\/h4>\n<div class=\"\">\n<p><strong>\u201cSono passati 60 anni da quando Felice \u00e8 partito ragazzo, con pochi soldi in tasca, per affrontare il mondo. Nonostante gli studi, le letture, le epoche, gli sconvolgimenti sociali e le diverse condizioni di partenza che ci dividono, rivedo negli occhi di quel ragazzo la mia generazione, fatta di valigie in mano e titoli di studio nel cassetto. \u00c8 la \u201cfuga dei cervelli\u201d che non fa rumore, ancora una volta per le strade del mondo, ancora una volta per dare un\u2019occasione alla speranza. A noi Felice, con le sue parole, pu\u00f2 forse insegnare quello che nessun libro ha fatto fino adesso, ossia come farcela, nonostante tutto.\u201d<\/strong><\/p>\n<p><strong><em>Irene Bolzon<\/em><\/strong><\/p>\n<\/div>\n<div><\/div>\n","protected":false},"featured_media":1799,"comment_status":"open","ping_status":"closed","template":"","meta":[],"product_brand":[],"product_cat":[23,131,132,19],"product_tag":[1746,995,1615,1616,1747,1748,1219,1415,760,1421,1422],"class_list":{"0":"post-1798","1":"product","2":"type-product","3":"status-publish","4":"has-post-thumbnail","6":"product_cat-biografie","7":"product_cat-felice-tollon","8":"product_cat-irene-bolzon","9":"product_cat-storia","10":"product_tag-cormor","11":"product_tag-emigrazione","12":"product_tag-emigrazione-friulana","13":"product_tag-emigrazione-in-francia","14":"product_tag-felice-tollon","15":"product_tag-francia","16":"product_tag-irene-bolzon","17":"product_tag-lotte-del-cormor","18":"product_tag-storia-del-friuli","19":"product_tag-storia-del-friuli-del-novecento","20":"product_tag-storia-della-bassa-friulana","22":"first","23":"instock","24":"shipping-taxable","25":"purchasable","26":"product-type-simple","27":"customify-col"},"_links":{"self":[{"href":"https:\/\/shop.kappavu.it\/KV\/wp-json\/wp\/v2\/product\/1798","targetHints":{"allow":["GET"]}}],"collection":[{"href":"https:\/\/shop.kappavu.it\/KV\/wp-json\/wp\/v2\/product"}],"about":[{"href":"https:\/\/shop.kappavu.it\/KV\/wp-json\/wp\/v2\/types\/product"}],"replies":[{"embeddable":true,"href":"https:\/\/shop.kappavu.it\/KV\/wp-json\/wp\/v2\/comments?post=1798"}],"wp:featuredmedia":[{"embeddable":true,"href":"https:\/\/shop.kappavu.it\/KV\/wp-json\/wp\/v2\/media\/1799"}],"wp:attachment":[{"href":"https:\/\/shop.kappavu.it\/KV\/wp-json\/wp\/v2\/media?parent=1798"}],"wp:term":[{"taxonomy":"product_brand","embeddable":true,"href":"https:\/\/shop.kappavu.it\/KV\/wp-json\/wp\/v2\/product_brand?post=1798"},{"taxonomy":"product_cat","embeddable":true,"href":"https:\/\/shop.kappavu.it\/KV\/wp-json\/wp\/v2\/product_cat?post=1798"},{"taxonomy":"product_tag","embeddable":true,"href":"https:\/\/shop.kappavu.it\/KV\/wp-json\/wp\/v2\/product_tag?post=1798"}],"curies":[{"name":"wp","href":"https:\/\/api.w.org\/{rel}","templated":true}]}}